{"id":557,"date":"2022-03-18T04:36:01","date_gmt":"2022-03-18T04:36:01","guid":{"rendered":"http:\/\/kiante.wowtheme7.com\/?page_id=557"},"modified":"2024-09-27T15:16:27","modified_gmt":"2024-09-27T15:16:27","slug":"despre-noi","status":"publish","type":"page","link":"https:\/\/indice.ro\/index.php\/despre-noi\/","title":{"rendered":"Despre Noi"},"content":{"rendered":"\t\t<div data-elementor-type=\"wp-page\" data-elementor-id=\"557\" class=\"elementor elementor-557\">\n\t\t\t\t\t\t<section class=\"elementor-section elementor-top-section elementor-element elementor-element-a70ccaa elementor-section-stretched elementor-section-boxed elementor-section-height-default elementor-section-height-default\" data-id=\"a70ccaa\" data-element_type=\"section\" data-settings=\"{&quot;stretch_section&quot;:&quot;section-stretched&quot;}\">\n\t\t\t\t\t\t<div class=\"elementor-container elementor-column-gap-default\">\n\t\t\t\t\t<div class=\"elementor-column elementor-col-100 elementor-top-column elementor-element elementor-element-457227e\" data-id=\"457227e\" data-element_type=\"column\">\n\t\t\t<div class=\"elementor-widget-wrap elementor-element-populated\">\n\t\t\t\t\t\t<div class=\"elementor-element elementor-element-86dd08a elementor-widget elementor-widget-image\" data-id=\"86dd08a\" data-element_type=\"widget\" data-widget_type=\"image.default\">\n\t\t\t\t<div class=\"elementor-widget-container\">\n\t\t\t\t\t\t\t\t\t\t\t\t\t<img fetchpriority=\"high\" decoding=\"async\" width=\"1920\" height=\"1280\" src=\"https:\/\/indice.ro\/wp-content\/uploads\/2022\/04\/andrew-neel-K7JEYFDictM-unsplash.jpg\" class=\"attachment-full size-full wp-image-697\" alt=\"\" srcset=\"https:\/\/indice.ro\/wp-content\/uploads\/2022\/04\/andrew-neel-K7JEYFDictM-unsplash.jpg 1920w, https:\/\/indice.ro\/wp-content\/uploads\/2022\/04\/andrew-neel-K7JEYFDictM-unsplash-300x200.jpg 300w, https:\/\/indice.ro\/wp-content\/uploads\/2022\/04\/andrew-neel-K7JEYFDictM-unsplash-1024x683.jpg 1024w, https:\/\/indice.ro\/wp-content\/uploads\/2022\/04\/andrew-neel-K7JEYFDictM-unsplash-768x512.jpg 768w, https:\/\/indice.ro\/wp-content\/uploads\/2022\/04\/andrew-neel-K7JEYFDictM-unsplash-1536x1024.jpg 1536w\" sizes=\"(max-width: 1920px) 100vw, 1920px\" \/>\t\t\t\t\t\t\t\t\t\t\t\t\t<\/div>\n\t\t\t\t<\/div>\n\t\t\t\t<div class=\"elementor-element elementor-element-e84aec9 elementor-widget elementor-widget-heading\" data-id=\"e84aec9\" data-element_type=\"widget\" data-widget_type=\"heading.default\">\n\t\t\t\t<div class=\"elementor-widget-container\">\n\t\t\t<h2 class=\"elementor-heading-title elementor-size-default\">Bine a\u021bi venit<\/h2>\t\t<\/div>\n\t\t\t\t<\/div>\n\t\t\t\t<div class=\"elementor-element elementor-element-bd90f36 elementor-widget elementor-widget-text-editor\" data-id=\"bd90f36\" data-element_type=\"widget\" data-widget_type=\"text-editor.default\">\n\t\t\t\t<div class=\"elementor-widget-container\">\n\t\t\t\t\t\t\t<p>Indice\u00a0Consulting\u00a0<span class=\"dia_suggestion w2\" contextmenu=\"true\"><span class=\"dia_suggestion w39\" contextmenu=\"true\"><span class=\"dia_suggestion w70\" contextmenu=\"true\">and<\/span><\/span><\/span>\u00a0Management\u00a0<span class=\"dia_suggestion w4\" contextmenu=\"true\"><span class=\"dia_suggestion w17\" contextmenu=\"true\">se<\/span><\/span>\u00a0<span class=\"dia_suggestion w5\" contextmenu=\"true\">define\u0219te<\/span>\u00a0<span class=\"dia_suggestion w6\" contextmenu=\"true\">c\u0103<\/span>\u00a0<span class=\"dia_suggestion w7\" contextmenu=\"true\">fiind<\/span>\u00a0o\u00a0<span class=\"dia_suggestion w9\" contextmenu=\"true\">ramur\u0103<\/span>\u00a0a\u00a0<span class=\"dia_suggestion w11\" contextmenu=\"true\">activit\u0103\u021bii<\/span>\u00a0<span class=\"dia_suggestion w12\" contextmenu=\"true\">desf\u0103\u0219urat\u0103<\/span>\u00a0de\u00a0Indice\u00a0Group,\u00a0<span class=\"dia_suggestion w16\" contextmenu=\"true\">care<\/span>\u00a0se\u00a0<span class=\"dia_suggestion w18\" contextmenu=\"true\">m\u00e2ndre\u0219te<\/span>\u00a0cu o\u00a0<span class=\"dia_suggestion w21\" contextmenu=\"true\">experien\u021b\u0103<\/span>\u00a0de\u00a033\u00a0de ani\u00a0<span class=\"dia_suggestion w25\" contextmenu=\"true\">\u00een<\/span>\u00a0domeniu,\u00a0<span class=\"dia_suggestion w27\" contextmenu=\"true\">prin<\/span>\u00a0succesul\u00a0acumulat\u00a0<span class=\"dia_suggestion w30\" contextmenu=\"true\">\u00een<\/span>\u00a0<span class=\"dia_suggestion w31\" contextmenu=\"true\">\u021b\u0103ri<\/span>\u00a0precum\u00a0Portugalia,\u00a0<span class=\"dia_suggestion w34\" contextmenu=\"true\">Spania<\/span>\u00a0<span class=\"dia_suggestion w35\" contextmenu=\"true\">\u0219i<\/span>\u00a0Polonia.<\/p><p>Indice\u00a0Consulting\u00a0<span class=\"dia_suggestion w2\" contextmenu=\"true\"><span class=\"dia_suggestion w39\" contextmenu=\"true\"><span class=\"dia_suggestion w70\" contextmenu=\"true\">and<\/span><\/span><\/span>\u00a0Management\u00a0<span class=\"dia_suggestion w25\" contextmenu=\"true\">\u00een<\/span>\u00a0<span class=\"dia_suggestion w42\" contextmenu=\"true\">Rom\u00e2nia<\/span>, are o\u00a0<span class=\"dia_suggestion w21\" contextmenu=\"true\">experien\u021b\u0103<\/span>\u00a0de\u00a0<span class=\"dia_suggestion w47\" contextmenu=\"true\">peste<\/span>\u00a013 ani,\u00a0<span class=\"dia_suggestion w49\" contextmenu=\"true\">activ\u00e2nd<\/span>\u00a0<span class=\"dia_suggestion w50\" contextmenu=\"true\">din<\/span>\u00a0anul 2009\u00a0<span class=\"dia_suggestion w30\" contextmenu=\"true\">\u00een<\/span>\u00a0gestionarea de fonduri europene,\u00a0<span class=\"dia_suggestion w57\" contextmenu=\"true\">desf\u0103\u0219urarea<\/span>\u00a0de cursuri de FPC, consiliere\u00a0<span class=\"dia_suggestion w41\" contextmenu=\"true\">\u00een<\/span>\u00a0management, consiliere\u00a0<span class=\"dia_suggestion w66\" contextmenu=\"true\">profesional\u0103<\/span>, etc.<\/p>\t\t\t\t\t\t<\/div>\n\t\t\t\t<\/div>\n\t\t\t\t<div class=\"elementor-element elementor-element-bbf233e elementor-widget elementor-widget-text-editor\" data-id=\"bbf233e\" data-element_type=\"widget\" data-widget_type=\"text-editor.default\">\n\t\t\t\t<div class=\"elementor-widget-container\">\n\t\t\t\t\t\t\t<p>Indice\u00a0Consulting\u00a0<span class=\"dia_suggestion w2\" contextmenu=\"true\"><span class=\"dia_suggestion w39\" contextmenu=\"true\"><span class=\"dia_suggestion w70\" contextmenu=\"true\">and<\/span><\/span><\/span> Management are ca scop <span class=\"dia_suggestion w76\" contextmenu=\"true\">\u00eembun\u0103t\u0103\u021birea serviciilor\u00a0<span class=\"dia_suggestion w35\" contextmenu=\"true\">\u0219i<\/span>\u00a0<span class=\"dia_suggestion w79\" contextmenu=\"true\">\u00ee\u0219i<\/span> propune <span class=\"dia_suggestion w81\" contextmenu=\"true\">s\u0103<\/span>\u00a0dezvolte\u00a0<span class=\"dia_suggestion w83\" contextmenu=\"true\">performan\u021b\u0103<\/span>\u00a0companiilor <span class=\"dia_suggestion w85\" contextmenu=\"true\"><span class=\"dia_suggestion w125\" contextmenu=\"true\"><span class=\"dia_suggestion w146\" contextmenu=\"true\">la<\/span><\/span><\/span>\u00a0<span class=\"dia_suggestion w86\" contextmenu=\"true\">mai<\/span>\u00a0<span class=\"dia_suggestion w87\" contextmenu=\"true\">multe<\/span>\u00a0niveluri:<\/span> <span class=\"dia_suggestion w89\" contextmenu=\"true\">opera\u021bional<\/span>,\u00a0financiar\u00a0<span class=\"dia_suggestion w78\" contextmenu=\"true\">\u0219i<\/span>\u00a0management strategic.<\/p><p>Succesul\u00a0companiei\u00a0este\u00a0datorat\u00a0<span class=\"dia_suggestion w98\" contextmenu=\"true\">combin\u0103rii<\/span>\u00a0expertizei\u00a0<span class=\"dia_suggestion w25\" contextmenu=\"true\">\u00een<\/span>\u00a0domeniul\u00a0resurselor\u00a0umane,\u00a0cu\u00a0utilizarea\u00a0noilor\u00a0tehnologii\u00a0<span class=\"dia_suggestion w6\" contextmenu=\"true\">c\u0103<\/span>\u00a0element de control,\u00a0monitorizare\u00a0<span class=\"dia_suggestion w113\" contextmenu=\"true\">continu\u0103<\/span>\u00a0<span class=\"dia_suggestion w35\" contextmenu=\"true\">\u0219i<\/span>\u00a0<span class=\"dia_suggestion w115\" contextmenu=\"true\">\u00eembun\u0103t\u0103\u021bire<\/span>\u00a0a\u00a0<span class=\"dia_suggestion w117\" contextmenu=\"true\">opera\u021biunilor<\/span>.<\/p><p>Misiunea\u00a0companiei\u00a0este\u00a0<span class=\"dia_suggestion w81\" contextmenu=\"true\">s\u0103<\/span>\u00a0<span class=\"dia_suggestion w122\" contextmenu=\"true\">aduc\u0103<\/span>\u00a0contributie\u00a0<span class=\"dia_suggestion w85\" contextmenu=\"true\"><span class=\"dia_suggestion w125\" contextmenu=\"true\"><span class=\"dia_suggestion w146\" contextmenu=\"true\">la<\/span><\/span><\/span>\u00a0dezvoltarea\u00a0<span class=\"dia_suggestion w127\" contextmenu=\"true\">organiza\u021biilor<\/span>,\u00a0<span class=\"dia_suggestion w128\" contextmenu=\"true\">asigur\u00e2ndu<\/span>&#8211;<span class=\"dia_suggestion w4\" contextmenu=\"true\"><span class=\"dia_suggestion w17\" contextmenu=\"true\">s<\/span><\/span><span class=\"dia_suggestion w4\" contextmenu=\"true\"><span class=\"dia_suggestion w17\" contextmenu=\"true\">e<\/span><\/span>\u00a0<span class=\"dia_suggestion w6\" contextmenu=\"true\">c\u0103<\/span>\u00a0<span class=\"dia_suggestion w132\" contextmenu=\"true\">acestea<\/span>\u00a0vor\u00a0beneficia de o\u00a0<span class=\"dia_suggestion w137\" contextmenu=\"true\">pozi\u021bie<\/span>\u00a0<span class=\"dia_suggestion w138\" contextmenu=\"true\">strategic\u0103<\/span>\u00a0pe\u00a0<span class=\"dia_suggestion w140\" contextmenu=\"true\">pia\u021b\u0103<\/span>,\u00a0<span class=\"dia_suggestion w74\" contextmenu=\"true\">c\u0103<\/span>\u00a0urmare\u00a0a\u00a0<span class=\"dia_suggestion w144\" contextmenu=\"true\">cre\u0219terii<\/span>\u00a0<span class=\"dia_suggestion w145\" contextmenu=\"true\">eficien\u021bei<\/span>\u00a0la\u00a0toate\u00a0nivelurile.\u00a0<\/p>\t\t\t\t\t\t<\/div>\n\t\t\t\t<\/div>\n\t\t\t\t<section class=\"elementor-section elementor-inner-section elementor-element elementor-element-c9bae2d elementor-section-boxed elementor-section-height-default elementor-section-height-default\" data-id=\"c9bae2d\" data-element_type=\"section\">\n\t\t\t\t\t\t<div class=\"elementor-container elementor-column-gap-default\">\n\t\t\t\t\t<div class=\"elementor-column elementor-col-50 elementor-inner-column elementor-element elementor-element-dbf8b23\" data-id=\"dbf8b23\" data-element_type=\"column\">\n\t\t\t<div class=\"elementor-widget-wrap elementor-element-populated\">\n\t\t\t\t\t\t<div class=\"elementor-element elementor-element-144a48b elementor-widget elementor-widget-image\" data-id=\"144a48b\" data-element_type=\"widget\" data-widget_type=\"image.default\">\n\t\t\t\t<div class=\"elementor-widget-container\">\n\t\t\t\t\t\t\t\t\t\t\t\t\t\t<a href=\"http:\/\/kiante.wowtheme7.com\">\n\t\t\t\t\t\t\t<img decoding=\"async\" width=\"1024\" height=\"1024\" src=\"https:\/\/indice.ro\/wp-content\/uploads\/2024\/09\/despre.webp\" class=\"attachment-full size-full wp-image-2296\" alt=\"\" srcset=\"https:\/\/indice.ro\/wp-content\/uploads\/2024\/09\/despre.webp 1024w, https:\/\/indice.ro\/wp-content\/uploads\/2024\/09\/despre-300x300.webp 300w, https:\/\/indice.ro\/wp-content\/uploads\/2024\/09\/despre-150x150.webp 150w, https:\/\/indice.ro\/wp-content\/uploads\/2024\/09\/despre-768x768.webp 768w, https:\/\/indice.ro\/wp-content\/uploads\/2024\/09\/despre-96x96.webp 96w\" sizes=\"(max-width: 1024px) 100vw, 1024px\" \/>\t\t\t\t\t\t\t\t<\/a>\n\t\t\t\t\t\t\t\t\t\t\t\t\t<\/div>\n\t\t\t\t<\/div>\n\t\t\t\t\t<\/div>\n\t\t<\/div>\n\t\t\t\t<div class=\"elementor-column elementor-col-50 elementor-inner-column elementor-element elementor-element-b4b2cb4\" data-id=\"b4b2cb4\" data-element_type=\"column\">\n\t\t\t<div class=\"elementor-widget-wrap elementor-element-populated\">\n\t\t\t\t\t\t<div class=\"elementor-element elementor-element-f3adc04 elementor-widget elementor-widget-image\" data-id=\"f3adc04\" data-element_type=\"widget\" data-widget_type=\"image.default\">\n\t\t\t\t<div class=\"elementor-widget-container\">\n\t\t\t\t\t\t\t\t\t\t\t\t\t\t<a href=\"http:\/\/kiante.wowtheme7.com\">\n\t\t\t\t\t\t\t<img decoding=\"async\" width=\"1024\" height=\"1024\" src=\"https:\/\/indice.ro\/wp-content\/uploads\/2024\/09\/despre2.webp\" class=\"attachment-full size-full wp-image-2297\" alt=\"\" srcset=\"https:\/\/indice.ro\/wp-content\/uploads\/2024\/09\/despre2.webp 1024w, https:\/\/indice.ro\/wp-content\/uploads\/2024\/09\/despre2-300x300.webp 300w, https:\/\/indice.ro\/wp-content\/uploads\/2024\/09\/despre2-150x150.webp 150w, https:\/\/indice.ro\/wp-content\/uploads\/2024\/09\/despre2-768x768.webp 768w, https:\/\/indice.ro\/wp-content\/uploads\/2024\/09\/despre2-96x96.webp 96w\" sizes=\"(max-width: 1024px) 100vw, 1024px\" \/>\t\t\t\t\t\t\t\t<\/a>\n\t\t\t\t\t\t\t\t\t\t\t\t\t<\/div>\n\t\t\t\t<\/div>\n\t\t\t\t\t<\/div>\n\t\t<\/div>\n\t\t\t\t\t<\/div>\n\t\t<\/section>\n\t\t\t\t\t<\/div>\n\t\t<\/div>\n\t\t\t\t\t<\/div>\n\t\t<\/section>\n\t\t\t\t<\/div>\n\t\t","protected":false},"excerpt":{"rendered":"<p>Bine a\u021bi venit Indice\u00a0Consulting\u00a0and\u00a0Management\u00a0se\u00a0define\u0219te\u00a0c\u0103\u00a0fiind\u00a0o\u00a0ramur\u0103\u00a0a\u00a0activit\u0103\u021bii\u00a0desf\u0103\u0219urat\u0103\u00a0de\u00a0Indice\u00a0Group,\u00a0care\u00a0se\u00a0m\u00e2ndre\u0219te\u00a0cu o\u00a0experien\u021b\u0103\u00a0de\u00a033\u00a0de ani\u00a0\u00een\u00a0domeniu,\u00a0prin\u00a0succesul\u00a0acumulat\u00a0\u00een\u00a0\u021b\u0103ri\u00a0precum\u00a0Portugalia,\u00a0Spania\u00a0\u0219i\u00a0Polonia. Indice\u00a0Consulting\u00a0and\u00a0Management\u00a0\u00een\u00a0Rom\u00e2nia, are o\u00a0experien\u021b\u0103\u00a0de\u00a0peste\u00a013 ani,\u00a0activ\u00e2nd\u00a0din\u00a0anul 2009\u00a0\u00een\u00a0gestionarea de fonduri europene,\u00a0desf\u0103\u0219urarea\u00a0de cursuri de FPC, consiliere\u00a0\u00een\u00a0management, consiliere\u00a0profesional\u0103, etc. Indice\u00a0Consulting\u00a0and Management are ca scop \u00eembun\u0103t\u0103\u021birea serviciilor\u00a0\u0219i\u00a0\u00ee\u0219i propune s\u0103\u00a0dezvolte\u00a0performan\u021b\u0103\u00a0companiilor la\u00a0mai\u00a0multe\u00a0niveluri: opera\u021bional,\u00a0financiar\u00a0\u0219i\u00a0management strategic. Succesul\u00a0companiei\u00a0este\u00a0datorat\u00a0combin\u0103rii\u00a0expertizei\u00a0\u00een\u00a0domeniul\u00a0resurselor\u00a0umane,\u00a0cu\u00a0utilizarea\u00a0noilor\u00a0tehnologii\u00a0c\u0103\u00a0element de control,\u00a0monitorizare\u00a0continu\u0103\u00a0\u0219i\u00a0\u00eembun\u0103t\u0103\u021bire\u00a0a\u00a0opera\u021biunilor. Misiunea\u00a0companiei\u00a0este\u00a0s\u0103\u00a0aduc\u0103\u00a0contributie\u00a0la\u00a0dezvoltarea\u00a0organiza\u021biilor,\u00a0asigur\u00e2ndu-se\u00a0c\u0103\u00a0acestea\u00a0vor\u00a0beneficia de o\u00a0pozi\u021bie\u00a0strategic\u0103\u00a0pe\u00a0pia\u021b\u0103,\u00a0c\u0103\u00a0urmare\u00a0a\u00a0cre\u0219terii\u00a0eficien\u021bei\u00a0la\u00a0toate\u00a0nivelurile.<\/p>\n","protected":false},"author":1,"featured_media":0,"parent":0,"menu_order":0,"comment_status":"closed","ping_status":"closed","template":"","meta":{"gutenify_custom_css":"","gutenify_custom_css_data":"","footnotes":""},"class_list":["post-557","page","type-page","status-publish","hentry"],"yoast_head":"<!-- This site is optimized with the Yoast SEO plugin v23.5 - https:\/\/yoast.com\/wordpress\/plugins\/seo\/ -->\n<title>Despre Noi - Indice Consulting<\/title>\n<meta name=\"robots\" content=\"index, follow, max-snippet:-1, max-image-preview:large, max-video-preview:-1\" \/>\n<link rel=\"canonical\" href=\"https:\/\/indice.ro\/index.php\/despre-noi\/\" \/>\n<meta property=\"og:locale\" content=\"en_US\" \/>\n<meta property=\"og:type\" content=\"article\" \/>\n<meta property=\"og:title\" content=\"Despre Noi - Indice Consulting\" \/>\n<meta property=\"og:description\" content=\"Bine a\u021bi venit Indice\u00a0Consulting\u00a0and\u00a0Management\u00a0se\u00a0define\u0219te\u00a0c\u0103\u00a0fiind\u00a0o\u00a0ramur\u0103\u00a0a\u00a0activit\u0103\u021bii\u00a0desf\u0103\u0219urat\u0103\u00a0de\u00a0Indice\u00a0Group,\u00a0care\u00a0se\u00a0m\u00e2ndre\u0219te\u00a0cu o\u00a0experien\u021b\u0103\u00a0de\u00a033\u00a0de ani\u00a0\u00een\u00a0domeniu,\u00a0prin\u00a0succesul\u00a0acumulat\u00a0\u00een\u00a0\u021b\u0103ri\u00a0precum\u00a0Portugalia,\u00a0Spania\u00a0\u0219i\u00a0Polonia. Indice\u00a0Consulting\u00a0and\u00a0Management\u00a0\u00een\u00a0Rom\u00e2nia, are o\u00a0experien\u021b\u0103\u00a0de\u00a0peste\u00a013 ani,\u00a0activ\u00e2nd\u00a0din\u00a0anul 2009\u00a0\u00een\u00a0gestionarea de fonduri europene,\u00a0desf\u0103\u0219urarea\u00a0de cursuri de FPC, consiliere\u00a0\u00een\u00a0management, consiliere\u00a0profesional\u0103, etc. Indice\u00a0Consulting\u00a0and Management are ca scop \u00eembun\u0103t\u0103\u021birea serviciilor\u00a0\u0219i\u00a0\u00ee\u0219i propune s\u0103\u00a0dezvolte\u00a0performan\u021b\u0103\u00a0companiilor la\u00a0mai\u00a0multe\u00a0niveluri: opera\u021bional,\u00a0financiar\u00a0\u0219i\u00a0management strategic. Succesul\u00a0companiei\u00a0este\u00a0datorat\u00a0combin\u0103rii\u00a0expertizei\u00a0\u00een\u00a0domeniul\u00a0resurselor\u00a0umane,\u00a0cu\u00a0utilizarea\u00a0noilor\u00a0tehnologii\u00a0c\u0103\u00a0element de control,\u00a0monitorizare\u00a0continu\u0103\u00a0\u0219i\u00a0\u00eembun\u0103t\u0103\u021bire\u00a0a\u00a0opera\u021biunilor. Misiunea\u00a0companiei\u00a0este\u00a0s\u0103\u00a0aduc\u0103\u00a0contributie\u00a0la\u00a0dezvoltarea\u00a0organiza\u021biilor,\u00a0asigur\u00e2ndu-se\u00a0c\u0103\u00a0acestea\u00a0vor\u00a0beneficia de o\u00a0pozi\u021bie\u00a0strategic\u0103\u00a0pe\u00a0pia\u021b\u0103,\u00a0c\u0103\u00a0urmare\u00a0a\u00a0cre\u0219terii\u00a0eficien\u021bei\u00a0la\u00a0toate\u00a0nivelurile.\" \/>\n<meta property=\"og:url\" content=\"https:\/\/indice.ro\/index.php\/despre-noi\/\" \/>\n<meta property=\"og:site_name\" content=\"Indice Consulting\" \/>\n<meta property=\"article:modified_time\" content=\"2024-09-27T15:16:27+00:00\" \/>\n<meta property=\"og:image\" content=\"https:\/\/indice.ro\/wp-content\/uploads\/2022\/04\/andrew-neel-K7JEYFDictM-unsplash.jpg\" \/>\n<meta name=\"twitter:card\" content=\"summary_large_image\" \/>\n<meta name=\"twitter:label1\" content=\"Est. reading time\" \/>\n\t<meta name=\"twitter:data1\" content=\"2 minutes\" \/>\n<script type=\"application\/ld+json\" class=\"yoast-schema-graph\">{\"@context\":\"https:\/\/schema.org\",\"@graph\":[{\"@type\":\"WebPage\",\"@id\":\"https:\/\/indice.ro\/index.php\/despre-noi\/\",\"url\":\"https:\/\/indice.ro\/index.php\/despre-noi\/\",\"name\":\"Despre Noi - Indice Consulting\",\"isPartOf\":{\"@id\":\"https:\/\/indice.ro\/#website\"},\"primaryImageOfPage\":{\"@id\":\"https:\/\/indice.ro\/index.php\/despre-noi\/#primaryimage\"},\"image\":{\"@id\":\"https:\/\/indice.ro\/index.php\/despre-noi\/#primaryimage\"},\"thumbnailUrl\":\"https:\/\/indice.ro\/wp-content\/uploads\/2022\/04\/andrew-neel-K7JEYFDictM-unsplash.jpg\",\"datePublished\":\"2022-03-18T04:36:01+00:00\",\"dateModified\":\"2024-09-27T15:16:27+00:00\",\"breadcrumb\":{\"@id\":\"https:\/\/indice.ro\/index.php\/despre-noi\/#breadcrumb\"},\"inLanguage\":\"en-US\",\"potentialAction\":[{\"@type\":\"ReadAction\",\"target\":[\"https:\/\/indice.ro\/index.php\/despre-noi\/\"]}]},{\"@type\":\"ImageObject\",\"inLanguage\":\"en-US\",\"@id\":\"https:\/\/indice.ro\/index.php\/despre-noi\/#primaryimage\",\"url\":\"https:\/\/indice.ro\/wp-content\/uploads\/2022\/04\/andrew-neel-K7JEYFDictM-unsplash.jpg\",\"contentUrl\":\"https:\/\/indice.ro\/wp-content\/uploads\/2022\/04\/andrew-neel-K7JEYFDictM-unsplash.jpg\",\"width\":1920,\"height\":1280},{\"@type\":\"BreadcrumbList\",\"@id\":\"https:\/\/indice.ro\/index.php\/despre-noi\/#breadcrumb\",\"itemListElement\":[{\"@type\":\"ListItem\",\"position\":1,\"name\":\"Home\",\"item\":\"https:\/\/indice.ro\/\"},{\"@type\":\"ListItem\",\"position\":2,\"name\":\"Despre Noi\"}]},{\"@type\":\"WebSite\",\"@id\":\"https:\/\/indice.ro\/#website\",\"url\":\"https:\/\/indice.ro\/\",\"name\":\"Indice Consulting\",\"description\":\"\",\"publisher\":{\"@id\":\"https:\/\/indice.ro\/#organization\"},\"potentialAction\":[{\"@type\":\"SearchAction\",\"target\":{\"@type\":\"EntryPoint\",\"urlTemplate\":\"https:\/\/indice.ro\/?s={search_term_string}\"},\"query-input\":{\"@type\":\"PropertyValueSpecification\",\"valueRequired\":true,\"valueName\":\"search_term_string\"}}],\"inLanguage\":\"en-US\"},{\"@type\":\"Organization\",\"@id\":\"https:\/\/indice.ro\/#organization\",\"name\":\"Indice Consulting\",\"url\":\"https:\/\/indice.ro\/\",\"logo\":{\"@type\":\"ImageObject\",\"inLanguage\":\"en-US\",\"@id\":\"https:\/\/indice.ro\/#\/schema\/logo\/image\/\",\"url\":\"https:\/\/indice.ro\/wp-content\/uploads\/2024\/09\/logo.jpg\",\"contentUrl\":\"https:\/\/indice.ro\/wp-content\/uploads\/2024\/09\/logo.jpg\",\"width\":219,\"height\":116,\"caption\":\"Indice Consulting\"},\"image\":{\"@id\":\"https:\/\/indice.ro\/#\/schema\/logo\/image\/\"}}]}<\/script>\n<!-- \/ Yoast SEO plugin. -->","yoast_head_json":{"title":"Despre Noi - Indice Consulting","robots":{"index":"index","follow":"follow","max-snippet":"max-snippet:-1","max-image-preview":"max-image-preview:large","max-video-preview":"max-video-preview:-1"},"canonical":"https:\/\/indice.ro\/index.php\/despre-noi\/","og_locale":"en_US","og_type":"article","og_title":"Despre Noi - Indice Consulting","og_description":"Bine a\u021bi venit Indice\u00a0Consulting\u00a0and\u00a0Management\u00a0se\u00a0define\u0219te\u00a0c\u0103\u00a0fiind\u00a0o\u00a0ramur\u0103\u00a0a\u00a0activit\u0103\u021bii\u00a0desf\u0103\u0219urat\u0103\u00a0de\u00a0Indice\u00a0Group,\u00a0care\u00a0se\u00a0m\u00e2ndre\u0219te\u00a0cu o\u00a0experien\u021b\u0103\u00a0de\u00a033\u00a0de ani\u00a0\u00een\u00a0domeniu,\u00a0prin\u00a0succesul\u00a0acumulat\u00a0\u00een\u00a0\u021b\u0103ri\u00a0precum\u00a0Portugalia,\u00a0Spania\u00a0\u0219i\u00a0Polonia. Indice\u00a0Consulting\u00a0and\u00a0Management\u00a0\u00een\u00a0Rom\u00e2nia, are o\u00a0experien\u021b\u0103\u00a0de\u00a0peste\u00a013 ani,\u00a0activ\u00e2nd\u00a0din\u00a0anul 2009\u00a0\u00een\u00a0gestionarea de fonduri europene,\u00a0desf\u0103\u0219urarea\u00a0de cursuri de FPC, consiliere\u00a0\u00een\u00a0management, consiliere\u00a0profesional\u0103, etc. Indice\u00a0Consulting\u00a0and Management are ca scop \u00eembun\u0103t\u0103\u021birea serviciilor\u00a0\u0219i\u00a0\u00ee\u0219i propune s\u0103\u00a0dezvolte\u00a0performan\u021b\u0103\u00a0companiilor la\u00a0mai\u00a0multe\u00a0niveluri: opera\u021bional,\u00a0financiar\u00a0\u0219i\u00a0management strategic. Succesul\u00a0companiei\u00a0este\u00a0datorat\u00a0combin\u0103rii\u00a0expertizei\u00a0\u00een\u00a0domeniul\u00a0resurselor\u00a0umane,\u00a0cu\u00a0utilizarea\u00a0noilor\u00a0tehnologii\u00a0c\u0103\u00a0element de control,\u00a0monitorizare\u00a0continu\u0103\u00a0\u0219i\u00a0\u00eembun\u0103t\u0103\u021bire\u00a0a\u00a0opera\u021biunilor. Misiunea\u00a0companiei\u00a0este\u00a0s\u0103\u00a0aduc\u0103\u00a0contributie\u00a0la\u00a0dezvoltarea\u00a0organiza\u021biilor,\u00a0asigur\u00e2ndu-se\u00a0c\u0103\u00a0acestea\u00a0vor\u00a0beneficia de o\u00a0pozi\u021bie\u00a0strategic\u0103\u00a0pe\u00a0pia\u021b\u0103,\u00a0c\u0103\u00a0urmare\u00a0a\u00a0cre\u0219terii\u00a0eficien\u021bei\u00a0la\u00a0toate\u00a0nivelurile.","og_url":"https:\/\/indice.ro\/index.php\/despre-noi\/","og_site_name":"Indice Consulting","article_modified_time":"2024-09-27T15:16:27+00:00","og_image":[{"url":"https:\/\/indice.ro\/wp-content\/uploads\/2022\/04\/andrew-neel-K7JEYFDictM-unsplash.jpg"}],"twitter_card":"summary_large_image","twitter_misc":{"Est. reading time":"2 minutes"},"schema":{"@context":"https:\/\/schema.org","@graph":[{"@type":"WebPage","@id":"https:\/\/indice.ro\/index.php\/despre-noi\/","url":"https:\/\/indice.ro\/index.php\/despre-noi\/","name":"Despre Noi - Indice Consulting","isPartOf":{"@id":"https:\/\/indice.ro\/#website"},"primaryImageOfPage":{"@id":"https:\/\/indice.ro\/index.php\/despre-noi\/#primaryimage"},"image":{"@id":"https:\/\/indice.ro\/index.php\/despre-noi\/#primaryimage"},"thumbnailUrl":"https:\/\/indice.ro\/wp-content\/uploads\/2022\/04\/andrew-neel-K7JEYFDictM-unsplash.jpg","datePublished":"2022-03-18T04:36:01+00:00","dateModified":"2024-09-27T15:16:27+00:00","breadcrumb":{"@id":"https:\/\/indice.ro\/index.php\/despre-noi\/#breadcrumb"},"inLanguage":"en-US","potentialAction":[{"@type":"ReadAction","target":["https:\/\/indice.ro\/index.php\/despre-noi\/"]}]},{"@type":"ImageObject","inLanguage":"en-US","@id":"https:\/\/indice.ro\/index.php\/despre-noi\/#primaryimage","url":"https:\/\/indice.ro\/wp-content\/uploads\/2022\/04\/andrew-neel-K7JEYFDictM-unsplash.jpg","contentUrl":"https:\/\/indice.ro\/wp-content\/uploads\/2022\/04\/andrew-neel-K7JEYFDictM-unsplash.jpg","width":1920,"height":1280},{"@type":"BreadcrumbList","@id":"https:\/\/indice.ro\/index.php\/despre-noi\/#breadcrumb","itemListElement":[{"@type":"ListItem","position":1,"name":"Home","item":"https:\/\/indice.ro\/"},{"@type":"ListItem","position":2,"name":"Despre Noi"}]},{"@type":"WebSite","@id":"https:\/\/indice.ro\/#website","url":"https:\/\/indice.ro\/","name":"Indice Consulting","description":"","publisher":{"@id":"https:\/\/indice.ro\/#organization"},"potentialAction":[{"@type":"SearchAction","target":{"@type":"EntryPoint","urlTemplate":"https:\/\/indice.ro\/?s={search_term_string}"},"query-input":{"@type":"PropertyValueSpecification","valueRequired":true,"valueName":"search_term_string"}}],"inLanguage":"en-US"},{"@type":"Organization","@id":"https:\/\/indice.ro\/#organization","name":"Indice Consulting","url":"https:\/\/indice.ro\/","logo":{"@type":"ImageObject","inLanguage":"en-US","@id":"https:\/\/indice.ro\/#\/schema\/logo\/image\/","url":"https:\/\/indice.ro\/wp-content\/uploads\/2024\/09\/logo.jpg","contentUrl":"https:\/\/indice.ro\/wp-content\/uploads\/2024\/09\/logo.jpg","width":219,"height":116,"caption":"Indice Consulting"},"image":{"@id":"https:\/\/indice.ro\/#\/schema\/logo\/image\/"}}]}},"_links":{"self":[{"href":"https:\/\/indice.ro\/index.php\/wp-json\/wp\/v2\/pages\/557","targetHints":{"allow":["GET"]}}],"collection":[{"href":"https:\/\/indice.ro\/index.php\/wp-json\/wp\/v2\/pages"}],"about":[{"href":"https:\/\/indice.ro\/index.php\/wp-json\/wp\/v2\/types\/page"}],"author":[{"embeddable":true,"href":"https:\/\/indice.ro\/index.php\/wp-json\/wp\/v2\/users\/1"}],"replies":[{"embeddable":true,"href":"https:\/\/indice.ro\/index.php\/wp-json\/wp\/v2\/comments?post=557"}],"version-history":[{"count":6,"href":"https:\/\/indice.ro\/index.php\/wp-json\/wp\/v2\/pages\/557\/revisions"}],"predecessor-version":[{"id":2305,"href":"https:\/\/indice.ro\/index.php\/wp-json\/wp\/v2\/pages\/557\/revisions\/2305"}],"wp:attachment":[{"href":"https:\/\/indice.ro\/index.php\/wp-json\/wp\/v2\/media?parent=557"}],"curies":[{"name":"wp","href":"https:\/\/api.w.org\/{rel}","templated":true}]}}