{"id":2747,"date":"2026-01-09T12:01:50","date_gmt":"2026-01-09T12:01:50","guid":{"rendered":"https:\/\/indice.ro\/?page_id=2747"},"modified":"2026-01-09T12:01:51","modified_gmt":"2026-01-09T12:01:51","slug":"dezvoltarea-durabila-ce-inseamna-si-cum-ne-priveste-pe-toti","status":"publish","type":"page","link":"https:\/\/indice.ro\/index.php\/dezvoltarea-durabila-ce-inseamna-si-cum-ne-priveste-pe-toti\/","title":{"rendered":"Dezvoltarea durabil\u0103 \u2013 ce \u00eenseamn\u0103 \u0219i cum ne prive\u0219te pe to\u021bi"},"content":{"rendered":"\n<p class=\"gutenify-section-d849ecf0-ed52-11f0-85c2-758eef10d3ad\"><\/p>\n\n\n\n<figure class=\"wp-block-image size-full gutenify-section-f37e4d00-ed51-11f0-85c2-758eef10d3ad\"><img fetchpriority=\"high\" decoding=\"async\" width=\"946\" height=\"112\" src=\"https:\/\/indice.ro\/wp-content\/uploads\/2026\/01\/image.png\" alt=\"\" class=\"wp-image-2748\" srcset=\"https:\/\/indice.ro\/wp-content\/uploads\/2026\/01\/image.png 946w, https:\/\/indice.ro\/wp-content\/uploads\/2026\/01\/image-300x36.png 300w, https:\/\/indice.ro\/wp-content\/uploads\/2026\/01\/image-768x91.png 768w\" sizes=\"(max-width: 946px) 100vw, 946px\" \/><\/figure>\n\n\n\n<p class=\"gutenify-section-f38021c0-ed51-11f0-85c2-758eef10d3ad\">\u00centr-un context global marcat de schimb\u0103ri climatice, presiune asupra resurselor naturale \u0219i dezechilibre sociale, dezvoltarea durabil\u0103 a devenit o prioritate esen\u021bial\u0103. Nu este un concept abstract sau rezervat institu\u021biilor, ci un mod de a g\u00e2ndi \u0219i de a ac\u021biona care ne prive\u0219te pe fiecare dintre noi.<\/p>\n\n\n\n<figure class=\"wp-block-image size-full gutenify-section-1b7c0860-ed52-11f0-85c2-758eef10d3ad\"><img decoding=\"async\" width=\"487\" height=\"335\" src=\"https:\/\/indice.ro\/wp-content\/uploads\/2026\/01\/image-1.png\" alt=\"\" class=\"wp-image-2749\" srcset=\"https:\/\/indice.ro\/wp-content\/uploads\/2026\/01\/image-1.png 487w, https:\/\/indice.ro\/wp-content\/uploads\/2026\/01\/image-1-300x206.png 300w\" sizes=\"(max-width: 487px) 100vw, 487px\" \/><\/figure>\n\n\n\n<p class=\"gutenify-section-1b7d8f00-ed52-11f0-85c2-758eef10d3ad\"><\/p>\n\n\n\n<p class=\"gutenify-section-09425a50-ed52-11f0-85c2-758eef10d3ad\"><strong>Ce este dezvoltarea durabil\u0103?<\/strong><\/p>\n\n\n\n<p class=\"gutenify-section-0942a870-ed52-11f0-85c2-758eef10d3ad\">Dezvoltarea durabil\u0103 presupune satisfacerea nevoilor actuale ale societ\u0103\u021bii f\u0103r\u0103 a compromite capacitatea genera\u021biilor viitoare de a-\u0219i satisface propriile nevoi. Aceasta se bazeaz\u0103 pe trei piloni fundamentali:<\/p>\n\n\n\n<ul class=\"wp-block-list gutenify-section-0944f260-ed52-11f0-85c2-758eef10d3ad\">\n<li class=\"gutenify-section-0943b9e0-ed52-11f0-85c2-758eef10d3ad\">protec\u021bia mediului,<\/li>\n\n\n\n<li class=\"gutenify-section-09442f10-ed52-11f0-85c2-758eef10d3ad\">dezvoltarea economic\u0103 responsabil\u0103,<\/li>\n\n\n\n<li class=\"gutenify-section-0944a440-ed52-11f0-85c2-758eef10d3ad\">echitatea social\u0103.<\/li>\n<\/ul>\n\n\n\n<p class=\"gutenify-section-09454080-ed52-11f0-85c2-758eef10d3ad\">\u00cen Rom\u00e2nia, aceste principii sunt integrate \u00een Strategia Na\u021bional\u0103 pentru Dezvoltare Durabil\u0103 a Rom\u00e2niei 2030, document care aliniaz\u0103 \u021bara noastr\u0103 la Obiectivele de Dezvoltare Durabil\u0103 stabilite la nivel interna\u021bional.<\/p>\n\n\n\n<p class=\"gutenify-section-09458ea0-ed52-11f0-85c2-758eef10d3ad\"><strong>De ce sunt importante tematicile de mediu \u0219i sustenabilitate?<\/strong><\/p>\n\n\n\n<p class=\"gutenify-section-09467900-ed52-11f0-85c2-758eef10d3ad\">Mediul \u00eenconjur\u0103tor este direct influen\u021bat de alegerile noastre zilnice: ce consum\u0103m, c\u00e2t risipim, cum folosim resursele \u0219i ce tip de produse alegem. Probleme precum poluarea, schimb\u0103rile climatice sau pierderea biodiversit\u0103\u021bii nu sunt \u00eendep\u0103rtate, ci au efecte directe asupra s\u0103n\u0103t\u0103\u021bii, economiei \u0219i calit\u0103\u021bii vie\u021bii.<\/p>\n\n\n\n<p class=\"gutenify-section-0946c720-ed52-11f0-85c2-758eef10d3ad\">Prin informare corect\u0103 \u0219i prin adoptarea unor comportamente responsabile, fiecare persoan\u0103 poate contribui la reducerea impactului negativ asupra mediului.<\/p>\n\n\n\n<p class=\"gutenify-section-09471540-ed52-11f0-85c2-758eef10d3ad\"><strong>Consumul durabil \u2013 un pas simplu cu impact mare<\/strong><\/p>\n\n\n\n<p class=\"gutenify-section-09476360-ed52-11f0-85c2-758eef10d3ad\">Consumul durabil \u00eenseamn\u0103 s\u0103 alegem produse \u0219i servicii care:<\/p>\n\n\n\n<ul class=\"wp-block-list gutenify-section-09491110-ed52-11f0-85c2-758eef10d3ad\">\n<li class=\"gutenify-section-0947b180-ed52-11f0-85c2-758eef10d3ad\">utilizeaz\u0103 eficient resursele,<\/li>\n\n\n\n<li class=\"gutenify-section-0947ffa0-ed52-11f0-85c2-758eef10d3ad\">au un impact redus asupra mediului,<\/li>\n\n\n\n<li class=\"gutenify-section-09484dc0-ed52-11f0-85c2-758eef10d3ad\">sunt durabile \u0219i pot fi refolosite sau reciclate,<\/li>\n\n\n\n<li class=\"gutenify-section-09489be0-ed52-11f0-85c2-758eef10d3ad\">provin din surse responsabile.<\/li>\n<\/ul>\n\n\n\n<p class=\"gutenify-section-09495f30-ed52-11f0-85c2-758eef10d3ad\">Exemple de practici de consum durabile:<\/p>\n\n\n\n<ul class=\"wp-block-list gutenify-section-094b0ce0-ed52-11f0-85c2-758eef10d3ad\">\n<li class=\"gutenify-section-09498640-ed52-11f0-85c2-758eef10d3ad\">reducerea risipei alimentare,<\/li>\n\n\n\n<li class=\"gutenify-section-0949d460-ed52-11f0-85c2-758eef10d3ad\">folosirea produselor reutilizabile \u00een locul celor de unic\u0103 folosin\u021b\u0103,<\/li>\n\n\n\n<li class=\"gutenify-section-094a2280-ed52-11f0-85c2-758eef10d3ad\">economisirea energiei \u0219i a apei,<\/li>\n\n\n\n<li class=\"gutenify-section-094a70a0-ed52-11f0-85c2-758eef10d3ad\">alegerea produselor locale \u0219i de sezon,<\/li>\n\n\n\n<li class=\"gutenify-section-094abec0-ed52-11f0-85c2-758eef10d3ad\">colectarea selectiv\u0103 a de\u0219eurilor.<\/li>\n<\/ul>\n\n\n\n<p class=\"gutenify-section-094b5b00-ed52-11f0-85c2-758eef10d3ad\">Aceste gesturi simple, aplicate constant, pot avea un impact semnificativ pe termen lung.<\/p>\n\n\n\n<p class=\"gutenify-section-094bd030-ed52-11f0-85c2-758eef10d3ad\"><strong>Rolul inform\u0103rii \u0219i al educa\u021biei pentru dezvoltare durabil\u0103<\/strong><\/p>\n\n\n\n<p class=\"gutenify-section-094c1e50-ed52-11f0-85c2-758eef10d3ad\">Accesul la informa\u021bii clare \u0219i corecte este esen\u021bial pentru a putea face alegeri responsabile. Publicarea de materiale online dedicate mediului, sustenabilit\u0103\u021bii \u0219i dezvolt\u0103rii durabile are rolul de a:<\/p>\n\n\n\n<ul class=\"wp-block-list gutenify-section-094d7de0-ed52-11f0-85c2-758eef10d3ad\">\n<li class=\"gutenify-section-094c9380-ed52-11f0-85c2-758eef10d3ad\">cre\u0219te nivelul de con\u0219tientizare,<\/li>\n\n\n\n<li class=\"gutenify-section-094cba90-ed52-11f0-85c2-758eef10d3ad\">oferi solu\u021bii practice \u0219i u\u0219or de aplicat,<\/li>\n\n\n\n<li class=\"gutenify-section-094d08b0-ed52-11f0-85c2-758eef10d3ad\">sprijini schimbarea comportamentelor de consum,<\/li>\n\n\n\n<li class=\"gutenify-section-094d56d0-ed52-11f0-85c2-758eef10d3ad\">\u00eencuraja implicarea activ\u0103 a comunit\u0103\u021bii.<\/li>\n<\/ul>\n\n\n\n<p class=\"gutenify-section-094dcc00-ed52-11f0-85c2-758eef10d3ad\">Prin abordarea constant\u0103 a acestor subiecte, contribuim la sprijinirea obiectivelor Strategiei Na\u021bionale pentru Dezvoltare Durabil\u0103 a Rom\u00e2niei 2030 \u0219i la construirea unei societ\u0103\u021bi mai responsabile \u0219i mai bine informate.<\/p>\n\n\n\n<p class=\"gutenify-section-094e4130-ed52-11f0-85c2-758eef10d3ad\"><strong>Contextul realiz\u0103rii acestui material<\/strong><\/p>\n\n\n\n<p class=\"gutenify-section-094e6840-ed52-11f0-85c2-758eef10d3ad\">Acest articol este realizat \u00een cadrul proiectului <strong>\u201eAvans \u00een Carier\u0103: Promovarea \u00eenv\u0103\u021b\u0103rii pe tot parcursul vie\u021bii\u201d \u2013 cod SMIS 313175<\/strong>, proiect care sus\u021bine dezvoltarea competen\u021belor, informarea continu\u0103 \u0219i adaptarea la cerin\u021bele actuale ale societ\u0103\u021bii, inclusiv prin promovarea principiilor dezvolt\u0103rii durabile.<\/p>\n\n\n\n<p class=\"gutenify-section-094edd70-ed52-11f0-85c2-758eef10d3ad\"><strong>Ce putem face fiecare dintre noi?<\/strong><\/p>\n\n\n\n<p class=\"gutenify-section-094f52a0-ed52-11f0-85c2-758eef10d3ad\">Dezvoltarea durabil\u0103 \u00eencepe cu pa\u0219i mici:<\/p>\n\n\n\n<ul class=\"wp-block-list gutenify-section-09512760-ed52-11f0-85c2-758eef10d3ad\">\n<li class=\"gutenify-section-094fa0c0-ed52-11f0-85c2-758eef10d3ad\">informare continu\u0103,<\/li>\n\n\n\n<li class=\"gutenify-section-095015f0-ed52-11f0-85c2-758eef10d3ad\">alegeri con\u0219tiente,<\/li>\n\n\n\n<li class=\"gutenify-section-09506410-ed52-11f0-85c2-758eef10d3ad\">responsabilitate fa\u021b\u0103 de mediu \u0219i comunitate,<\/li>\n\n\n\n<li class=\"gutenify-section-0950d940-ed52-11f0-85c2-758eef10d3ad\">transmiterea valorilor sustenabile c\u0103tre genera\u021biile tinere.<\/li>\n<\/ul>\n\n\n\n<p class=\"gutenify-section-09519c90-ed52-11f0-85c2-758eef10d3ad\">Fiecare decizie conteaz\u0103, iar schimbarea \u00eencepe de la nivel individual. \u00cempreun\u0103, prin informare \u0219i ac\u021biuni responsabile, putem contribui la un viitor mai sigur, mai echilibrat \u0219i mai sustenabil.<\/p>\n\n\n\n<p class=\"gutenify-section-3d0a45f0-ed52-11f0-85c2-758eef10d3ad\"><em>\u201dProiect cofinan\u021bat de Uniunea European\u0103 din Fondul Social European+ prin Programul Educa\u021bie \u0219i Ocupare 2021-2027\u201d<\/em><\/p>\n\n\n\n<p class=\"gutenify-section-41a74db0-ed52-11f0-85c2-758eef10d3ad\"><\/p>\n","protected":false},"excerpt":{"rendered":"<p>\u00centr-un context global marcat de schimb\u0103ri climatice, presiune asupra resurselor naturale \u0219i dezechilibre sociale, dezvoltarea durabil\u0103 a devenit o prioritate esen\u021bial\u0103. Nu este un concept abstract sau rezervat institu\u021biilor, ci un mod de a g\u00e2ndi \u0219i de a ac\u021biona care ne prive\u0219te pe fiecare dintre noi. Ce este dezvoltarea durabil\u0103? Dezvoltarea durabil\u0103 presupune satisfacerea nevoilor [&hellip;]<\/p>\n","protected":false},"author":1,"featured_media":0,"parent":0,"menu_order":0,"comment_status":"closed","ping_status":"closed","template":"","meta":{"gutenify_custom_css":"","gutenify_custom_css_data":"","footnotes":""},"class_list":["post-2747","page","type-page","status-publish","hentry"],"yoast_head":"<!-- This site is optimized with the Yoast SEO plugin v23.5 - https:\/\/yoast.com\/wordpress\/plugins\/seo\/ -->\n<title>Dezvoltarea durabil\u0103 \u2013 ce \u00eenseamn\u0103 \u0219i cum ne prive\u0219te pe to\u021bi - Indice Consulting<\/title>\n<meta name=\"robots\" content=\"index, follow, max-snippet:-1, max-image-preview:large, max-video-preview:-1\" \/>\n<link rel=\"canonical\" href=\"https:\/\/indice.ro\/index.php\/dezvoltarea-durabila-ce-inseamna-si-cum-ne-priveste-pe-toti\/\" \/>\n<meta property=\"og:locale\" content=\"en_US\" \/>\n<meta property=\"og:type\" content=\"article\" \/>\n<meta property=\"og:title\" content=\"Dezvoltarea durabil\u0103 \u2013 ce \u00eenseamn\u0103 \u0219i cum ne prive\u0219te pe to\u021bi - Indice Consulting\" \/>\n<meta property=\"og:description\" content=\"\u00centr-un context global marcat de schimb\u0103ri climatice, presiune asupra resurselor naturale \u0219i dezechilibre sociale, dezvoltarea durabil\u0103 a devenit o prioritate esen\u021bial\u0103. Nu este un concept abstract sau rezervat institu\u021biilor, ci un mod de a g\u00e2ndi \u0219i de a ac\u021biona care ne prive\u0219te pe fiecare dintre noi. Ce este dezvoltarea durabil\u0103? Dezvoltarea durabil\u0103 presupune satisfacerea nevoilor [&hellip;]\" \/>\n<meta property=\"og:url\" content=\"https:\/\/indice.ro\/index.php\/dezvoltarea-durabila-ce-inseamna-si-cum-ne-priveste-pe-toti\/\" \/>\n<meta property=\"og:site_name\" content=\"Indice Consulting\" \/>\n<meta property=\"article:modified_time\" content=\"2026-01-09T12:01:51+00:00\" \/>\n<meta property=\"og:image\" content=\"https:\/\/indice.ro\/wp-content\/uploads\/2026\/01\/image.png\" \/>\n<meta name=\"twitter:card\" content=\"summary_large_image\" \/>\n<meta name=\"twitter:label1\" content=\"Est. reading time\" \/>\n\t<meta name=\"twitter:data1\" content=\"3 minutes\" \/>\n<script type=\"application\/ld+json\" class=\"yoast-schema-graph\">{\"@context\":\"https:\/\/schema.org\",\"@graph\":[{\"@type\":\"WebPage\",\"@id\":\"https:\/\/indice.ro\/index.php\/dezvoltarea-durabila-ce-inseamna-si-cum-ne-priveste-pe-toti\/\",\"url\":\"https:\/\/indice.ro\/index.php\/dezvoltarea-durabila-ce-inseamna-si-cum-ne-priveste-pe-toti\/\",\"name\":\"Dezvoltarea durabil\u0103 \u2013 ce \u00eenseamn\u0103 \u0219i cum ne prive\u0219te pe to\u021bi - Indice Consulting\",\"isPartOf\":{\"@id\":\"https:\/\/indice.ro\/#website\"},\"primaryImageOfPage\":{\"@id\":\"https:\/\/indice.ro\/index.php\/dezvoltarea-durabila-ce-inseamna-si-cum-ne-priveste-pe-toti\/#primaryimage\"},\"image\":{\"@id\":\"https:\/\/indice.ro\/index.php\/dezvoltarea-durabila-ce-inseamna-si-cum-ne-priveste-pe-toti\/#primaryimage\"},\"thumbnailUrl\":\"https:\/\/indice.ro\/wp-content\/uploads\/2026\/01\/image.png\",\"datePublished\":\"2026-01-09T12:01:50+00:00\",\"dateModified\":\"2026-01-09T12:01:51+00:00\",\"breadcrumb\":{\"@id\":\"https:\/\/indice.ro\/index.php\/dezvoltarea-durabila-ce-inseamna-si-cum-ne-priveste-pe-toti\/#breadcrumb\"},\"inLanguage\":\"en-US\",\"potentialAction\":[{\"@type\":\"ReadAction\",\"target\":[\"https:\/\/indice.ro\/index.php\/dezvoltarea-durabila-ce-inseamna-si-cum-ne-priveste-pe-toti\/\"]}]},{\"@type\":\"ImageObject\",\"inLanguage\":\"en-US\",\"@id\":\"https:\/\/indice.ro\/index.php\/dezvoltarea-durabila-ce-inseamna-si-cum-ne-priveste-pe-toti\/#primaryimage\",\"url\":\"https:\/\/indice.ro\/wp-content\/uploads\/2026\/01\/image.png\",\"contentUrl\":\"https:\/\/indice.ro\/wp-content\/uploads\/2026\/01\/image.png\",\"width\":946,\"height\":112},{\"@type\":\"BreadcrumbList\",\"@id\":\"https:\/\/indice.ro\/index.php\/dezvoltarea-durabila-ce-inseamna-si-cum-ne-priveste-pe-toti\/#breadcrumb\",\"itemListElement\":[{\"@type\":\"ListItem\",\"position\":1,\"name\":\"Home\",\"item\":\"https:\/\/indice.ro\/\"},{\"@type\":\"ListItem\",\"position\":2,\"name\":\"Dezvoltarea durabil\u0103 \u2013 ce \u00eenseamn\u0103 \u0219i cum ne prive\u0219te pe to\u021bi\"}]},{\"@type\":\"WebSite\",\"@id\":\"https:\/\/indice.ro\/#website\",\"url\":\"https:\/\/indice.ro\/\",\"name\":\"Indice Consulting\",\"description\":\"\",\"publisher\":{\"@id\":\"https:\/\/indice.ro\/#organization\"},\"potentialAction\":[{\"@type\":\"SearchAction\",\"target\":{\"@type\":\"EntryPoint\",\"urlTemplate\":\"https:\/\/indice.ro\/?s={search_term_string}\"},\"query-input\":{\"@type\":\"PropertyValueSpecification\",\"valueRequired\":true,\"valueName\":\"search_term_string\"}}],\"inLanguage\":\"en-US\"},{\"@type\":\"Organization\",\"@id\":\"https:\/\/indice.ro\/#organization\",\"name\":\"Indice Consulting\",\"url\":\"https:\/\/indice.ro\/\",\"logo\":{\"@type\":\"ImageObject\",\"inLanguage\":\"en-US\",\"@id\":\"https:\/\/indice.ro\/#\/schema\/logo\/image\/\",\"url\":\"https:\/\/indice.ro\/wp-content\/uploads\/2024\/09\/logo.jpg\",\"contentUrl\":\"https:\/\/indice.ro\/wp-content\/uploads\/2024\/09\/logo.jpg\",\"width\":219,\"height\":116,\"caption\":\"Indice Consulting\"},\"image\":{\"@id\":\"https:\/\/indice.ro\/#\/schema\/logo\/image\/\"}}]}<\/script>\n<!-- \/ Yoast SEO plugin. -->","yoast_head_json":{"title":"Dezvoltarea durabil\u0103 \u2013 ce \u00eenseamn\u0103 \u0219i cum ne prive\u0219te pe to\u021bi - Indice Consulting","robots":{"index":"index","follow":"follow","max-snippet":"max-snippet:-1","max-image-preview":"max-image-preview:large","max-video-preview":"max-video-preview:-1"},"canonical":"https:\/\/indice.ro\/index.php\/dezvoltarea-durabila-ce-inseamna-si-cum-ne-priveste-pe-toti\/","og_locale":"en_US","og_type":"article","og_title":"Dezvoltarea durabil\u0103 \u2013 ce \u00eenseamn\u0103 \u0219i cum ne prive\u0219te pe to\u021bi - Indice Consulting","og_description":"\u00centr-un context global marcat de schimb\u0103ri climatice, presiune asupra resurselor naturale \u0219i dezechilibre sociale, dezvoltarea durabil\u0103 a devenit o prioritate esen\u021bial\u0103. Nu este un concept abstract sau rezervat institu\u021biilor, ci un mod de a g\u00e2ndi \u0219i de a ac\u021biona care ne prive\u0219te pe fiecare dintre noi. Ce este dezvoltarea durabil\u0103? Dezvoltarea durabil\u0103 presupune satisfacerea nevoilor [&hellip;]","og_url":"https:\/\/indice.ro\/index.php\/dezvoltarea-durabila-ce-inseamna-si-cum-ne-priveste-pe-toti\/","og_site_name":"Indice Consulting","article_modified_time":"2026-01-09T12:01:51+00:00","og_image":[{"url":"https:\/\/indice.ro\/wp-content\/uploads\/2026\/01\/image.png"}],"twitter_card":"summary_large_image","twitter_misc":{"Est. reading time":"3 minutes"},"schema":{"@context":"https:\/\/schema.org","@graph":[{"@type":"WebPage","@id":"https:\/\/indice.ro\/index.php\/dezvoltarea-durabila-ce-inseamna-si-cum-ne-priveste-pe-toti\/","url":"https:\/\/indice.ro\/index.php\/dezvoltarea-durabila-ce-inseamna-si-cum-ne-priveste-pe-toti\/","name":"Dezvoltarea durabil\u0103 \u2013 ce \u00eenseamn\u0103 \u0219i cum ne prive\u0219te pe to\u021bi - Indice Consulting","isPartOf":{"@id":"https:\/\/indice.ro\/#website"},"primaryImageOfPage":{"@id":"https:\/\/indice.ro\/index.php\/dezvoltarea-durabila-ce-inseamna-si-cum-ne-priveste-pe-toti\/#primaryimage"},"image":{"@id":"https:\/\/indice.ro\/index.php\/dezvoltarea-durabila-ce-inseamna-si-cum-ne-priveste-pe-toti\/#primaryimage"},"thumbnailUrl":"https:\/\/indice.ro\/wp-content\/uploads\/2026\/01\/image.png","datePublished":"2026-01-09T12:01:50+00:00","dateModified":"2026-01-09T12:01:51+00:00","breadcrumb":{"@id":"https:\/\/indice.ro\/index.php\/dezvoltarea-durabila-ce-inseamna-si-cum-ne-priveste-pe-toti\/#breadcrumb"},"inLanguage":"en-US","potentialAction":[{"@type":"ReadAction","target":["https:\/\/indice.ro\/index.php\/dezvoltarea-durabila-ce-inseamna-si-cum-ne-priveste-pe-toti\/"]}]},{"@type":"ImageObject","inLanguage":"en-US","@id":"https:\/\/indice.ro\/index.php\/dezvoltarea-durabila-ce-inseamna-si-cum-ne-priveste-pe-toti\/#primaryimage","url":"https:\/\/indice.ro\/wp-content\/uploads\/2026\/01\/image.png","contentUrl":"https:\/\/indice.ro\/wp-content\/uploads\/2026\/01\/image.png","width":946,"height":112},{"@type":"BreadcrumbList","@id":"https:\/\/indice.ro\/index.php\/dezvoltarea-durabila-ce-inseamna-si-cum-ne-priveste-pe-toti\/#breadcrumb","itemListElement":[{"@type":"ListItem","position":1,"name":"Home","item":"https:\/\/indice.ro\/"},{"@type":"ListItem","position":2,"name":"Dezvoltarea durabil\u0103 \u2013 ce \u00eenseamn\u0103 \u0219i cum ne prive\u0219te pe to\u021bi"}]},{"@type":"WebSite","@id":"https:\/\/indice.ro\/#website","url":"https:\/\/indice.ro\/","name":"Indice Consulting","description":"","publisher":{"@id":"https:\/\/indice.ro\/#organization"},"potentialAction":[{"@type":"SearchAction","target":{"@type":"EntryPoint","urlTemplate":"https:\/\/indice.ro\/?s={search_term_string}"},"query-input":{"@type":"PropertyValueSpecification","valueRequired":true,"valueName":"search_term_string"}}],"inLanguage":"en-US"},{"@type":"Organization","@id":"https:\/\/indice.ro\/#organization","name":"Indice Consulting","url":"https:\/\/indice.ro\/","logo":{"@type":"ImageObject","inLanguage":"en-US","@id":"https:\/\/indice.ro\/#\/schema\/logo\/image\/","url":"https:\/\/indice.ro\/wp-content\/uploads\/2024\/09\/logo.jpg","contentUrl":"https:\/\/indice.ro\/wp-content\/uploads\/2024\/09\/logo.jpg","width":219,"height":116,"caption":"Indice Consulting"},"image":{"@id":"https:\/\/indice.ro\/#\/schema\/logo\/image\/"}}]}},"_links":{"self":[{"href":"https:\/\/indice.ro\/index.php\/wp-json\/wp\/v2\/pages\/2747","targetHints":{"allow":["GET"]}}],"collection":[{"href":"https:\/\/indice.ro\/index.php\/wp-json\/wp\/v2\/pages"}],"about":[{"href":"https:\/\/indice.ro\/index.php\/wp-json\/wp\/v2\/types\/page"}],"author":[{"embeddable":true,"href":"https:\/\/indice.ro\/index.php\/wp-json\/wp\/v2\/users\/1"}],"replies":[{"embeddable":true,"href":"https:\/\/indice.ro\/index.php\/wp-json\/wp\/v2\/comments?post=2747"}],"version-history":[{"count":2,"href":"https:\/\/indice.ro\/index.php\/wp-json\/wp\/v2\/pages\/2747\/revisions"}],"predecessor-version":[{"id":2755,"href":"https:\/\/indice.ro\/index.php\/wp-json\/wp\/v2\/pages\/2747\/revisions\/2755"}],"wp:attachment":[{"href":"https:\/\/indice.ro\/index.php\/wp-json\/wp\/v2\/media?parent=2747"}],"curies":[{"name":"wp","href":"https:\/\/api.w.org\/{rel}","templated":true}]}}