{"id":2733,"date":"2025-10-22T14:43:07","date_gmt":"2025-10-22T14:43:07","guid":{"rendered":"https:\/\/indice.ro\/?page_id=2733"},"modified":"2025-10-22T14:51:46","modified_gmt":"2025-10-22T14:51:46","slug":"2733-2","status":"publish","type":"page","link":"https:\/\/indice.ro\/index.php\/2733-2\/","title":{"rendered":"Principiul nediscrimin\u0103rii \u0219i promovarea egalit\u0103\u021bii de gen"},"content":{"rendered":"\n<figure class=\"wp-block-image size-full gutenify-section-42272cf0-af55-11f0-94c0-572c3a8e0611\"><img fetchpriority=\"high\" decoding=\"async\" width=\"946\" height=\"112\" src=\"https:\/\/indice.ro\/wp-content\/uploads\/2025\/10\/image.png\" alt=\"\" class=\"wp-image-2734\" srcset=\"https:\/\/indice.ro\/wp-content\/uploads\/2025\/10\/image.png 946w, https:\/\/indice.ro\/wp-content\/uploads\/2025\/10\/image-300x36.png 300w, https:\/\/indice.ro\/wp-content\/uploads\/2025\/10\/image-768x91.png 768w\" sizes=\"(max-width: 946px) 100vw, 946px\" \/><\/figure>\n\n\n\n<p class=\"gutenify-section-0b871b10-af55-11f0-94c0-572c3a8e0611\"><strong>Introducere<\/strong><\/p>\n\n\n\n<p class=\"gutenify-section-136a2610-af55-11f0-94c0-572c3a8e0611\">Promovarea principiului nediscrimin\u0103rii \u0219i a egalit\u0103\u021bii de gen reprezint\u0103 o condi\u021bie esen\u021bial\u0103 pentru construirea unei societ\u0103\u021bi incluzive, echitabile \u0219i durabile. \u00centr-o lume aflat\u0103 \u00een continu\u0103 transformare, \u00een care diversitatea uman\u0103 devine tot mai vizibil\u0103 \u0219i mai complex\u0103, este vital ca institu\u021biile educa\u021bionale, organiza\u021biile \u0219i comunit\u0103\u021bile s\u0103 contribuie activ la dezvoltarea unei culturi bazate pe respect, echitate \u0219i responsabilitate social\u0103.<\/p>\n\n\n\n<p class=\"gutenify-section-136ac250-af55-11f0-94c0-572c3a8e0611\">Egalitatea \u00eentre femei \u0219i b\u0103rba\u021bi nu \u00eenseamn\u0103 uniformitate, ci recunoa\u0219terea valorii \u0219i poten\u021bialului egal al fiec\u0103rei persoane, indiferent de sexul sau genul s\u0103u. Ea presupune acces egal la educa\u021bie, formare, ocupare, participare la via\u021ba public\u0103 \u0219i luarea deciziilor, precum \u0219i tratament echitabil \u00een toate domeniile vie\u021bii.<\/p>\n\n\n\n<ul class=\"wp-block-list gutenify-section-136b85a0-af55-11f0-94c0-572c3a8e0611\">\n<li class=\"gutenify-section-136b3780-af55-11f0-94c0-572c3a8e0611\"><strong>Ce \u00eenseamn\u0103 principiul nediscrimin\u0103rii?<\/strong><\/li>\n<\/ul>\n\n\n\n<p class=\"gutenify-section-136bfad0-af55-11f0-94c0-572c3a8e0611\"><strong>Defini\u021bie general\u0103<\/strong><\/p>\n\n\n\n<p class=\"gutenify-section-136c7000-af55-11f0-94c0-572c3a8e0611\">Principiul nediscrimin\u0103rii este unul dintre fundamentele drepturilor omului \u0219i presupune c\u0103 nici o persoan\u0103 nu poate fi tratat\u0103 mai pu\u021bin favorabil dec\u00e2t alta din motive care nu au leg\u0103tur\u0103 cu meritele, competen\u021bele sau comportamentul s\u0103u.<\/p>\n\n\n\n<p class=\"gutenify-section-136cbe20-af55-11f0-94c0-572c3a8e0611\">Conform Declara\u021biei Universale a Drepturilor Omului, \u201etoate fiin\u021bele umane se nasc libere \u0219i egale \u00een demnitate \u0219i \u00een drepturi\u201d \u0219i \u201etoate persoanele se bucur\u0103 de aceste drepturi f\u0103r\u0103 nicio deosebire de ras\u0103, culoare, sex, limb\u0103, religie, opinie, origine na\u021bional\u0103 sau social\u0103, avere, na\u0219tere ori alt\u0103 situa\u021bie\u201d.<\/p>\n\n\n\n<p class=\"gutenify-section-136d0c40-af55-11f0-94c0-572c3a8e0611\">\u00cen legisla\u021bia european\u0103 \u0219i na\u021bional\u0103, principiul este consacrat prin:<\/p>\n\n\n\n<ul class=\"wp-block-list gutenify-section-136eb9f0-af55-11f0-94c0-572c3a8e0611\">\n<li class=\"gutenify-section-136d8170-af55-11f0-94c0-572c3a8e0611\"><strong>Carta Drepturilor Fundamentale a Uniunii Europene <\/strong>\u2013 interzice orice form\u0103 de discriminare, inclusiv cea bazat\u0103 pe sex sau orientare sexual\u0103;<\/li>\n\n\n\n<li class=\"gutenify-section-136df6a0-af55-11f0-94c0-572c3a8e0611\"><strong>Tratatul privind func\u021bionarea Uniunii Europene<\/strong> \u2013 stabile\u0219te principiul egalit\u0103\u021bii de remunerare \u00eentre femei \u0219i b\u0103rba\u021bi pentru munc\u0103 egal\u0103;<\/li>\n\n\n\n<li class=\"gutenify-section-136e6bd0-af55-11f0-94c0-572c3a8e0611\"><strong>Ordonan\u021ba Guvernului nr. 137\/2000<\/strong>, republicat\u0103, privind prevenirea \u0219i sanc\u021bionarea tuturor formelor de discriminare \u2013 actul de baz\u0103 al legisla\u021biei rom\u00e2ne \u00een domeniu.<\/li>\n<\/ul>\n\n\n\n<ul class=\"wp-block-list gutenify-section-136f5630-af55-11f0-94c0-572c3a8e0611\">\n<li class=\"gutenify-section-136f0810-af55-11f0-94c0-572c3a8e0611\"><strong>Discriminarea de gen \u2013 forme \u0219i manifest\u0103ri<\/strong><\/li>\n<\/ul>\n\n\n\n<p class=\"gutenify-section-136fa450-af55-11f0-94c0-572c3a8e0611\"><strong>Ce este discriminarea de gen?<\/strong><\/p>\n\n\n\n<p class=\"gutenify-section-136ff270-af55-11f0-94c0-572c3a8e0611\">Discriminarea de gen apare atunci c\u00e2nd o persoan\u0103 este tratat\u0103 mai pu\u021bin favorabil din cauza sexului biologic sau a identit\u0103\u021bii de gen. Aceasta se poate manifesta deschis (discriminare direct\u0103) sau subtil (discriminare indirect\u0103).<\/p>\n\n\n\n<ul class=\"wp-block-list gutenify-section-13712af0-af55-11f0-94c0-572c3a8e0611\">\n<li class=\"gutenify-section-137067a0-af55-11f0-94c0-572c3a8e0611\"><strong>Discriminare direct\u0103 &#8211; <\/strong>O persoan\u0103 este dezavantajat\u0103 explicit pe criteriul genului.<\/li>\n\n\n\n<li class=\"gutenify-section-1370b5c0-af55-11f0-94c0-572c3a8e0611\"><strong>Discriminare indirect\u0103 &#8211; <\/strong>O regul\u0103 sau o practic\u0103 aparent neutr\u0103 produce efecte negative asupra unui anumit gen.<\/li>\n\n\n\n<li class=\"gutenify-section-1370dcd0-af55-11f0-94c0-572c3a8e0611\"><strong>H\u0103r\u021buirea de gen &#8211; <\/strong>Orice comportament nedorit (verbal, nonverbal sau fizic) bazat pe sex, care are ca scop sau efect lezarea demnit\u0103\u021bii unei persoane.<\/li>\n<\/ul>\n\n\n\n<ul class=\"wp-block-list gutenify-section-1371c730-af55-11f0-94c0-572c3a8e0611\">\n<li class=\"gutenify-section-13717910-af55-11f0-94c0-572c3a8e0611\"><strong>Stereotipurile de gen \u2013 obstacole invizibile<\/strong><\/li>\n<\/ul>\n\n\n\n<p class=\"gutenify-section-13721550-af55-11f0-94c0-572c3a8e0611\">Stereotipurile de gen sunt credin\u021be rigide \u0219i generalizate despre rolurile \u201epotrivite\u201d femeilor \u0219i b\u0103rba\u021bilor. Ele sunt transmise adesea incon\u0219tient prin educa\u021bie, mass-media sau tradi\u021bii culturale.<\/p>\n\n\n\n<p class=\"gutenify-section-13726370-af55-11f0-94c0-572c3a8e0611\">Aceste stereotipuri limiteaz\u0103 libertatea de alegere, afecteaz\u0103 stima de sine \u0219i pot conduce la segregare profesional\u0103, diferen\u021be salariale sau subreprezentarea femeilor \u00een pozi\u021bii de decizie.<br>Combaterea stereotipurilor \u00eencepe cu educa\u021bia egalitar\u0103 \u2013 prin limbaj, exemple, activit\u0103\u021bi \u0219i atitudini model.<\/p>\n\n\n\n<ul class=\"wp-block-list gutenify-section-1372d8a0-af55-11f0-94c0-572c3a8e0611\">\n<li class=\"gutenify-section-1372b190-af55-11f0-94c0-572c3a8e0611\"><strong>Egalitatea de gen \u2013 concept \u0219i obiective<\/strong><\/li>\n<\/ul>\n\n\n\n<p class=\"gutenify-section-137326c0-af55-11f0-94c0-572c3a8e0611\"><strong>Defini\u021bie<\/strong><\/p>\n\n\n\n<p class=\"gutenify-section-137374e0-af55-11f0-94c0-572c3a8e0611\">Egalitatea de gen \u00eenseamn\u0103 acces egal la resurse, oportunit\u0103\u021bi, drepturi \u0219i responsabilit\u0103\u021bi, indiferent dac\u0103 e\u0219ti femeie sau b\u0103rbat. Ea nu se refer\u0103 la uniformitate, ci la echitate \u2013 adic\u0103 la eliminarea barierelor sistemice care \u00eempiedic\u0103 participarea deplin\u0103 a unei persoane la via\u021ba social\u0103 \u0219i profesional\u0103.<\/p>\n\n\n\n<p class=\"gutenify-section-13739bf0-af55-11f0-94c0-572c3a8e0611\"><strong>Obiective majore (conform ONU \u0219i Strategiei UE pentru Egalitate de Gen 2020\u20132025)<\/strong><\/p>\n\n\n\n<ul class=\"wp-block-list gutenify-section-137570b0-af55-11f0-94c0-572c3a8e0611\">\n<li class=\"gutenify-section-1373ea10-af55-11f0-94c0-572c3a8e0611\">Eliminarea violen\u021bei bazate pe gen;<\/li>\n\n\n\n<li class=\"gutenify-section-13743830-af55-11f0-94c0-572c3a8e0611\">\u00cenchiderea decalajului de remunerare \u00eentre femei \u0219i b\u0103rba\u021bi;<\/li>\n\n\n\n<li class=\"gutenify-section-13748650-af55-11f0-94c0-572c3a8e0611\">Cre\u0219terea particip\u0103rii femeilor \u00een func\u021bii de conducere \u0219i decizie;<\/li>\n\n\n\n<li class=\"gutenify-section-1374d470-af55-11f0-94c0-572c3a8e0611\">Promovarea echilibrului \u00eentre via\u021ba profesional\u0103 \u0219i cea privat\u0103;<\/li>\n\n\n\n<li class=\"gutenify-section-13752290-af55-11f0-94c0-572c3a8e0611\">Educa\u021bie egal\u0103 \u0219i accesibil\u0103 pentru to\u021bi, f\u0103r\u0103 stereotipuri de gen.<\/li>\n<\/ul>\n\n\n\n<ul class=\"wp-block-list gutenify-section-13760cf0-af55-11f0-94c0-572c3a8e0611\">\n<li class=\"gutenify-section-1375bed0-af55-11f0-94c0-572c3a8e0611\"><strong>Rolul educa\u021biei \u0219i consilierii \u00een promovarea egalit\u0103\u021bii<\/strong><\/li>\n<\/ul>\n\n\n\n<p class=\"gutenify-section-13765b10-af55-11f0-94c0-572c3a8e0611\">Educa\u021bia joac\u0103 un rol determinant \u00een formarea atitudinilor \u0219i valorilor legate de egalitate, respect \u0219i diversitate.<\/p>\n\n\n\n<p class=\"gutenify-section-1376a930-af55-11f0-94c0-572c3a8e0611\">Prin activit\u0103\u021bi de consiliere \u0219i orientare, formare profesional\u0103, se pot transmite mesaje-cheie precum:<\/p>\n\n\n\n<ul class=\"wp-block-list gutenify-section-1377baa0-af55-11f0-94c0-572c3a8e0611\">\n<li class=\"gutenify-section-1376d040-af55-11f0-94c0-572c3a8e0611\">Fiecare persoan\u0103 are dreptul de a fi tratat\u0103 cu respect;<\/li>\n\n\n\n<li class=\"gutenify-section-13771e60-af55-11f0-94c0-572c3a8e0611\">Egalitatea nu este o favorizare, ci un principiu democratic fundamental;<\/li>\n\n\n\n<li class=\"gutenify-section-13776c80-af55-11f0-94c0-572c3a8e0611\">Diversitatea este o resurs\u0103, nu un obstacol.<\/li>\n<\/ul>\n\n\n\n<ul class=\"wp-block-list gutenify-section-137856e0-af55-11f0-94c0-572c3a8e0611\">\n<li class=\"gutenify-section-137808c0-af55-11f0-94c0-572c3a8e0611\"><strong>Concluzii<\/strong><\/li>\n<\/ul>\n\n\n\n<p class=\"gutenify-section-1378a500-af55-11f0-94c0-572c3a8e0611\">Aplicarea principiului nediscrimin\u0103rii \u0219i promovarea egalit\u0103\u021bii de gen sunt mai mult dec\u00e2t obliga\u021bii legale \u2014 sunt angajamente morale \u0219i educa\u021bionale care reflect\u0103 valorile unei societ\u0103\u021bi democratice.<\/p>\n\n\n\n<p class=\"gutenify-section-1378f320-af55-11f0-94c0-572c3a8e0611\">Pentru a construi o cultur\u0103 a egalit\u0103\u021bii, este nevoie de:<\/p>\n\n\n\n<ul class=\"wp-block-list gutenify-section-137a52b0-af55-11f0-94c0-572c3a8e0611\">\n<li class=\"gutenify-section-13791a30-af55-11f0-94c0-572c3a8e0611\">educa\u021bie continu\u0103 \u00een spiritul respectului \u0219i diversit\u0103\u021bii;<\/li>\n\n\n\n<li class=\"gutenify-section-13798f60-af55-11f0-94c0-572c3a8e0611\">responsabilitate institu\u021bional\u0103 \u00een aplicarea politicilor de egalitate;<\/li>\n\n\n\n<li class=\"gutenify-section-1379dd80-af55-11f0-94c0-572c3a8e0611\">implicare comunitar\u0103 \u00een eliminarea prejudec\u0103\u021bilor;<\/li>\n\n\n\n<li class=\"gutenify-section-137a0490-af55-11f0-94c0-572c3a8e0611\">solidaritate \u0219i empatie \u00eentre indivizi.<\/li>\n<\/ul>\n\n\n\n<p class=\"gutenify-section-137aa0d0-af55-11f0-94c0-572c3a8e0611\">\u201eEgalitatea de gen nu este doar o problem\u0103 de dreptate \u2014 este o condi\u021bie pentru progresul social, economic \u0219i moral al societ\u0103\u021bii.\u201d<\/p>\n\n\n\n<p class=\"gutenify-section-137ac7e0-af55-11f0-94c0-572c3a8e0611\"><strong>Bibliografie orientativ\u0103<\/strong><\/p>\n\n\n\n<p class=\"gutenify-section-137b3d10-af55-11f0-94c0-572c3a8e0611\">Consiliul Europei \u2013 Gender Equality Strategy 2024\u20132029<\/p>\n\n\n\n<p class=\"gutenify-section-137b8b30-af55-11f0-94c0-572c3a8e0611\">Carta Drepturilor Fundamentale a Uniunii Europene (2000)<\/p>\n\n\n\n<p class=\"gutenify-section-137bb240-af55-11f0-94c0-572c3a8e0611\">Ordonan\u021ba Guvernului nr. 137\/2000 privind prevenirea \u0219i sanc\u021bionarea tuturor formelor de discriminare<\/p>\n\n\n\n<p class=\"gutenify-section-137c0060-af55-11f0-94c0-572c3a8e0611\">Strategia Na\u021bional\u0103 privind promovarea egalit\u0103\u021bii de \u0219anse \u00eentre femei \u0219i b\u0103rba\u021bi 2022\u20132027<\/p>\n\n\n\n<p class=\"gutenify-section-137c4e80-af55-11f0-94c0-572c3a8e0611\">Strategia UE pentru Egalitate de Gen 2020\u20132025<\/p>\n\n\n\n<p class=\"gutenify-section-137ceac0-af55-11f0-94c0-572c3a8e0611\">Declara\u021bia Universal\u0103 a Drepturilor Omului (ONU, 1948)<\/p>\n\n\n\n<p class=\"gutenify-section-9fdb6810-af56-11f0-bb70-9b15e8554699\"><\/p>\n\n\n\n<p class=\"gutenify-section-2e09f1d0-af55-11f0-94c0-572c3a8e0611\"><em>\u201dProiect cofinan\u021bat de Uniunea European\u0103 din Fondul Social European+ prin Programul Educa\u021bie \u0219i Ocupare 2021-2027\u201d<\/em><\/p>\n\n\n\n<div data-wp-interactive=\"core\/file\" class=\"wp-block-file gutenify-section-1a5a7730-af56-11f0-94c0-572c3a8e0611\"><object data-wp-bind--hidden=\"!state.hasPdfPreview\" hidden class=\"wp-block-file__embed\" data=\"https:\/\/indice.ro\/wp-content\/uploads\/2025\/10\/Principiul-nediscriminarii-si-promovarea-egalitatii-de-gen.pdf\" type=\"application\/pdf\" style=\"width:100%;height:600px\" aria-label=\"Embed of Principiul nediscrimin\u0103rii \u0219i promovarea egalit\u0103\u021bii de gen.\"><\/object><a id=\"wp-block-file--media-73030062-50d2-4d83-9469-99af82b908eb\" href=\"https:\/\/indice.ro\/wp-content\/uploads\/2025\/10\/Principiul-nediscriminarii-si-promovarea-egalitatii-de-gen.pdf\">Principiul nediscrimin\u0103rii \u0219i promovarea egalit\u0103\u021bii de gen<\/a><a href=\"https:\/\/indice.ro\/wp-content\/uploads\/2025\/10\/Principiul-nediscriminarii-si-promovarea-egalitatii-de-gen.pdf\" class=\"wp-block-file__button wp-element-button\" download aria-describedby=\"wp-block-file--media-73030062-50d2-4d83-9469-99af82b908eb\">Download<\/a><\/div>\n\n\n\n<p class=\"gutenify-section-1a606aa0-af56-11f0-94c0-572c3a8e0611\"><\/p>\n","protected":false},"excerpt":{"rendered":"<p>Introducere Promovarea principiului nediscrimin\u0103rii \u0219i a egalit\u0103\u021bii de gen reprezint\u0103 o condi\u021bie esen\u021bial\u0103 pentru construirea unei societ\u0103\u021bi incluzive, echitabile \u0219i durabile. \u00centr-o lume aflat\u0103 \u00een continu\u0103 transformare, \u00een care diversitatea uman\u0103 devine tot mai vizibil\u0103 \u0219i mai complex\u0103, este vital ca institu\u021biile educa\u021bionale, organiza\u021biile \u0219i comunit\u0103\u021bile s\u0103 contribuie activ la dezvoltarea unei culturi bazate pe [&hellip;]<\/p>\n","protected":false},"author":1,"featured_media":0,"parent":0,"menu_order":0,"comment_status":"closed","ping_status":"closed","template":"","meta":{"gutenify_custom_css":"","gutenify_custom_css_data":"","footnotes":""},"class_list":["post-2733","page","type-page","status-publish","hentry"],"yoast_head":"<!-- This site is optimized with the Yoast SEO plugin v23.5 - https:\/\/yoast.com\/wordpress\/plugins\/seo\/ -->\n<title>Principiul nediscrimin\u0103rii \u0219i promovarea egalit\u0103\u021bii de gen - Indice Consulting<\/title>\n<meta name=\"robots\" content=\"index, follow, max-snippet:-1, max-image-preview:large, max-video-preview:-1\" \/>\n<link rel=\"canonical\" href=\"https:\/\/indice.ro\/index.php\/2733-2\/\" \/>\n<meta property=\"og:locale\" content=\"en_US\" \/>\n<meta property=\"og:type\" content=\"article\" \/>\n<meta property=\"og:title\" content=\"Principiul nediscrimin\u0103rii \u0219i promovarea egalit\u0103\u021bii de gen - Indice Consulting\" \/>\n<meta property=\"og:description\" content=\"Introducere Promovarea principiului nediscrimin\u0103rii \u0219i a egalit\u0103\u021bii de gen reprezint\u0103 o condi\u021bie esen\u021bial\u0103 pentru construirea unei societ\u0103\u021bi incluzive, echitabile \u0219i durabile. \u00centr-o lume aflat\u0103 \u00een continu\u0103 transformare, \u00een care diversitatea uman\u0103 devine tot mai vizibil\u0103 \u0219i mai complex\u0103, este vital ca institu\u021biile educa\u021bionale, organiza\u021biile \u0219i comunit\u0103\u021bile s\u0103 contribuie activ la dezvoltarea unei culturi bazate pe [&hellip;]\" \/>\n<meta property=\"og:url\" content=\"https:\/\/indice.ro\/index.php\/2733-2\/\" \/>\n<meta property=\"og:site_name\" content=\"Indice Consulting\" \/>\n<meta property=\"article:modified_time\" content=\"2025-10-22T14:51:46+00:00\" \/>\n<meta property=\"og:image\" content=\"https:\/\/indice.ro\/wp-content\/uploads\/2025\/10\/image.png\" \/>\n<meta name=\"twitter:card\" content=\"summary_large_image\" \/>\n<meta name=\"twitter:label1\" content=\"Est. reading time\" \/>\n\t<meta name=\"twitter:data1\" content=\"4 minutes\" \/>\n<script type=\"application\/ld+json\" class=\"yoast-schema-graph\">{\"@context\":\"https:\/\/schema.org\",\"@graph\":[{\"@type\":\"WebPage\",\"@id\":\"https:\/\/indice.ro\/index.php\/2733-2\/\",\"url\":\"https:\/\/indice.ro\/index.php\/2733-2\/\",\"name\":\"Principiul nediscrimin\u0103rii \u0219i promovarea egalit\u0103\u021bii de gen - Indice Consulting\",\"isPartOf\":{\"@id\":\"https:\/\/indice.ro\/#website\"},\"primaryImageOfPage\":{\"@id\":\"https:\/\/indice.ro\/index.php\/2733-2\/#primaryimage\"},\"image\":{\"@id\":\"https:\/\/indice.ro\/index.php\/2733-2\/#primaryimage\"},\"thumbnailUrl\":\"https:\/\/indice.ro\/wp-content\/uploads\/2025\/10\/image.png\",\"datePublished\":\"2025-10-22T14:43:07+00:00\",\"dateModified\":\"2025-10-22T14:51:46+00:00\",\"breadcrumb\":{\"@id\":\"https:\/\/indice.ro\/index.php\/2733-2\/#breadcrumb\"},\"inLanguage\":\"en-US\",\"potentialAction\":[{\"@type\":\"ReadAction\",\"target\":[\"https:\/\/indice.ro\/index.php\/2733-2\/\"]}]},{\"@type\":\"ImageObject\",\"inLanguage\":\"en-US\",\"@id\":\"https:\/\/indice.ro\/index.php\/2733-2\/#primaryimage\",\"url\":\"https:\/\/indice.ro\/wp-content\/uploads\/2025\/10\/image.png\",\"contentUrl\":\"https:\/\/indice.ro\/wp-content\/uploads\/2025\/10\/image.png\",\"width\":946,\"height\":112},{\"@type\":\"BreadcrumbList\",\"@id\":\"https:\/\/indice.ro\/index.php\/2733-2\/#breadcrumb\",\"itemListElement\":[{\"@type\":\"ListItem\",\"position\":1,\"name\":\"Home\",\"item\":\"https:\/\/indice.ro\/\"},{\"@type\":\"ListItem\",\"position\":2,\"name\":\"Principiul nediscrimin\u0103rii \u0219i promovarea egalit\u0103\u021bii de gen\"}]},{\"@type\":\"WebSite\",\"@id\":\"https:\/\/indice.ro\/#website\",\"url\":\"https:\/\/indice.ro\/\",\"name\":\"Indice Consulting\",\"description\":\"\",\"publisher\":{\"@id\":\"https:\/\/indice.ro\/#organization\"},\"potentialAction\":[{\"@type\":\"SearchAction\",\"target\":{\"@type\":\"EntryPoint\",\"urlTemplate\":\"https:\/\/indice.ro\/?s={search_term_string}\"},\"query-input\":{\"@type\":\"PropertyValueSpecification\",\"valueRequired\":true,\"valueName\":\"search_term_string\"}}],\"inLanguage\":\"en-US\"},{\"@type\":\"Organization\",\"@id\":\"https:\/\/indice.ro\/#organization\",\"name\":\"Indice Consulting\",\"url\":\"https:\/\/indice.ro\/\",\"logo\":{\"@type\":\"ImageObject\",\"inLanguage\":\"en-US\",\"@id\":\"https:\/\/indice.ro\/#\/schema\/logo\/image\/\",\"url\":\"https:\/\/indice.ro\/wp-content\/uploads\/2024\/09\/logo.jpg\",\"contentUrl\":\"https:\/\/indice.ro\/wp-content\/uploads\/2024\/09\/logo.jpg\",\"width\":219,\"height\":116,\"caption\":\"Indice Consulting\"},\"image\":{\"@id\":\"https:\/\/indice.ro\/#\/schema\/logo\/image\/\"}}]}<\/script>\n<!-- \/ Yoast SEO plugin. -->","yoast_head_json":{"title":"Principiul nediscrimin\u0103rii \u0219i promovarea egalit\u0103\u021bii de gen - Indice Consulting","robots":{"index":"index","follow":"follow","max-snippet":"max-snippet:-1","max-image-preview":"max-image-preview:large","max-video-preview":"max-video-preview:-1"},"canonical":"https:\/\/indice.ro\/index.php\/2733-2\/","og_locale":"en_US","og_type":"article","og_title":"Principiul nediscrimin\u0103rii \u0219i promovarea egalit\u0103\u021bii de gen - Indice Consulting","og_description":"Introducere Promovarea principiului nediscrimin\u0103rii \u0219i a egalit\u0103\u021bii de gen reprezint\u0103 o condi\u021bie esen\u021bial\u0103 pentru construirea unei societ\u0103\u021bi incluzive, echitabile \u0219i durabile. \u00centr-o lume aflat\u0103 \u00een continu\u0103 transformare, \u00een care diversitatea uman\u0103 devine tot mai vizibil\u0103 \u0219i mai complex\u0103, este vital ca institu\u021biile educa\u021bionale, organiza\u021biile \u0219i comunit\u0103\u021bile s\u0103 contribuie activ la dezvoltarea unei culturi bazate pe [&hellip;]","og_url":"https:\/\/indice.ro\/index.php\/2733-2\/","og_site_name":"Indice Consulting","article_modified_time":"2025-10-22T14:51:46+00:00","og_image":[{"url":"https:\/\/indice.ro\/wp-content\/uploads\/2025\/10\/image.png"}],"twitter_card":"summary_large_image","twitter_misc":{"Est. reading time":"4 minutes"},"schema":{"@context":"https:\/\/schema.org","@graph":[{"@type":"WebPage","@id":"https:\/\/indice.ro\/index.php\/2733-2\/","url":"https:\/\/indice.ro\/index.php\/2733-2\/","name":"Principiul nediscrimin\u0103rii \u0219i promovarea egalit\u0103\u021bii de gen - Indice Consulting","isPartOf":{"@id":"https:\/\/indice.ro\/#website"},"primaryImageOfPage":{"@id":"https:\/\/indice.ro\/index.php\/2733-2\/#primaryimage"},"image":{"@id":"https:\/\/indice.ro\/index.php\/2733-2\/#primaryimage"},"thumbnailUrl":"https:\/\/indice.ro\/wp-content\/uploads\/2025\/10\/image.png","datePublished":"2025-10-22T14:43:07+00:00","dateModified":"2025-10-22T14:51:46+00:00","breadcrumb":{"@id":"https:\/\/indice.ro\/index.php\/2733-2\/#breadcrumb"},"inLanguage":"en-US","potentialAction":[{"@type":"ReadAction","target":["https:\/\/indice.ro\/index.php\/2733-2\/"]}]},{"@type":"ImageObject","inLanguage":"en-US","@id":"https:\/\/indice.ro\/index.php\/2733-2\/#primaryimage","url":"https:\/\/indice.ro\/wp-content\/uploads\/2025\/10\/image.png","contentUrl":"https:\/\/indice.ro\/wp-content\/uploads\/2025\/10\/image.png","width":946,"height":112},{"@type":"BreadcrumbList","@id":"https:\/\/indice.ro\/index.php\/2733-2\/#breadcrumb","itemListElement":[{"@type":"ListItem","position":1,"name":"Home","item":"https:\/\/indice.ro\/"},{"@type":"ListItem","position":2,"name":"Principiul nediscrimin\u0103rii \u0219i promovarea egalit\u0103\u021bii de gen"}]},{"@type":"WebSite","@id":"https:\/\/indice.ro\/#website","url":"https:\/\/indice.ro\/","name":"Indice Consulting","description":"","publisher":{"@id":"https:\/\/indice.ro\/#organization"},"potentialAction":[{"@type":"SearchAction","target":{"@type":"EntryPoint","urlTemplate":"https:\/\/indice.ro\/?s={search_term_string}"},"query-input":{"@type":"PropertyValueSpecification","valueRequired":true,"valueName":"search_term_string"}}],"inLanguage":"en-US"},{"@type":"Organization","@id":"https:\/\/indice.ro\/#organization","name":"Indice Consulting","url":"https:\/\/indice.ro\/","logo":{"@type":"ImageObject","inLanguage":"en-US","@id":"https:\/\/indice.ro\/#\/schema\/logo\/image\/","url":"https:\/\/indice.ro\/wp-content\/uploads\/2024\/09\/logo.jpg","contentUrl":"https:\/\/indice.ro\/wp-content\/uploads\/2024\/09\/logo.jpg","width":219,"height":116,"caption":"Indice Consulting"},"image":{"@id":"https:\/\/indice.ro\/#\/schema\/logo\/image\/"}}]}},"_links":{"self":[{"href":"https:\/\/indice.ro\/index.php\/wp-json\/wp\/v2\/pages\/2733","targetHints":{"allow":["GET"]}}],"collection":[{"href":"https:\/\/indice.ro\/index.php\/wp-json\/wp\/v2\/pages"}],"about":[{"href":"https:\/\/indice.ro\/index.php\/wp-json\/wp\/v2\/types\/page"}],"author":[{"embeddable":true,"href":"https:\/\/indice.ro\/index.php\/wp-json\/wp\/v2\/users\/1"}],"replies":[{"embeddable":true,"href":"https:\/\/indice.ro\/index.php\/wp-json\/wp\/v2\/comments?post=2733"}],"version-history":[{"count":5,"href":"https:\/\/indice.ro\/index.php\/wp-json\/wp\/v2\/pages\/2733\/revisions"}],"predecessor-version":[{"id":2745,"href":"https:\/\/indice.ro\/index.php\/wp-json\/wp\/v2\/pages\/2733\/revisions\/2745"}],"wp:attachment":[{"href":"https:\/\/indice.ro\/index.php\/wp-json\/wp\/v2\/media?parent=2733"}],"curies":[{"name":"wp","href":"https:\/\/api.w.org\/{rel}","templated":true}]}}