{"id":2722,"date":"2025-09-02T12:45:48","date_gmt":"2025-09-02T12:45:48","guid":{"rendered":"https:\/\/indice.ro\/?page_id=2722"},"modified":"2025-09-02T12:45:49","modified_gmt":"2025-09-02T12:45:49","slug":"comunicat-anunt-de-presa-2","status":"publish","type":"page","link":"https:\/\/indice.ro\/index.php\/comunicat-anunt-de-presa-2\/","title":{"rendered":"Comunicat\/anun\u021b de pres\u0103"},"content":{"rendered":"\n<figure class=\"wp-block-image size-full gutenify-section-94974240-87fa-11f0-8e52-d9cad77b8e0d\"><img fetchpriority=\"high\" decoding=\"async\" width=\"947\" height=\"112\" src=\"https:\/\/indice.ro\/wp-content\/uploads\/2025\/09\/image.png\" alt=\"\" class=\"wp-image-2723\" srcset=\"https:\/\/indice.ro\/wp-content\/uploads\/2025\/09\/image.png 947w, https:\/\/indice.ro\/wp-content\/uploads\/2025\/09\/image-300x35.png 300w, https:\/\/indice.ro\/wp-content\/uploads\/2025\/09\/image-768x91.png 768w\" sizes=\"(max-width: 947px) 100vw, 947px\" \/><\/figure>\n\n\n\n<p class=\"gutenify-section-8696f820-87fa-11f0-8e52-d9cad77b8e0d\"><strong>Prezentare proiect<\/strong><\/p>\n\n\n\n<p class=\"gutenify-section-893103f0-87fa-11f0-8e52-d9cad77b8e0d\"><strong>ASOCIA\u0162IA EXCELSIOR PENTRU EXCELEN\u0162\u0102 \u00ceN EDUCA\u0162IE <\/strong>\u00een parteneriat cu <strong>SC Indice Consulting and Management SRL<\/strong> a \u00eenceput din data de 01 Iulie 2025 implementarea proiectului <strong>\u201d<\/strong> <strong>DECID-Dezvoltarea competen\u021belor indispensabile digitaliz\u0103rii\u201d, SMIS 336870. <\/strong>Proiectul are o durat\u0103 de <strong>36 de luni<\/strong>.<\/p>\n\n\n\n<p class=\"gutenify-section-89317920-87fa-11f0-8e52-d9cad77b8e0d\"><strong>Obiectivul general<\/strong> al proiectului este de a \u00eembun\u0103t\u0103\u021bi competen\u021bele digitale a 601 angaja\u021bi din regiunea Sud-Vest Oltenia, pe o perioad\u0103 de 36 de luni, structurate pe niveluri, pe baza evalu\u0103rii ini\u021biale individuale, \u00een conformitate cu cerin\u021bele economiei digitale moderne.<\/p>\n\n\n\n<p class=\"gutenify-section-8931ee50-87fa-11f0-8e52-d9cad77b8e0d\">Scopul este de a cre\u0219te competitivitatea pe pia\u021ba muncii a acestor participan\u021bi, adapt\u00e2ndu-se astfel la cerin\u021bele actuale \u0219i viitoare ale pie\u021bei muncii.<\/p>\n\n\n\n<p class=\"gutenify-section-89326380-87fa-11f0-8e52-d9cad77b8e0d\"><strong>Obiectivele specifice sunt:<\/strong><\/p>\n\n\n\n<p class=\"gutenify-section-8932d8b0-87fa-11f0-8e52-d9cad77b8e0d\"><strong>OS1: <\/strong>Realizarea unei analize de nevoi ini\u021biale \u00een vederea identific\u0103rii necesarului de formare profesional\u0103 din perspectiva nevoilor pie\u021bei muncii din regiunea Sud- Vest Oltenia, \u00eenaintea depunerii prezentei cereri de finantare (obiectiv specific atins).<\/p>\n\n\n\n<p class=\"gutenify-section-89334de0-87fa-11f0-8e52-d9cad77b8e0d\"><strong>OS2: <\/strong>Realizarea evalu\u0103rii ini\u021biale a competen\u021belor digitale ale celor 601 participan\u021bi din regiunea Sud- Vest Oltenia la \u00eenceputul programului de formare, \u00een vederea identific\u0103rii nivelului de competen\u021be existente \u0219i stabilirii unui punct de plecare pentru m\u0103surarea progresului individual \u00een cadrul programului, prin derularea a 601 sesiuni individuale de evaluare.<\/p>\n\n\n\n<p class=\"gutenify-section-89341130-87fa-11f0-8e52-d9cad77b8e0d\"><strong>OS3: <\/strong>Sprijinirea a 601 angaja\u021bi din regiunea Sud-Vest Oltenia prin \u00eembun\u0103t\u0103\u021birea cuno\u0219tin\u021belor\/ competen\u021belor\/ aptitudinilor, ca urmare a particip\u0103rii lor la programele de formare organizate.<\/p>\n\n\n\n<p class=\"gutenify-section-8934d480-87fa-11f0-8e52-d9cad77b8e0d\"><strong>OS4: <\/strong>Certificarea dob\u00e2ndirii cuno\u0219tin\u021belor\/ competen\u021belor pentru minimum 542 dintre participan\u021bii la programele de FPC organizate, prin intermediul a 36 de examene finale de evaluare, organizate la finalizarea fiec\u0103rui curs de formare.<\/p>\n\n\n\n<p class=\"gutenify-section-893570c0-87fa-11f0-8e52-d9cad77b8e0d\"><strong>Grupul \u021bint\u0103 <\/strong>al proiectului este format din<strong> 601 angaja\u021bi<\/strong>, cu urm\u0103toarele caracteristici:<\/p>\n\n\n\n<ul class=\"wp-block-list gutenify-section-89387e00-87fa-11f0-8e52-d9cad77b8e0d\">\n<li class=\"gutenify-section-8936a940-87fa-11f0-8e52-d9cad77b8e0d\">au v\u00e2rsta \u00eentre 18 \u0219i 64 ani,<\/li>\n\n\n\n<li class=\"gutenify-section-89376c90-87fa-11f0-8e52-d9cad77b8e0d\">sunt angaja\u021bi cu contract individual de munc\u0103 (norm\u0103 \u00eentreag\u0103 \/ timp par\u021bial), inclusiv persoane care ocup\u0103 pozi\u021bii de management (91 persoane), din \u00eentreprinderi publice \u0219i private,<\/li>\n\n\n\n<li class=\"gutenify-section-8937e1c0-87fa-11f0-8e52-d9cad77b8e0d\">au \u00a0domiciliul\/re\u0219edin\u021ba \u00een Rom\u00e2nia, \u00een regiunea Sud-Vest Oltenia, jude\u021bele V\u00e2lcea, Mehedin\u021bi, Olt, Gorj, Dolj.<\/li>\n<\/ul>\n\n\n\n<p class=\"gutenify-section-89391a40-87fa-11f0-8e52-d9cad77b8e0d\">GT va proveni din \u00eentreprinderi cu <strong>Cod CAEN 80 &#8211; Activit\u0103\u021bi de investiga\u021bii \u0219i protec\u021bie din regiunea Sud- Vest Oltenia<\/strong>, cu cod COR 541401, 541414, 121116, 352130, 215202, 215222, 263102, 112011, dar \u0219i alte coduri COR relevante.<\/p>\n\n\n\n<p class=\"gutenify-section-8939b680-87fa-11f0-8e52-d9cad77b8e0d\"><strong>Aten\u021bie:<\/strong><\/p>\n\n\n\n<ul class=\"wp-block-list gutenify-section-893c0070-87fa-11f0-8e52-d9cad77b8e0d\">\n<li class=\"gutenify-section-893a2bb0-87fa-11f0-8e52-d9cad77b8e0d\">\u00cen grupul \u021bint\u0103 al proiectului nu vor fi inclu\u0219i angaja\u021bi din institu\u021bii\/autorit\u0103\u021bi publice (centrale sau locale) \u0219i nici din cadrul persoanelor juridice publice din sistemul de s\u0103n\u0103tate \u0219i de \u00eenv\u0103\u021b\u0103m\u00e2nt.<\/li>\n\n\n\n<li class=\"gutenify-section-893ac7f0-87fa-11f0-8e52-d9cad77b8e0d\">Nu sunt eligibile persoanele f\u0103r\u0103\/cu nivel sc\u0103zut de formare (ISCED 0-2) \u0219i nici persoanele angajate la membrii parteneriatului<\/li>\n\n\n\n<li class=\"gutenify-section-893b8b40-87fa-11f0-8e52-d9cad77b8e0d\">Nu sunt eligibili participan\u021bii care particip\u0103\/ au participat la formare pentru dob\u00e2ndirea de competen\u021be digitale \u00een cadrul apelului \u201dTine pasul\u201d<\/li>\n<\/ul>\n\n\n\n<p class=\"gutenify-section-893c75a0-87fa-11f0-8e52-d9cad77b8e0d\"><strong>Activit\u0103\u021bile ce vor fi organizate cu \u0219i pentru grupul \u021bint\u0103 sunt:<\/strong><\/p>\n\n\n\n<ul class=\"wp-block-list gutenify-section-893d11e0-87fa-11f0-8e52-d9cad77b8e0d\">\n<li class=\"gutenify-section-893cc3c0-87fa-11f0-8e52-d9cad77b8e0d\"><strong>Identificarea, recrutarea \u0219i selec\u021bia grupului \u021bint\u0103: <\/strong>presupune identificarea, informarea, recrutarea \u0219i selectarea grupului \u021bint\u0103 eligibil pentru poiect, respectiv 601 angaja\u021bi din regiunea Sud- Vest Oltenia, dintre care 91 vor ocupa pozi\u021bii de management. Grupul \u021bint\u0103 va fi informat privind existenta unui proiect dedicat, de pe urma c\u0103ruia poate beneficia de rezultate imediate. Informarea grupului \u021bint\u0103 cu privire la activit\u0103\u021bile proiectului, modalitatea de recrutare \u0219i selec\u021bie se va realiza continuu pe o perioada de 35 luni.<\/li>\n<\/ul>\n\n\n\n<p class=\"gutenify-section-893e2350-87fa-11f0-8e52-d9cad77b8e0d\">Astfel, vor fi organizate \u0219i derulate 20 campanii de identificare \u0219i recrutare a angaja\u021bilor din regiunea Sud- Vest Oltenia, cu scopul de a informa \u00eentreprinderile \u0219i angaja\u021bii cu privire la activit\u0103\u021bile proiectului \u0219i beneficiile pe care le pot obtine \u00een urma particip\u0103rii, a le prezenta tematicile de FPC, cu privire la metodologia de identificare \u0219i selectare a grupului \u021bint\u0103. Pe durata fiecarei campanii \u0219i prin intermediul materialelor specifice elaborate, vom avea \u00een vedere s\u0103 inform\u0103m participan\u021bii cu privire la necesitatea respect\u0103rii principiilor orizontale, a temelor secundare PEO \u0219i a principiului DNSH.<\/p>\n\n\n\n<p class=\"gutenify-section-893e7170-87fa-11f0-8e52-d9cad77b8e0d\">Cei care \u00ee\u021bi vor manifesta inten\u021bia de participare vor furniza un dosar de \u00eenscriere care s\u0103 con\u021bin\u0103:<\/p>\n\n\n\n<ul class=\"wp-block-list gutenify-section-8941a5c0-87fa-11f0-8e52-d9cad77b8e0d\">\n<li class=\"gutenify-section-893ebf90-87fa-11f0-8e52-d9cad77b8e0d\">formularul de \u00eenregistrare \u00een grupul \u021bint\u0103 al proiectului<\/li>\n\n\n\n<li class=\"gutenify-section-893f0db0-87fa-11f0-8e52-d9cad77b8e0d\">copie carte de identitate<\/li>\n\n\n\n<li class=\"gutenify-section-893f82e0-87fa-11f0-8e52-d9cad77b8e0d\">copie certificat nastere<\/li>\n\n\n\n<li class=\"gutenify-section-893fd100-87fa-11f0-8e52-d9cad77b8e0d\">copie diplom\u0103 studii<\/li>\n\n\n\n<li class=\"gutenify-section-89406d40-87fa-11f0-8e52-d9cad77b8e0d\">copie certificat c\u0103s\u0103torie (dac\u0103 este cazul)<\/li>\n\n\n\n<li class=\"gutenify-section-89413090-87fa-11f0-8e52-d9cad77b8e0d\">adeverin\u021ba de la locul de munc\u0103 din care s\u0103 rezulte, la data emiterii acesteia, ocupa\u021bia (codul COR), norma de lucru \u0219i durata CIM sau copie a CIM<\/li>\n<\/ul>\n\n\n\n<p class=\"gutenify-section-8941f3e0-87fa-11f0-8e52-d9cad77b8e0d\">\u00centreprinderile angajatoare din care provine grupul \u021bint\u0103 trebuie s\u0103 fie publice sau private conform Ghidului solicitantului- Condi\u021bii specifice \u0219i s\u0103 aib\u0103 codul CAEN agreat \u00een proiect.<\/p>\n\n\n\n<ul class=\"wp-block-list gutenify-section-8942de40-87fa-11f0-8e52-d9cad77b8e0d\">\n<li class=\"gutenify-section-89426910-87fa-11f0-8e52-d9cad77b8e0d\">\u00a0acordul cu privire la prelucrarea datelor cu caracter personal<\/li>\n<\/ul>\n\n\n\n<ul class=\"wp-block-list gutenify-section-89437a80-87fa-11f0-8e52-d9cad77b8e0d\">\n<li class=\"gutenify-section-89432c60-87fa-11f0-8e52-d9cad77b8e0d\"><strong>Evaluarea ini\u021bial\u0103 a competen\u021belor digitale ale grupului \u021bint\u0103 la intrarea \u00een opera\u021biune <\/strong>are ca scop identificarea nivelului de competen\u021be digitale de\u021binut de grupul \u021bint\u0103 la momentul intr\u0103rii \u00een operatiune. \u00cen acest sens, dup\u0103 emiterea deciziei de acceptare \u00een grupul \u021bint\u0103, anterior demar\u0103rii programelor de formare profesiona\u0103, pentru fiecare membru al grupului \u021bint\u0103 se va realiza un proces de evaluare ini\u021bial\u0103 a competen\u021belor digitale. Evaluarea va \u021bine cont de cele 5 arii de competen\u021be digitale \u0219i de cele 21 de competen\u021be specifice Cadrului European pentru competen\u021be digitale. Evaluarea initial\u0103 a competen\u021belor digitale pentru cele 601 persoane se va realiza tin\u00e2nd cont de Metodologia de evaluare ini\u021bial\u0103 a nivelului de competen\u021be digitale \u0219i de elaborare a planului individualizat de formare.<\/li>\n<\/ul>\n\n\n\n<ul class=\"wp-block-list gutenify-section-894464e0-87fa-11f0-8e52-d9cad77b8e0d\">\n<li class=\"gutenify-section-894416c0-87fa-11f0-8e52-d9cad77b8e0d\"><strong>Furnizarea de programe de formare profesional\u0103 \u00een vederea dob\u00e2ndirii de competen\u021be digitale <\/strong>presupune organizarea \u0219i derularea de programe de FPC \u00een domeniul competen\u021belor digitale \u0219i TIC pentru 601 persoane, \u00een vederea actualiz\u0103rii competen\u021belor specifice ale angaja\u021bilor din regiunea Sud- Vest Oltenia, ca urmare a evolu\u021biilor tehnologice rapide \u0219i a apari\u021biei de noi competen\u021be pe pia\u021ba muncii. \u00a0Prin programele derulate vom contribui la \u00eembun\u0103ta\u021birea \u0219i consolidarea calit\u0103\u021bii for\u021bei de munc\u0103 din regiune, la cre\u0219terea particip\u0103rii la \u00eenv\u0103\u021bare pe tot parcursul vie\u021bii, la dezvoltarea unei economii bazate pe eficien\u021ba resurselor \u0219i vom sprijinii dezvoltarea unei societ\u0103\u021bi bazat\u0103 pe cunoastere.<\/li>\n<\/ul>\n\n\n\n<p class=\"gutenify-section-8944b300-87fa-11f0-8e52-d9cad77b8e0d\">Se vor organiza \u0219i derula programe de formare profesional\u0103 a adul\u021bilor autorizate \u00een conformitate cu prevederile OUG nr. 129\/2000 privind formarea profesional\u0103 a adul\u021bilor, republicat\u0103, cu modific\u0103rile \u0219i complet\u0103rile ulterioare astfel:<\/p>\n\n\n\n<ul class=\"wp-block-list gutenify-section-8945eb80-87fa-11f0-8e52-d9cad77b8e0d\">\n<li class=\"gutenify-section-89454f40-87fa-11f0-8e52-d9cad77b8e0d\">Pentru angaja\u021bii cu cod COR 541401, 352130, domeniile de activitate ce necesit\u0103 dob\u00e2ndirea de competen\u021be digitale sunt corelate cu ariile de competen\u021be 1, 2 \u0219i 3 din Cadrul European pentru Competen\u021be Digitale pentru care angaja\u021bii de\u021bin competen\u021be de baz\u0103, se propune programul de formare pentru dob\u00e2ndirea de competen\u021be cheie \u201e<strong>Competen\u021b\u0103 digital\u0103, inclusiv de siguran\u021b\u0103 pe internet \u0219i securitate cibernetic\u0103<\/strong>\u201d. Ne propunem ca 501 angaja\u021bi din regiunea Sud- Vest Oltenia s\u0103 participe la acest program de formare profesional\u0103.<\/li>\n\n\n\n<li class=\"gutenify-section-89459d60-87fa-11f0-8e52-d9cad77b8e0d\">Pentru angajatii cu cod COR COR 541414, 121116, 215202, 215222, 263102, 112011, domeniile de activitate care necesit\u0103 dob\u00e2ndirea de competen\u021be digitale sunt corelate cu ariile de competen\u021b\u0103 4 \u0219i 5 din Cadrul European pentru Competen\u021be Digitale, unde angaja\u021bii de\u021bin doar competen\u021be de nivel de baz\u0103, se propune programul de \u201e<strong>Analist de afaceri \u00een domeniul IT\u201d.<\/strong> Ne propunem ca 91 angaja\u021bi din regiunea Sud- Vest Oltenia s\u0103 participe la acest program de formare profesional\u0103.<\/li>\n<\/ul>\n\n\n\n<p class=\"gutenify-section-894639a0-87fa-11f0-8e52-d9cad77b8e0d\"><em>Pentru mai multe detalii v\u0103 rug\u0103m s\u0103 ne contacta\u021bi:<\/em><\/p>\n\n\n\n<p class=\"gutenify-section-894687c0-87fa-11f0-8e52-d9cad77b8e0d\"><em>SC Indice Consulting and Management SRL<\/em><\/p>\n\n\n\n<p class=\"gutenify-section-8946d5e0-87fa-11f0-8e52-d9cad77b8e0d\"><em>\ud83d\udce7<\/em><em> <\/em><a href=\"mailto:bucuresti@indice.ro\"><em>bucuresti@indice.ro<\/em><\/a><em><\/em><\/p>\n\n\n\n<p class=\"gutenify-section-89472400-87fa-11f0-8e52-d9cad77b8e0d\"><strong>\u201dProiect cofinan\u021bat de Uniunea European\u0103 din Fondul Social European+ prin Programul Educa\u021bie \u0219i Ocupare 2021-2027\u201d<\/strong><\/p>\n\n\n\n<p class=\"gutenify-section-8947c040-87fa-11f0-8e52-d9cad77b8e0d\"><em>Pentru informa\u021bii detaliate despre celelalte programe cofinan\u021bate de Uniunea European\u0103, v\u0103 invit\u0103m s\u0103 vizita\u021bi&nbsp;<\/em><a href=\"http:\/\/www.mfe.gov.ro\/\"><em>www.mfe.gov.ro<\/em><\/a><em><\/em><\/p>\n\n\n\n<p class=\"gutenify-section-9af2e9f0-87fa-11f0-8e52-d9cad77b8e0d\"><\/p>\n","protected":false},"excerpt":{"rendered":"<p>Prezentare proiect ASOCIA\u0162IA EXCELSIOR PENTRU EXCELEN\u0162\u0102 \u00ceN EDUCA\u0162IE \u00een parteneriat cu SC Indice Consulting and Management SRL a \u00eenceput din data de 01 Iulie 2025 implementarea proiectului \u201d DECID-Dezvoltarea competen\u021belor indispensabile digitaliz\u0103rii\u201d, SMIS 336870. Proiectul are o durat\u0103 de 36 de luni. Obiectivul general al proiectului este de a \u00eembun\u0103t\u0103\u021bi competen\u021bele digitale a 601 angaja\u021bi [&hellip;]<\/p>\n","protected":false},"author":1,"featured_media":0,"parent":0,"menu_order":0,"comment_status":"closed","ping_status":"closed","template":"","meta":{"gutenify_custom_css":"","gutenify_custom_css_data":"","footnotes":""},"class_list":["post-2722","page","type-page","status-publish","hentry"],"yoast_head":"<!-- This site is optimized with the Yoast SEO plugin v23.5 - https:\/\/yoast.com\/wordpress\/plugins\/seo\/ -->\n<title>Comunicat\/anun\u021b de pres\u0103 - Indice Consulting<\/title>\n<meta name=\"robots\" content=\"index, follow, max-snippet:-1, max-image-preview:large, max-video-preview:-1\" \/>\n<link rel=\"canonical\" href=\"https:\/\/indice.ro\/index.php\/comunicat-anunt-de-presa-2\/\" \/>\n<meta property=\"og:locale\" content=\"en_US\" \/>\n<meta property=\"og:type\" content=\"article\" \/>\n<meta property=\"og:title\" content=\"Comunicat\/anun\u021b de pres\u0103 - Indice Consulting\" \/>\n<meta property=\"og:description\" content=\"Prezentare proiect ASOCIA\u0162IA EXCELSIOR PENTRU EXCELEN\u0162\u0102 \u00ceN EDUCA\u0162IE \u00een parteneriat cu SC Indice Consulting and Management SRL a \u00eenceput din data de 01 Iulie 2025 implementarea proiectului \u201d DECID-Dezvoltarea competen\u021belor indispensabile digitaliz\u0103rii\u201d, SMIS 336870. Proiectul are o durat\u0103 de 36 de luni. Obiectivul general al proiectului este de a \u00eembun\u0103t\u0103\u021bi competen\u021bele digitale a 601 angaja\u021bi [&hellip;]\" \/>\n<meta property=\"og:url\" content=\"https:\/\/indice.ro\/index.php\/comunicat-anunt-de-presa-2\/\" \/>\n<meta property=\"og:site_name\" content=\"Indice Consulting\" \/>\n<meta property=\"article:modified_time\" content=\"2025-09-02T12:45:49+00:00\" \/>\n<meta property=\"og:image\" content=\"https:\/\/indice.ro\/wp-content\/uploads\/2025\/09\/image.png\" \/>\n<meta name=\"twitter:card\" content=\"summary_large_image\" \/>\n<meta name=\"twitter:label1\" content=\"Est. reading time\" \/>\n\t<meta name=\"twitter:data1\" content=\"6 minutes\" \/>\n<script type=\"application\/ld+json\" class=\"yoast-schema-graph\">{\"@context\":\"https:\/\/schema.org\",\"@graph\":[{\"@type\":\"WebPage\",\"@id\":\"https:\/\/indice.ro\/index.php\/comunicat-anunt-de-presa-2\/\",\"url\":\"https:\/\/indice.ro\/index.php\/comunicat-anunt-de-presa-2\/\",\"name\":\"Comunicat\/anun\u021b de pres\u0103 - Indice Consulting\",\"isPartOf\":{\"@id\":\"https:\/\/indice.ro\/#website\"},\"primaryImageOfPage\":{\"@id\":\"https:\/\/indice.ro\/index.php\/comunicat-anunt-de-presa-2\/#primaryimage\"},\"image\":{\"@id\":\"https:\/\/indice.ro\/index.php\/comunicat-anunt-de-presa-2\/#primaryimage\"},\"thumbnailUrl\":\"https:\/\/indice.ro\/wp-content\/uploads\/2025\/09\/image.png\",\"datePublished\":\"2025-09-02T12:45:48+00:00\",\"dateModified\":\"2025-09-02T12:45:49+00:00\",\"breadcrumb\":{\"@id\":\"https:\/\/indice.ro\/index.php\/comunicat-anunt-de-presa-2\/#breadcrumb\"},\"inLanguage\":\"en-US\",\"potentialAction\":[{\"@type\":\"ReadAction\",\"target\":[\"https:\/\/indice.ro\/index.php\/comunicat-anunt-de-presa-2\/\"]}]},{\"@type\":\"ImageObject\",\"inLanguage\":\"en-US\",\"@id\":\"https:\/\/indice.ro\/index.php\/comunicat-anunt-de-presa-2\/#primaryimage\",\"url\":\"https:\/\/indice.ro\/wp-content\/uploads\/2025\/09\/image.png\",\"contentUrl\":\"https:\/\/indice.ro\/wp-content\/uploads\/2025\/09\/image.png\",\"width\":947,\"height\":112},{\"@type\":\"BreadcrumbList\",\"@id\":\"https:\/\/indice.ro\/index.php\/comunicat-anunt-de-presa-2\/#breadcrumb\",\"itemListElement\":[{\"@type\":\"ListItem\",\"position\":1,\"name\":\"Home\",\"item\":\"https:\/\/indice.ro\/\"},{\"@type\":\"ListItem\",\"position\":2,\"name\":\"Comunicat\/anun\u021b de pres\u0103\"}]},{\"@type\":\"WebSite\",\"@id\":\"https:\/\/indice.ro\/#website\",\"url\":\"https:\/\/indice.ro\/\",\"name\":\"Indice Consulting\",\"description\":\"\",\"publisher\":{\"@id\":\"https:\/\/indice.ro\/#organization\"},\"potentialAction\":[{\"@type\":\"SearchAction\",\"target\":{\"@type\":\"EntryPoint\",\"urlTemplate\":\"https:\/\/indice.ro\/?s={search_term_string}\"},\"query-input\":{\"@type\":\"PropertyValueSpecification\",\"valueRequired\":true,\"valueName\":\"search_term_string\"}}],\"inLanguage\":\"en-US\"},{\"@type\":\"Organization\",\"@id\":\"https:\/\/indice.ro\/#organization\",\"name\":\"Indice Consulting\",\"url\":\"https:\/\/indice.ro\/\",\"logo\":{\"@type\":\"ImageObject\",\"inLanguage\":\"en-US\",\"@id\":\"https:\/\/indice.ro\/#\/schema\/logo\/image\/\",\"url\":\"https:\/\/indice.ro\/wp-content\/uploads\/2024\/09\/logo.jpg\",\"contentUrl\":\"https:\/\/indice.ro\/wp-content\/uploads\/2024\/09\/logo.jpg\",\"width\":219,\"height\":116,\"caption\":\"Indice Consulting\"},\"image\":{\"@id\":\"https:\/\/indice.ro\/#\/schema\/logo\/image\/\"}}]}<\/script>\n<!-- \/ Yoast SEO plugin. -->","yoast_head_json":{"title":"Comunicat\/anun\u021b de pres\u0103 - Indice Consulting","robots":{"index":"index","follow":"follow","max-snippet":"max-snippet:-1","max-image-preview":"max-image-preview:large","max-video-preview":"max-video-preview:-1"},"canonical":"https:\/\/indice.ro\/index.php\/comunicat-anunt-de-presa-2\/","og_locale":"en_US","og_type":"article","og_title":"Comunicat\/anun\u021b de pres\u0103 - Indice Consulting","og_description":"Prezentare proiect ASOCIA\u0162IA EXCELSIOR PENTRU EXCELEN\u0162\u0102 \u00ceN EDUCA\u0162IE \u00een parteneriat cu SC Indice Consulting and Management SRL a \u00eenceput din data de 01 Iulie 2025 implementarea proiectului \u201d DECID-Dezvoltarea competen\u021belor indispensabile digitaliz\u0103rii\u201d, SMIS 336870. Proiectul are o durat\u0103 de 36 de luni. Obiectivul general al proiectului este de a \u00eembun\u0103t\u0103\u021bi competen\u021bele digitale a 601 angaja\u021bi [&hellip;]","og_url":"https:\/\/indice.ro\/index.php\/comunicat-anunt-de-presa-2\/","og_site_name":"Indice Consulting","article_modified_time":"2025-09-02T12:45:49+00:00","og_image":[{"url":"https:\/\/indice.ro\/wp-content\/uploads\/2025\/09\/image.png"}],"twitter_card":"summary_large_image","twitter_misc":{"Est. reading time":"6 minutes"},"schema":{"@context":"https:\/\/schema.org","@graph":[{"@type":"WebPage","@id":"https:\/\/indice.ro\/index.php\/comunicat-anunt-de-presa-2\/","url":"https:\/\/indice.ro\/index.php\/comunicat-anunt-de-presa-2\/","name":"Comunicat\/anun\u021b de pres\u0103 - Indice Consulting","isPartOf":{"@id":"https:\/\/indice.ro\/#website"},"primaryImageOfPage":{"@id":"https:\/\/indice.ro\/index.php\/comunicat-anunt-de-presa-2\/#primaryimage"},"image":{"@id":"https:\/\/indice.ro\/index.php\/comunicat-anunt-de-presa-2\/#primaryimage"},"thumbnailUrl":"https:\/\/indice.ro\/wp-content\/uploads\/2025\/09\/image.png","datePublished":"2025-09-02T12:45:48+00:00","dateModified":"2025-09-02T12:45:49+00:00","breadcrumb":{"@id":"https:\/\/indice.ro\/index.php\/comunicat-anunt-de-presa-2\/#breadcrumb"},"inLanguage":"en-US","potentialAction":[{"@type":"ReadAction","target":["https:\/\/indice.ro\/index.php\/comunicat-anunt-de-presa-2\/"]}]},{"@type":"ImageObject","inLanguage":"en-US","@id":"https:\/\/indice.ro\/index.php\/comunicat-anunt-de-presa-2\/#primaryimage","url":"https:\/\/indice.ro\/wp-content\/uploads\/2025\/09\/image.png","contentUrl":"https:\/\/indice.ro\/wp-content\/uploads\/2025\/09\/image.png","width":947,"height":112},{"@type":"BreadcrumbList","@id":"https:\/\/indice.ro\/index.php\/comunicat-anunt-de-presa-2\/#breadcrumb","itemListElement":[{"@type":"ListItem","position":1,"name":"Home","item":"https:\/\/indice.ro\/"},{"@type":"ListItem","position":2,"name":"Comunicat\/anun\u021b de pres\u0103"}]},{"@type":"WebSite","@id":"https:\/\/indice.ro\/#website","url":"https:\/\/indice.ro\/","name":"Indice Consulting","description":"","publisher":{"@id":"https:\/\/indice.ro\/#organization"},"potentialAction":[{"@type":"SearchAction","target":{"@type":"EntryPoint","urlTemplate":"https:\/\/indice.ro\/?s={search_term_string}"},"query-input":{"@type":"PropertyValueSpecification","valueRequired":true,"valueName":"search_term_string"}}],"inLanguage":"en-US"},{"@type":"Organization","@id":"https:\/\/indice.ro\/#organization","name":"Indice Consulting","url":"https:\/\/indice.ro\/","logo":{"@type":"ImageObject","inLanguage":"en-US","@id":"https:\/\/indice.ro\/#\/schema\/logo\/image\/","url":"https:\/\/indice.ro\/wp-content\/uploads\/2024\/09\/logo.jpg","contentUrl":"https:\/\/indice.ro\/wp-content\/uploads\/2024\/09\/logo.jpg","width":219,"height":116,"caption":"Indice Consulting"},"image":{"@id":"https:\/\/indice.ro\/#\/schema\/logo\/image\/"}}]}},"_links":{"self":[{"href":"https:\/\/indice.ro\/index.php\/wp-json\/wp\/v2\/pages\/2722","targetHints":{"allow":["GET"]}}],"collection":[{"href":"https:\/\/indice.ro\/index.php\/wp-json\/wp\/v2\/pages"}],"about":[{"href":"https:\/\/indice.ro\/index.php\/wp-json\/wp\/v2\/types\/page"}],"author":[{"embeddable":true,"href":"https:\/\/indice.ro\/index.php\/wp-json\/wp\/v2\/users\/1"}],"replies":[{"embeddable":true,"href":"https:\/\/indice.ro\/index.php\/wp-json\/wp\/v2\/comments?post=2722"}],"version-history":[{"count":1,"href":"https:\/\/indice.ro\/index.php\/wp-json\/wp\/v2\/pages\/2722\/revisions"}],"predecessor-version":[{"id":2727,"href":"https:\/\/indice.ro\/index.php\/wp-json\/wp\/v2\/pages\/2722\/revisions\/2727"}],"wp:attachment":[{"href":"https:\/\/indice.ro\/index.php\/wp-json\/wp\/v2\/media?parent=2722"}],"curies":[{"name":"wp","href":"https:\/\/api.w.org\/{rel}","templated":true}]}}