{"id":2703,"date":"2025-05-23T12:06:05","date_gmt":"2025-05-23T12:06:05","guid":{"rendered":"https:\/\/indice.ro\/?page_id=2703"},"modified":"2025-05-23T12:14:27","modified_gmt":"2025-05-23T12:14:27","slug":"comunicat-anunt-de-presa","status":"publish","type":"page","link":"https:\/\/indice.ro\/index.php\/comunicat-anunt-de-presa\/","title":{"rendered":"Comunicat\/anun\u021b de pres\u0103"},"content":{"rendered":"\n<figure class=\"wp-block-image size-full gutenify-section-5c125a70-37cf-11f0-aadb-a58a5cb21152\"><img fetchpriority=\"high\" decoding=\"async\" width=\"946\" height=\"112\" src=\"https:\/\/indice.ro\/wp-content\/uploads\/2025\/05\/image.png\" alt=\"\" class=\"wp-image-2708\" srcset=\"https:\/\/indice.ro\/wp-content\/uploads\/2025\/05\/image.png 946w, https:\/\/indice.ro\/wp-content\/uploads\/2025\/05\/image-300x36.png 300w, https:\/\/indice.ro\/wp-content\/uploads\/2025\/05\/image-768x91.png 768w\" sizes=\"(max-width: 946px) 100vw, 946px\" \/><\/figure>\n\n\n\n<p class=\"gutenify-section-3c31c250-37ce-11f0-b2a2-5583208b5269\"><strong>Comunicat\/anun\u021b de pres\u0103<\/strong><\/p>\n\n\n\n<p class=\"gutenify-section-747a1080-37cf-11f0-aadb-a58a5cb21152\"><strong>Prezentare proiect<\/strong><\/p>\n\n\n\n<p class=\"gutenify-section-3c345a60-37ce-11f0-b2a2-5583208b5269\">\u00cencep\u00e2nd cu data de 1 mai 2025, pe o perioad\u0103 de 36 de luni, EXELO TRAINING &amp; DEVELOPMENT SRL, \u00een parteneriat cu INDICE CONSULTING AND MANAGEMENT SRL, implementeaz\u0103 proiectul \u201e<strong>GuardTech \u2013 Program de dezvoltare a competen\u021belor digitale<\/strong>\u201d &#8211; cod MySMIS <strong>334729<\/strong>.<\/p>\n\n\n\n<ul class=\"wp-block-list gutenify-section-3c371980-37ce-11f0-b2a2-5583208b5269\">\n<li class=\"gutenify-section-3c35e100-37ce-11f0-b2a2-5583208b5269\"><strong>Obiectivul general<\/strong> al proiectului este \u00eembun\u0103t\u0103\u021birea competen\u021belor digitale pentru 601 angaja\u021bi din regiunea Sud-Est, pe o perioad\u0103 de 36 de luni, structurate pe niveluri, pe baza evalu\u0103rii ini\u021biale individuale, \u00een conformitate cu cerin\u021bele economiei digitale moderne.<\/li>\n<\/ul>\n\n\n\n<p class=\"gutenify-section-3c39b190-37ce-11f0-b2a2-5583208b5269\"><strong>Scopul principal<\/strong> \u00eel reprezint\u0103 cre\u0219terea competitivit\u0103\u021bii pe pia\u021ba muncii a acestor angaja\u021bi, prin adaptarea la nevoile \u00een continu\u0103 evolu\u021bie ale mediului profesional.<\/p>\n\n\n\n<p class=\"gutenify-section-3c3ac300-37ce-11f0-b2a2-5583208b5269\"><strong>Obiectivele specifice <\/strong>vizate \u00een perioada de implementare sunt:<\/p>\n\n\n\n<ul class=\"wp-block-list gutenify-section-3c3fa500-37ce-11f0-b2a2-5583208b5269\">\n<li class=\"gutenify-section-3c3bfb80-37ce-11f0-b2a2-5583208b5269\">Realizarea evalu\u0103rii ini\u021biale a competen\u021belor digitale pentru cei 601 participan\u021bi din regiunea Sud-Est la \u00eenceputul programului de formare, in vederea identific\u0103rii nivelului de competen\u021be existente \u0219i stabilirii unui punct de plecare pentru m\u0103surarea progresului individual \u00een cadrul programului, prin derularea a 601 sesiuni individuale de evaluare.<\/li>\n\n\n\n<li class=\"gutenify-section-3c3d3400-37ce-11f0-b2a2-5583208b5269\">Sprijinirea celor 601 angajati din regiunea Sud-Est prin imbunatatirea cunostintelor \/ competentelor \/ aptitudinilor, ca urmare a participarii lor la programele de formare organizate.<\/li>\n\n\n\n<li class=\"gutenify-section-3c3e6c80-37ce-11f0-b2a2-5583208b5269\">&nbsp;Certificarea dobandirii cunostintelor \/ competentelor pentru minimum 542 dintre participantii la programele de FPC organizate, prin intermediul a 36 de examene finale de evaluare, organizate la finalizarea fiecarui curs de formare.<\/li>\n<\/ul>\n\n\n\n<p class=\"gutenify-section-3c408f60-37ce-11f0-b2a2-5583208b5269\"><strong>Grupul \u021bint\u0103<\/strong> al proiectului este format din 601 angaja\u021bi:<\/p>\n\n\n\n<ul class=\"wp-block-list gutenify-section-3c44fc30-37ce-11f0-b2a2-5583208b5269\">\n<li class=\"gutenify-section-3c41eef0-37ce-11f0-b2a2-5583208b5269\">cu v\u00e2rsta cuprins\u0103 \u00eentre <strong>18 \u0219i 64 ani<\/strong>,<\/li>\n\n\n\n<li class=\"gutenify-section-3c430060-37ce-11f0-b2a2-5583208b5269\">care activeaz\u0103 \u00een \u00eentreprinderi <strong>publice sau private<\/strong>, fiind angaja\u021bi cu CIM (norm\u0103 \u00eentreag\u0103 \/ timp par\u021bial), inclusiv persoane care ocup\u0103 pozi\u021bii de management (91 persoane),<\/li>\n\n\n\n<li class=\"gutenify-section-3c43eac0-37ce-11f0-b2a2-5583208b5269\">cu domiciliul\/re\u0219edin\u021ba \u00een Romania, \u00een <strong>regiunea Sud Est<\/strong>.<\/li>\n<\/ul>\n\n\n\n<p class=\"gutenify-section-3c460da0-37ce-11f0-b2a2-5583208b5269\"><strong>Grupul \u021bint\u0103<\/strong> trebuie s\u0103 activeze \u00een \u00eentreprinderi cu <strong>Cod CAEN 80 &#8211; Activit\u0103\u021bi de investiga\u021bii \u0219i protec\u021bie<\/strong>, cu cod COR 541401, 541409, 541408, 541414, 121116, 111223, 431102, 333304, 112011, 112020, 121207, dar \u0219i alte coduri COR relevante.<\/p>\n\n\n\n<p class=\"gutenify-section-3c471f10-37ce-11f0-b2a2-5583208b5269\"><strong>\u2757<\/strong><strong> <em>Nu sunt eligibili:<\/em><\/strong><\/p>\n\n\n\n<ul class=\"wp-block-list gutenify-section-3c4dd5d0-37ce-11f0-b2a2-5583208b5269\">\n<li class=\"gutenify-section-3c49b720-37ce-11f0-b2a2-5583208b5269\"><strong>angaja\u021bii din institu\u021bii\/autorit\u0103\u021bi publice (centrale sau locale);<\/strong><\/li>\n\n\n\n<li class=\"gutenify-section-3c4ac890-37ce-11f0-b2a2-5583208b5269\"><strong>angaja\u021bi din cadrul persoanelor juridice publice din sistemul de s\u0103n\u0103tate sau \u00eenv\u0103\u021b\u0103m\u00e2nt;<\/strong><\/li>\n\n\n\n<li class=\"gutenify-section-3c4bb2f0-37ce-11f0-b2a2-5583208b5269\"><strong>persoanele cu un nivel sc\u0103zut de educa\u021bie (ISCED 0-2);<\/strong><\/li>\n\n\n\n<li class=\"gutenify-section-3c4cc460-37ce-11f0-b2a2-5583208b5269\"><strong>participan\u021bii care au beneficiat deja de formare pentru dob\u00e2ndirea de competen\u021be digitale \u00een cadrul apelului \u201e\u021aine pasul\u201d.<\/strong><\/li>\n<\/ul>\n\n\n\n<p class=\"gutenify-section-3c4ec030-37ce-11f0-b2a2-5583208b5269\"><strong>Activit\u0103\u021bile ce vor fi organizate cu \u0219i pentru grupul \u021bint\u0103 sunt:<\/strong><\/p>\n\n\n\n<ul class=\"wp-block-list gutenify-section-3c54b3a0-37ce-11f0-b2a2-5583208b5269\">\n<li class=\"gutenify-section-3c53c940-37ce-11f0-b2a2-5583208b5269\"><strong>Identificarea, recrutarea si selectia grupului \u021bint\u0103<\/strong><ul><li>Se vor organiza \u0219i derula<strong> 20 de campanii de identificare \u0219i recrutare a angaja\u021bilor <\/strong>din regiunea Sud-Est, cu scopul de a informa \u00eentreprinderile \u0219i angaja\u021bii cu privire la activit\u0103\u021bile proiectului \u0219i beneficiile pe care le pot obtine \u00een urma particip\u0103rii.<\/li><\/ul>\n<ul class=\"wp-block-list gutenify-section-3c52b7d0-37ce-11f0-b2a2-5583208b5269\">\n<li class=\"gutenify-section-3c51cd70-37ce-11f0-b2a2-5583208b5269\">Cei care \u00ee\u0219i vor manifesta inten\u021bia de participare o vor face prin furnizare unui <strong>dosar de \u00eenscriere<\/strong> care s\u0103 con\u021bin\u0103 minimum:<ul><li>formular \u00eenregistrare \u00een grup \u021bint\u0103<\/li><\/ul><ul><li>copie carte identitate<\/li><\/ul><ul><li>copie certificat na\u0219tere<\/li><\/ul><ul><li>copie diplom\u0103 studii<\/li><\/ul><ul><li>copie certificat c\u0103s\u0103torie (dac\u0103 este cazul)<\/li><\/ul><ul><li>adeverin\u021b\u0103 de la locul de munc\u0103 din care s\u0103 rezulte, la data emiterii acesteia, ocupa\u021bia (cod COR), norma de lucru \u0219i durata contractului de munca, sau copie a contractului de munca<\/li><\/ul>\n<ul class=\"wp-block-list gutenify-section-3c50bc00-37ce-11f0-b2a2-5583208b5269\">\n<li class=\"gutenify-section-3c4fd1a0-37ce-11f0-b2a2-5583208b5269\">acord cu privire la prelucrarea datelor cu caracter personal<\/li>\n<\/ul>\n<\/li>\n<\/ul>\n<\/li>\n<\/ul>\n\n\n\n<ul class=\"wp-block-list gutenify-section-3c596e90-37ce-11f0-b2a2-5583208b5269\">\n<li class=\"gutenify-section-3c580f00-37ce-11f0-b2a2-5583208b5269\"><strong>Evaluarea ini\u021biala a competen\u021belor digitale ale grupului \u021bint\u0103 la intrarea \u00een opera\u021biune<\/strong><ul><li>La intrarea \u00een proiect, fiecare membru al grupului \u021bint\u0103 va parcurge un proces de evaluare ini\u021bial\u0103 a competen\u021belor digitale, derulat dup\u0103 emiterea deciziei de acceptare \u0219i anterior \u00eenceperii programelor de formare profesional\u0103. <strong>Scopul evalu\u0103rii<\/strong> este de a identifica nivelul real al competen\u021belor digitale de\u021binute de participan\u021bi, pentru a putea adapta interven\u021bia educa\u021bional\u0103 la nevoile specifice ale fiec\u0103ruia.<\/li><\/ul>\n<ul class=\"wp-block-list gutenify-section-3c56d680-37ce-11f0-b2a2-5583208b5269\">\n<li class=\"gutenify-section-3c55c510-37ce-11f0-b2a2-5583208b5269\">Evaluarea va fi realizat\u0103 \u00een raport cu cele 5 arii de competen\u021b\u0103 digital\u0103 \u0219i cele 21 de competen\u021be specifice prev\u0103zute de <strong>Cadrul European pentru Competen\u021be Digitale<\/strong> (DigComp)<\/li>\n<\/ul>\n<\/li>\n<\/ul>\n\n\n\n<ul class=\"wp-block-list gutenify-section-3c5d3f20-37ce-11f0-b2a2-5583208b5269\">\n<li class=\"gutenify-section-3c5c54c0-37ce-11f0-b2a2-5583208b5269\"><strong>Furnizarea de programe de formare profesionala \u00een vederea dob\u00e2ndirii de competen\u021be digitale<\/strong><ul><li>Pentru angaja\u021bii cu codurile COR 541401, 541409, 541408, care de\u021bin competen\u021be digitale de baz\u0103 corespunz\u0103toare ariilor 1, 2 \u0219i 3 din Cadrul European pentru Competen\u021be Digitale, va fi furnizat programul de formare \u00een competen\u021be cheie &#8211; \u201e<strong>Competen\u021b\u0103 digital\u0103, inclusiv de siguran\u021b\u0103 pe internet \u0219i securitate cibernetic\u0103<\/strong>\u201d. Acest program va fi implementat de ambii parteneri din proiect, fiecare organiz\u00e2nd c\u00e2te 15 grupe de curs, \u00eensum\u00e2nd un total de 255 de cursan\u021bi per partener.<\/li><\/ul>\n<ul class=\"wp-block-list gutenify-section-3c5b4350-37ce-11f0-b2a2-5583208b5269\">\n<li class=\"gutenify-section-3c5a58f0-37ce-11f0-b2a2-5583208b5269\">Pentru angaja\u021bii cu codurile COR 541414, 121116, 111223, 431102, 333304, 112011, 112020, 121207, care au nevoie de dezvoltarea competen\u021belor digitale \u00een ariile 4 \u0219i 5 (unde de\u021bin un nivel de baz\u0103), va fi furnizat programul de formare profesional\u0103 \u201e<strong>Analist de afaceri \u00een domeniul IT<\/strong>\u201d. Acest program va fi organizat \u0219i derulat de Beneficiar, \u00een cadrul a 6 grupe de curs, pentru un total de 91 de cursan\u021bi.<\/li>\n<\/ul>\n<\/li>\n<\/ul>\n\n\n\n<p class=\"gutenify-section-3c5e5090-37ce-11f0-b2a2-5583208b5269\"><em>Pentru mai multe detalii v\u0103 rug\u0103m s\u0103 ne contacta\u021bi:<\/em><\/p>\n\n\n\n<p class=\"gutenify-section-3c5f3af0-37ce-11f0-b2a2-5583208b5269\"><em>SC Indice Consulting and Management SRL<\/em><\/p>\n\n\n\n<p class=\"gutenify-section-3c5ffe40-37ce-11f0-b2a2-5583208b5269\"><em>\ud83d\udce7<\/em><em> bucuresti@indice.ro<\/em><\/p>\n\n\n\n<p class=\"gutenify-section-3c615dd0-37ce-11f0-b2a2-5583208b5269\"><em>\ud83d\udcde<\/em><em> 0727 767 948<\/em><\/p>\n\n\n\n<p class=\"gutenify-section-3c626f40-37ce-11f0-b2a2-5583208b5269\"><em>Pentru informa\u021bii detaliate despre celelalte programe cofinan\u021bate de Uniunea European\u0103, v\u0103 invit\u0103m s\u0103 vizita\u021bi <\/em><a href=\"http:\/\/www.mfe.gov.ro\"><em>www.mfe.gov.ro<\/em><\/a><em>.<\/em><\/p>\n\n\n\n<p class=\"gutenify-section-524fba00-37cf-11f0-aadb-a58a5cb21152\"><\/p>\n\n\n\n<p class=\"gutenify-section-579780b0-37cf-11f0-aadb-a58a5cb21152\"><\/p>\n","protected":false},"excerpt":{"rendered":"<p>Comunicat\/anun\u021b de pres\u0103 Prezentare proiect \u00cencep\u00e2nd cu data de 1 mai 2025, pe o perioad\u0103 de 36 de luni, EXELO TRAINING &amp; DEVELOPMENT SRL, \u00een parteneriat cu INDICE CONSULTING AND MANAGEMENT SRL, implementeaz\u0103 proiectul \u201eGuardTech \u2013 Program de dezvoltare a competen\u021belor digitale\u201d &#8211; cod MySMIS 334729. Scopul principal \u00eel reprezint\u0103 cre\u0219terea competitivit\u0103\u021bii pe pia\u021ba muncii [&hellip;]<\/p>\n","protected":false},"author":1,"featured_media":0,"parent":0,"menu_order":0,"comment_status":"closed","ping_status":"closed","template":"","meta":{"gutenify_custom_css":"","gutenify_custom_css_data":"","footnotes":""},"class_list":["post-2703","page","type-page","status-publish","hentry"],"yoast_head":"<!-- This site is optimized with the Yoast SEO plugin v23.5 - https:\/\/yoast.com\/wordpress\/plugins\/seo\/ -->\n<title>Comunicat\/anun\u021b de pres\u0103 - Indice Consulting<\/title>\n<meta name=\"robots\" content=\"index, follow, max-snippet:-1, max-image-preview:large, max-video-preview:-1\" \/>\n<link rel=\"canonical\" href=\"https:\/\/indice.ro\/index.php\/comunicat-anunt-de-presa\/\" \/>\n<meta property=\"og:locale\" content=\"en_US\" \/>\n<meta property=\"og:type\" content=\"article\" \/>\n<meta property=\"og:title\" content=\"Comunicat\/anun\u021b de pres\u0103 - Indice Consulting\" \/>\n<meta property=\"og:description\" content=\"Comunicat\/anun\u021b de pres\u0103 Prezentare proiect \u00cencep\u00e2nd cu data de 1 mai 2025, pe o perioad\u0103 de 36 de luni, EXELO TRAINING &amp; DEVELOPMENT SRL, \u00een parteneriat cu INDICE CONSULTING AND MANAGEMENT SRL, implementeaz\u0103 proiectul \u201eGuardTech \u2013 Program de dezvoltare a competen\u021belor digitale\u201d &#8211; cod MySMIS 334729. Scopul principal \u00eel reprezint\u0103 cre\u0219terea competitivit\u0103\u021bii pe pia\u021ba muncii [&hellip;]\" \/>\n<meta property=\"og:url\" content=\"https:\/\/indice.ro\/index.php\/comunicat-anunt-de-presa\/\" \/>\n<meta property=\"og:site_name\" content=\"Indice Consulting\" \/>\n<meta property=\"article:modified_time\" content=\"2025-05-23T12:14:27+00:00\" \/>\n<meta property=\"og:image\" content=\"https:\/\/indice.ro\/wp-content\/uploads\/2025\/05\/image.png\" \/>\n<meta name=\"twitter:card\" content=\"summary_large_image\" \/>\n<meta name=\"twitter:label1\" content=\"Est. reading time\" \/>\n\t<meta name=\"twitter:data1\" content=\"4 minutes\" \/>\n<script type=\"application\/ld+json\" class=\"yoast-schema-graph\">{\"@context\":\"https:\/\/schema.org\",\"@graph\":[{\"@type\":\"WebPage\",\"@id\":\"https:\/\/indice.ro\/index.php\/comunicat-anunt-de-presa\/\",\"url\":\"https:\/\/indice.ro\/index.php\/comunicat-anunt-de-presa\/\",\"name\":\"Comunicat\/anun\u021b de pres\u0103 - Indice Consulting\",\"isPartOf\":{\"@id\":\"https:\/\/indice.ro\/#website\"},\"primaryImageOfPage\":{\"@id\":\"https:\/\/indice.ro\/index.php\/comunicat-anunt-de-presa\/#primaryimage\"},\"image\":{\"@id\":\"https:\/\/indice.ro\/index.php\/comunicat-anunt-de-presa\/#primaryimage\"},\"thumbnailUrl\":\"https:\/\/indice.ro\/wp-content\/uploads\/2025\/05\/image.png\",\"datePublished\":\"2025-05-23T12:06:05+00:00\",\"dateModified\":\"2025-05-23T12:14:27+00:00\",\"breadcrumb\":{\"@id\":\"https:\/\/indice.ro\/index.php\/comunicat-anunt-de-presa\/#breadcrumb\"},\"inLanguage\":\"en-US\",\"potentialAction\":[{\"@type\":\"ReadAction\",\"target\":[\"https:\/\/indice.ro\/index.php\/comunicat-anunt-de-presa\/\"]}]},{\"@type\":\"ImageObject\",\"inLanguage\":\"en-US\",\"@id\":\"https:\/\/indice.ro\/index.php\/comunicat-anunt-de-presa\/#primaryimage\",\"url\":\"https:\/\/indice.ro\/wp-content\/uploads\/2025\/05\/image.png\",\"contentUrl\":\"https:\/\/indice.ro\/wp-content\/uploads\/2025\/05\/image.png\",\"width\":946,\"height\":112},{\"@type\":\"BreadcrumbList\",\"@id\":\"https:\/\/indice.ro\/index.php\/comunicat-anunt-de-presa\/#breadcrumb\",\"itemListElement\":[{\"@type\":\"ListItem\",\"position\":1,\"name\":\"Home\",\"item\":\"https:\/\/indice.ro\/\"},{\"@type\":\"ListItem\",\"position\":2,\"name\":\"Comunicat\/anun\u021b de pres\u0103\"}]},{\"@type\":\"WebSite\",\"@id\":\"https:\/\/indice.ro\/#website\",\"url\":\"https:\/\/indice.ro\/\",\"name\":\"Indice Consulting\",\"description\":\"\",\"publisher\":{\"@id\":\"https:\/\/indice.ro\/#organization\"},\"potentialAction\":[{\"@type\":\"SearchAction\",\"target\":{\"@type\":\"EntryPoint\",\"urlTemplate\":\"https:\/\/indice.ro\/?s={search_term_string}\"},\"query-input\":{\"@type\":\"PropertyValueSpecification\",\"valueRequired\":true,\"valueName\":\"search_term_string\"}}],\"inLanguage\":\"en-US\"},{\"@type\":\"Organization\",\"@id\":\"https:\/\/indice.ro\/#organization\",\"name\":\"Indice Consulting\",\"url\":\"https:\/\/indice.ro\/\",\"logo\":{\"@type\":\"ImageObject\",\"inLanguage\":\"en-US\",\"@id\":\"https:\/\/indice.ro\/#\/schema\/logo\/image\/\",\"url\":\"https:\/\/indice.ro\/wp-content\/uploads\/2024\/09\/logo.jpg\",\"contentUrl\":\"https:\/\/indice.ro\/wp-content\/uploads\/2024\/09\/logo.jpg\",\"width\":219,\"height\":116,\"caption\":\"Indice Consulting\"},\"image\":{\"@id\":\"https:\/\/indice.ro\/#\/schema\/logo\/image\/\"}}]}<\/script>\n<!-- \/ Yoast SEO plugin. -->","yoast_head_json":{"title":"Comunicat\/anun\u021b de pres\u0103 - Indice Consulting","robots":{"index":"index","follow":"follow","max-snippet":"max-snippet:-1","max-image-preview":"max-image-preview:large","max-video-preview":"max-video-preview:-1"},"canonical":"https:\/\/indice.ro\/index.php\/comunicat-anunt-de-presa\/","og_locale":"en_US","og_type":"article","og_title":"Comunicat\/anun\u021b de pres\u0103 - Indice Consulting","og_description":"Comunicat\/anun\u021b de pres\u0103 Prezentare proiect \u00cencep\u00e2nd cu data de 1 mai 2025, pe o perioad\u0103 de 36 de luni, EXELO TRAINING &amp; DEVELOPMENT SRL, \u00een parteneriat cu INDICE CONSULTING AND MANAGEMENT SRL, implementeaz\u0103 proiectul \u201eGuardTech \u2013 Program de dezvoltare a competen\u021belor digitale\u201d &#8211; cod MySMIS 334729. Scopul principal \u00eel reprezint\u0103 cre\u0219terea competitivit\u0103\u021bii pe pia\u021ba muncii [&hellip;]","og_url":"https:\/\/indice.ro\/index.php\/comunicat-anunt-de-presa\/","og_site_name":"Indice Consulting","article_modified_time":"2025-05-23T12:14:27+00:00","og_image":[{"url":"https:\/\/indice.ro\/wp-content\/uploads\/2025\/05\/image.png"}],"twitter_card":"summary_large_image","twitter_misc":{"Est. reading time":"4 minutes"},"schema":{"@context":"https:\/\/schema.org","@graph":[{"@type":"WebPage","@id":"https:\/\/indice.ro\/index.php\/comunicat-anunt-de-presa\/","url":"https:\/\/indice.ro\/index.php\/comunicat-anunt-de-presa\/","name":"Comunicat\/anun\u021b de pres\u0103 - Indice Consulting","isPartOf":{"@id":"https:\/\/indice.ro\/#website"},"primaryImageOfPage":{"@id":"https:\/\/indice.ro\/index.php\/comunicat-anunt-de-presa\/#primaryimage"},"image":{"@id":"https:\/\/indice.ro\/index.php\/comunicat-anunt-de-presa\/#primaryimage"},"thumbnailUrl":"https:\/\/indice.ro\/wp-content\/uploads\/2025\/05\/image.png","datePublished":"2025-05-23T12:06:05+00:00","dateModified":"2025-05-23T12:14:27+00:00","breadcrumb":{"@id":"https:\/\/indice.ro\/index.php\/comunicat-anunt-de-presa\/#breadcrumb"},"inLanguage":"en-US","potentialAction":[{"@type":"ReadAction","target":["https:\/\/indice.ro\/index.php\/comunicat-anunt-de-presa\/"]}]},{"@type":"ImageObject","inLanguage":"en-US","@id":"https:\/\/indice.ro\/index.php\/comunicat-anunt-de-presa\/#primaryimage","url":"https:\/\/indice.ro\/wp-content\/uploads\/2025\/05\/image.png","contentUrl":"https:\/\/indice.ro\/wp-content\/uploads\/2025\/05\/image.png","width":946,"height":112},{"@type":"BreadcrumbList","@id":"https:\/\/indice.ro\/index.php\/comunicat-anunt-de-presa\/#breadcrumb","itemListElement":[{"@type":"ListItem","position":1,"name":"Home","item":"https:\/\/indice.ro\/"},{"@type":"ListItem","position":2,"name":"Comunicat\/anun\u021b de pres\u0103"}]},{"@type":"WebSite","@id":"https:\/\/indice.ro\/#website","url":"https:\/\/indice.ro\/","name":"Indice Consulting","description":"","publisher":{"@id":"https:\/\/indice.ro\/#organization"},"potentialAction":[{"@type":"SearchAction","target":{"@type":"EntryPoint","urlTemplate":"https:\/\/indice.ro\/?s={search_term_string}"},"query-input":{"@type":"PropertyValueSpecification","valueRequired":true,"valueName":"search_term_string"}}],"inLanguage":"en-US"},{"@type":"Organization","@id":"https:\/\/indice.ro\/#organization","name":"Indice Consulting","url":"https:\/\/indice.ro\/","logo":{"@type":"ImageObject","inLanguage":"en-US","@id":"https:\/\/indice.ro\/#\/schema\/logo\/image\/","url":"https:\/\/indice.ro\/wp-content\/uploads\/2024\/09\/logo.jpg","contentUrl":"https:\/\/indice.ro\/wp-content\/uploads\/2024\/09\/logo.jpg","width":219,"height":116,"caption":"Indice Consulting"},"image":{"@id":"https:\/\/indice.ro\/#\/schema\/logo\/image\/"}}]}},"_links":{"self":[{"href":"https:\/\/indice.ro\/index.php\/wp-json\/wp\/v2\/pages\/2703","targetHints":{"allow":["GET"]}}],"collection":[{"href":"https:\/\/indice.ro\/index.php\/wp-json\/wp\/v2\/pages"}],"about":[{"href":"https:\/\/indice.ro\/index.php\/wp-json\/wp\/v2\/types\/page"}],"author":[{"embeddable":true,"href":"https:\/\/indice.ro\/index.php\/wp-json\/wp\/v2\/users\/1"}],"replies":[{"embeddable":true,"href":"https:\/\/indice.ro\/index.php\/wp-json\/wp\/v2\/comments?post=2703"}],"version-history":[{"count":2,"href":"https:\/\/indice.ro\/index.php\/wp-json\/wp\/v2\/pages\/2703\/revisions"}],"predecessor-version":[{"id":2710,"href":"https:\/\/indice.ro\/index.php\/wp-json\/wp\/v2\/pages\/2703\/revisions\/2710"}],"wp:attachment":[{"href":"https:\/\/indice.ro\/index.php\/wp-json\/wp\/v2\/media?parent=2703"}],"curies":[{"name":"wp","href":"https:\/\/api.w.org\/{rel}","templated":true}]}}