{"id":2686,"date":"2025-04-25T12:16:51","date_gmt":"2025-04-25T12:16:51","guid":{"rendered":"https:\/\/indice.ro\/?page_id=2686"},"modified":"2025-04-25T12:47:29","modified_gmt":"2025-04-25T12:47:29","slug":"anunt-de-diseminare-a-rezultatelor-proiectului-1-calificare-in-316094","status":"publish","type":"page","link":"https:\/\/indice.ro\/index.php\/anunt-de-diseminare-a-rezultatelor-proiectului-1-calificare-in-316094\/","title":{"rendered":"Anun\u021b de diseminare a rezultatelor proiectului  \u201d 1 CALIFICARE in +\u201d \u2013 316094"},"content":{"rendered":"\n<p class=\"gutenify-section-608c0310-21d3-11f0-9435-8376de43caba\">Suntem \u00eenc\u00e2nta\u021bi s\u0103 anun\u021b\u0103m finalizarea proiectului <strong>1 CALIFICARE in +, <\/strong>un proiect dedicat \u00eembun\u0103t\u0103\u021birii nivelului de calificare a angaja\u021bilor prin participarea acestora la programe de formare profesional\u0103 continu\u0103. Proiectul a avut ca obiectiv general cre\u015fterea nivelului de calificare a 552 de angaja\u0163i din regiunile Sud-Vest Oltenia \u015fi Centru prin participare la programele de formare profesional\u0103 continua, inclusiv adul\u0163i cu nivel sc\u0103zut de calificare- minim 30 persoane, adul\u0163i cu v\u00e2rste de peste 40 ani \u2013 minim 68 persoane \u015fi adul\u0163i din zonele rurale defavorizate &#8211; minim 69 persoane.<\/p>\n\n\n\n<p class=\"gutenify-section-608d89b0-21d3-11f0-9435-8376de43caba\"><strong>Rezultatele ob\u021binute \u00een cadrul proiectului sunt urm\u0103toarele:<\/strong><\/p>\n\n\n\n<ul class=\"wp-block-list gutenify-section-60974db0-21d3-11f0-9435-8376de43caba\">\n<li class=\"gutenify-section-608ffab0-21d3-11f0-9435-8376de43caba\"><strong>648 de angaja\u021bi<\/strong> au beneficiat de sprijin pentru participarea la programe de formare\/validare de competen\u021be, dintre care:\n<ul class=\"wp-block-list gutenify-section-608f8580-21d3-11f0-9435-8376de43caba\">\n<li class=\"gutenify-section-608dd7d0-21d3-11f0-9435-8376de43caba\"><strong>132 de angaja\u021bi din zona rural\u0103<\/strong><\/li>\n\n\n\n<li class=\"gutenify-section-608e4d00-21d3-11f0-9435-8376de43caba\"><strong>388 de angaja\u021bi cu v\u00e2rsta peste 40 de ani<\/strong><\/li>\n\n\n\n<li class=\"gutenify-section-608ec230-21d3-11f0-9435-8376de43caba\"><strong>14 angaja\u021bi cu nivel sc\u0103zut de calificare<\/strong><\/li>\n<\/ul>\n<\/li>\n\n\n\n<li class=\"gutenify-section-609244a0-21d3-11f0-9435-8376de43caba\"><strong>642 de persoane<\/strong> au fost certificate \u00een urma sprijinului acordat, dintre care:\n<ul class=\"wp-block-list gutenify-section-6091cf70-21d3-11f0-9435-8376de43caba\">\n<li class=\"gutenify-section-609048d0-21d3-11f0-9435-8376de43caba\"><strong>138 de persoane din zona rural\u0103<\/strong><\/li>\n\n\n\n<li class=\"gutenify-section-6090be00-21d3-11f0-9435-8376de43caba\"><strong>376 de persoane cu v\u00e2rsta peste 40 de ani<\/strong><\/li>\n\n\n\n<li class=\"gutenify-section-60913330-21d3-11f0-9435-8376de43caba\"><strong>13 persoane cu nivel sc\u0103zut de calificare<\/strong><\/li>\n<\/ul>\n<\/li>\n\n\n\n<li class=\"gutenify-section-6094dcb0-21d3-11f0-9435-8376de43caba\"><strong>205 de persoane<\/strong> \u0219i-au g\u0103sit un loc de munc\u0103 ca urmare a sprijinului primit, dintre care:\n<ul class=\"wp-block-list gutenify-section-60941960-21d3-11f0-9435-8376de43caba\">\n<li class=\"gutenify-section-609292c0-21d3-11f0-9435-8376de43caba\"><strong>39 de persoane din zona rural\u0103<\/strong><\/li>\n\n\n\n<li class=\"gutenify-section-609307f0-21d3-11f0-9435-8376de43caba\"><strong>137 de persoane cu v\u00e2rsta peste 40 de ani<\/strong><\/li>\n\n\n\n<li class=\"gutenify-section-6093cb40-21d3-11f0-9435-8376de43caba\"><strong>5 persoane cu nivel sc\u0103zut de calificare<\/strong><\/li>\n<\/ul>\n<\/li>\n\n\n\n<li class=\"gutenify-section-6096d880-21d3-11f0-9435-8376de43caba\"><strong>56 de persoane<\/strong> au continuat studiile sau cursurile de formare la \u00eencetarea calit\u0103\u021bii de participant, dintre care:\n<ul class=\"wp-block-list gutenify-section-60966350-21d3-11f0-9435-8376de43caba\">\n<li class=\"gutenify-section-609578f0-21d3-11f0-9435-8376de43caba\"><strong>12 persoane din zona rural\u0103<\/strong><\/li>\n\n\n\n<li class=\"gutenify-section-6095ee20-21d3-11f0-9435-8376de43caba\"><strong>33 de persoane cu v\u00e2rsta peste 40 de ani<\/strong><\/li>\n<\/ul>\n<\/li>\n<\/ul>\n\n\n\n<p class=\"gutenify-section-6097c2e0-21d3-11f0-9435-8376de43caba\">Aceste rezultate reflect\u0103 succesul implement\u0103rii proiectului \u00een \u00eembun\u0103t\u0103\u021birea calific\u0103rii angaja\u021bilor din regiunile Sud-Vest Oltenia \u0219i Centru, cu accent pe sus\u021binerea adul\u021bilor cu nivel sc\u0103zut de calificare, celor cu v\u00e2rsta de peste 40 de ani \u0219i celor din mediul rural defavorizat.<\/p>\n\n\n\n<p class=\"gutenify-section-60983810-21d3-11f0-9435-8376de43caba\"><strong>Mul\u021bumim tuturor celor implica\u021bi \u00een implementarea acestui proiect \u0219i participan\u021bilor care au ales s\u0103 \u00ee\u0219i \u00eembun\u0103t\u0103\u021beasc\u0103 abilit\u0103\u021bile profesionale, contribuind astfel la o mai bun\u0103 integrare \u00een pia\u021ba muncii!<\/strong><\/p>\n\n\n\n<p class=\"gutenify-section-6098ad40-21d3-11f0-9435-8376de43caba\"><strong>27.04.2023<\/strong><\/p>\n\n\n\n<p class=\"gutenify-section-172cbc40-21cf-11f0-a98f-350aee8aa022\"><\/p>\n","protected":false},"excerpt":{"rendered":"<p>Suntem \u00eenc\u00e2nta\u021bi s\u0103 anun\u021b\u0103m finalizarea proiectului 1 CALIFICARE in +, un proiect dedicat \u00eembun\u0103t\u0103\u021birii nivelului de calificare a angaja\u021bilor prin participarea acestora la programe de formare profesional\u0103 continu\u0103. Proiectul a avut ca obiectiv general cre\u015fterea nivelului de calificare a 552 de angaja\u0163i din regiunile Sud-Vest Oltenia \u015fi Centru prin participare la programele de formare profesional\u0103 [&hellip;]<\/p>\n","protected":false},"author":1,"featured_media":0,"parent":0,"menu_order":0,"comment_status":"closed","ping_status":"closed","template":"","meta":{"gutenify_custom_css":"","gutenify_custom_css_data":"","footnotes":""},"class_list":["post-2686","page","type-page","status-publish","hentry"],"yoast_head":"<!-- This site is optimized with the Yoast SEO plugin v23.5 - https:\/\/yoast.com\/wordpress\/plugins\/seo\/ -->\n<title>Anun\u021b de diseminare a rezultatelor proiectului \u201d 1 CALIFICARE in +\u201d \u2013 316094 - Indice Consulting<\/title>\n<meta name=\"robots\" content=\"index, follow, max-snippet:-1, max-image-preview:large, max-video-preview:-1\" \/>\n<link rel=\"canonical\" href=\"https:\/\/indice.ro\/index.php\/anunt-de-diseminare-a-rezultatelor-proiectului-1-calificare-in-316094\/\" \/>\n<meta property=\"og:locale\" content=\"en_US\" \/>\n<meta property=\"og:type\" content=\"article\" \/>\n<meta property=\"og:title\" content=\"Anun\u021b de diseminare a rezultatelor proiectului \u201d 1 CALIFICARE in +\u201d \u2013 316094 - Indice Consulting\" \/>\n<meta property=\"og:description\" content=\"Suntem \u00eenc\u00e2nta\u021bi s\u0103 anun\u021b\u0103m finalizarea proiectului 1 CALIFICARE in +, un proiect dedicat \u00eembun\u0103t\u0103\u021birii nivelului de calificare a angaja\u021bilor prin participarea acestora la programe de formare profesional\u0103 continu\u0103. Proiectul a avut ca obiectiv general cre\u015fterea nivelului de calificare a 552 de angaja\u0163i din regiunile Sud-Vest Oltenia \u015fi Centru prin participare la programele de formare profesional\u0103 [&hellip;]\" \/>\n<meta property=\"og:url\" content=\"https:\/\/indice.ro\/index.php\/anunt-de-diseminare-a-rezultatelor-proiectului-1-calificare-in-316094\/\" \/>\n<meta property=\"og:site_name\" content=\"Indice Consulting\" \/>\n<meta property=\"article:modified_time\" content=\"2025-04-25T12:47:29+00:00\" \/>\n<meta name=\"twitter:card\" content=\"summary_large_image\" \/>\n<meta name=\"twitter:label1\" content=\"Est. reading time\" \/>\n\t<meta name=\"twitter:data1\" content=\"2 minutes\" \/>\n<script type=\"application\/ld+json\" class=\"yoast-schema-graph\">{\"@context\":\"https:\/\/schema.org\",\"@graph\":[{\"@type\":\"WebPage\",\"@id\":\"https:\/\/indice.ro\/index.php\/anunt-de-diseminare-a-rezultatelor-proiectului-1-calificare-in-316094\/\",\"url\":\"https:\/\/indice.ro\/index.php\/anunt-de-diseminare-a-rezultatelor-proiectului-1-calificare-in-316094\/\",\"name\":\"Anun\u021b de diseminare a rezultatelor proiectului \u201d 1 CALIFICARE in +\u201d \u2013 316094 - Indice Consulting\",\"isPartOf\":{\"@id\":\"https:\/\/indice.ro\/#website\"},\"datePublished\":\"2025-04-25T12:16:51+00:00\",\"dateModified\":\"2025-04-25T12:47:29+00:00\",\"breadcrumb\":{\"@id\":\"https:\/\/indice.ro\/index.php\/anunt-de-diseminare-a-rezultatelor-proiectului-1-calificare-in-316094\/#breadcrumb\"},\"inLanguage\":\"en-US\",\"potentialAction\":[{\"@type\":\"ReadAction\",\"target\":[\"https:\/\/indice.ro\/index.php\/anunt-de-diseminare-a-rezultatelor-proiectului-1-calificare-in-316094\/\"]}]},{\"@type\":\"BreadcrumbList\",\"@id\":\"https:\/\/indice.ro\/index.php\/anunt-de-diseminare-a-rezultatelor-proiectului-1-calificare-in-316094\/#breadcrumb\",\"itemListElement\":[{\"@type\":\"ListItem\",\"position\":1,\"name\":\"Home\",\"item\":\"https:\/\/indice.ro\/\"},{\"@type\":\"ListItem\",\"position\":2,\"name\":\"Anun\u021b de diseminare a rezultatelor proiectului \u201d 1 CALIFICARE in +\u201d \u2013 316094\"}]},{\"@type\":\"WebSite\",\"@id\":\"https:\/\/indice.ro\/#website\",\"url\":\"https:\/\/indice.ro\/\",\"name\":\"Indice Consulting\",\"description\":\"\",\"publisher\":{\"@id\":\"https:\/\/indice.ro\/#organization\"},\"potentialAction\":[{\"@type\":\"SearchAction\",\"target\":{\"@type\":\"EntryPoint\",\"urlTemplate\":\"https:\/\/indice.ro\/?s={search_term_string}\"},\"query-input\":{\"@type\":\"PropertyValueSpecification\",\"valueRequired\":true,\"valueName\":\"search_term_string\"}}],\"inLanguage\":\"en-US\"},{\"@type\":\"Organization\",\"@id\":\"https:\/\/indice.ro\/#organization\",\"name\":\"Indice Consulting\",\"url\":\"https:\/\/indice.ro\/\",\"logo\":{\"@type\":\"ImageObject\",\"inLanguage\":\"en-US\",\"@id\":\"https:\/\/indice.ro\/#\/schema\/logo\/image\/\",\"url\":\"https:\/\/indice.ro\/wp-content\/uploads\/2024\/09\/logo.jpg\",\"contentUrl\":\"https:\/\/indice.ro\/wp-content\/uploads\/2024\/09\/logo.jpg\",\"width\":219,\"height\":116,\"caption\":\"Indice Consulting\"},\"image\":{\"@id\":\"https:\/\/indice.ro\/#\/schema\/logo\/image\/\"}}]}<\/script>\n<!-- \/ Yoast SEO plugin. -->","yoast_head_json":{"title":"Anun\u021b de diseminare a rezultatelor proiectului \u201d 1 CALIFICARE in +\u201d \u2013 316094 - Indice Consulting","robots":{"index":"index","follow":"follow","max-snippet":"max-snippet:-1","max-image-preview":"max-image-preview:large","max-video-preview":"max-video-preview:-1"},"canonical":"https:\/\/indice.ro\/index.php\/anunt-de-diseminare-a-rezultatelor-proiectului-1-calificare-in-316094\/","og_locale":"en_US","og_type":"article","og_title":"Anun\u021b de diseminare a rezultatelor proiectului \u201d 1 CALIFICARE in +\u201d \u2013 316094 - Indice Consulting","og_description":"Suntem \u00eenc\u00e2nta\u021bi s\u0103 anun\u021b\u0103m finalizarea proiectului 1 CALIFICARE in +, un proiect dedicat \u00eembun\u0103t\u0103\u021birii nivelului de calificare a angaja\u021bilor prin participarea acestora la programe de formare profesional\u0103 continu\u0103. Proiectul a avut ca obiectiv general cre\u015fterea nivelului de calificare a 552 de angaja\u0163i din regiunile Sud-Vest Oltenia \u015fi Centru prin participare la programele de formare profesional\u0103 [&hellip;]","og_url":"https:\/\/indice.ro\/index.php\/anunt-de-diseminare-a-rezultatelor-proiectului-1-calificare-in-316094\/","og_site_name":"Indice Consulting","article_modified_time":"2025-04-25T12:47:29+00:00","twitter_card":"summary_large_image","twitter_misc":{"Est. reading time":"2 minutes"},"schema":{"@context":"https:\/\/schema.org","@graph":[{"@type":"WebPage","@id":"https:\/\/indice.ro\/index.php\/anunt-de-diseminare-a-rezultatelor-proiectului-1-calificare-in-316094\/","url":"https:\/\/indice.ro\/index.php\/anunt-de-diseminare-a-rezultatelor-proiectului-1-calificare-in-316094\/","name":"Anun\u021b de diseminare a rezultatelor proiectului \u201d 1 CALIFICARE in +\u201d \u2013 316094 - Indice Consulting","isPartOf":{"@id":"https:\/\/indice.ro\/#website"},"datePublished":"2025-04-25T12:16:51+00:00","dateModified":"2025-04-25T12:47:29+00:00","breadcrumb":{"@id":"https:\/\/indice.ro\/index.php\/anunt-de-diseminare-a-rezultatelor-proiectului-1-calificare-in-316094\/#breadcrumb"},"inLanguage":"en-US","potentialAction":[{"@type":"ReadAction","target":["https:\/\/indice.ro\/index.php\/anunt-de-diseminare-a-rezultatelor-proiectului-1-calificare-in-316094\/"]}]},{"@type":"BreadcrumbList","@id":"https:\/\/indice.ro\/index.php\/anunt-de-diseminare-a-rezultatelor-proiectului-1-calificare-in-316094\/#breadcrumb","itemListElement":[{"@type":"ListItem","position":1,"name":"Home","item":"https:\/\/indice.ro\/"},{"@type":"ListItem","position":2,"name":"Anun\u021b de diseminare a rezultatelor proiectului \u201d 1 CALIFICARE in +\u201d \u2013 316094"}]},{"@type":"WebSite","@id":"https:\/\/indice.ro\/#website","url":"https:\/\/indice.ro\/","name":"Indice Consulting","description":"","publisher":{"@id":"https:\/\/indice.ro\/#organization"},"potentialAction":[{"@type":"SearchAction","target":{"@type":"EntryPoint","urlTemplate":"https:\/\/indice.ro\/?s={search_term_string}"},"query-input":{"@type":"PropertyValueSpecification","valueRequired":true,"valueName":"search_term_string"}}],"inLanguage":"en-US"},{"@type":"Organization","@id":"https:\/\/indice.ro\/#organization","name":"Indice Consulting","url":"https:\/\/indice.ro\/","logo":{"@type":"ImageObject","inLanguage":"en-US","@id":"https:\/\/indice.ro\/#\/schema\/logo\/image\/","url":"https:\/\/indice.ro\/wp-content\/uploads\/2024\/09\/logo.jpg","contentUrl":"https:\/\/indice.ro\/wp-content\/uploads\/2024\/09\/logo.jpg","width":219,"height":116,"caption":"Indice Consulting"},"image":{"@id":"https:\/\/indice.ro\/#\/schema\/logo\/image\/"}}]}},"_links":{"self":[{"href":"https:\/\/indice.ro\/index.php\/wp-json\/wp\/v2\/pages\/2686","targetHints":{"allow":["GET"]}}],"collection":[{"href":"https:\/\/indice.ro\/index.php\/wp-json\/wp\/v2\/pages"}],"about":[{"href":"https:\/\/indice.ro\/index.php\/wp-json\/wp\/v2\/types\/page"}],"author":[{"embeddable":true,"href":"https:\/\/indice.ro\/index.php\/wp-json\/wp\/v2\/users\/1"}],"replies":[{"embeddable":true,"href":"https:\/\/indice.ro\/index.php\/wp-json\/wp\/v2\/comments?post=2686"}],"version-history":[{"count":3,"href":"https:\/\/indice.ro\/index.php\/wp-json\/wp\/v2\/pages\/2686\/revisions"}],"predecessor-version":[{"id":2693,"href":"https:\/\/indice.ro\/index.php\/wp-json\/wp\/v2\/pages\/2686\/revisions\/2693"}],"wp:attachment":[{"href":"https:\/\/indice.ro\/index.php\/wp-json\/wp\/v2\/media?parent=2686"}],"curies":[{"name":"wp","href":"https:\/\/api.w.org\/{rel}","templated":true}]}}