{"id":2661,"date":"2025-04-14T08:03:00","date_gmt":"2025-04-14T08:03:00","guid":{"rendered":"https:\/\/indice.ro\/?page_id=2661"},"modified":"2025-04-14T08:25:37","modified_gmt":"2025-04-14T08:25:37","slug":"promovarea-principiului-nediscriminarii","status":"publish","type":"page","link":"https:\/\/indice.ro\/index.php\/promovarea-principiului-nediscriminarii\/","title":{"rendered":"Promovarea principiului nediscrimin\u0103rii"},"content":{"rendered":"\n<figure class=\"wp-block-image size-full gutenify-section-b1a51690-1906-11f0-af32-7940e0cddbb3\"><img fetchpriority=\"high\" decoding=\"async\" width=\"946\" height=\"112\" src=\"https:\/\/indice.ro\/wp-content\/uploads\/2025\/04\/image-5.png\" alt=\"\" class=\"wp-image-2663\" srcset=\"https:\/\/indice.ro\/wp-content\/uploads\/2025\/04\/image-5.png 946w, https:\/\/indice.ro\/wp-content\/uploads\/2025\/04\/image-5-300x36.png 300w, https:\/\/indice.ro\/wp-content\/uploads\/2025\/04\/image-5-768x91.png 768w\" sizes=\"(max-width: 946px) 100vw, 946px\" \/><\/figure>\n\n\n<div class=\"wp-block-image\">\n<figure class=\"aligncenter size-full is-resized gutenify-section-6be4f2b0-1906-11f0-af32-7940e0cddbb3\"><img decoding=\"async\" width=\"610\" height=\"407\" src=\"https:\/\/indice.ro\/wp-content\/uploads\/2025\/04\/image-4.png\" alt=\"\" class=\"wp-image-2662\" style=\"width:456px;height:auto\" srcset=\"https:\/\/indice.ro\/wp-content\/uploads\/2025\/04\/image-4.png 610w, https:\/\/indice.ro\/wp-content\/uploads\/2025\/04\/image-4-300x200.png 300w\" sizes=\"(max-width: 610px) 100vw, 610px\" \/><\/figure>\n<\/div>\n\n\n<p class=\"gutenify-section-78758030-1906-11f0-af32-7940e0cddbb3\"><strong>Pentru a sprijini promovarea principiului nediscrimin\u0103rii \u00een cadrul proiectului \u201eDezvoltare \u0219i Performan\u021b\u0103: Promovarea \u00eenv\u0103\u021b\u0103rii pe tot parcursul vie\u021bii\u201d, v\u0103 propunem un scurt material informativ. Acest document este conceput pentru a fi accesibil tuturor participan\u021bilor la formare \u0219i altor persoane interesate, oferind informa\u021bii esen\u021biale \u0219i practice despre nediscriminare.\u200b<\/strong><\/p>\n\n\n\n<p class=\"gutenify-section-79599ea0-1906-11f0-af32-7940e0cddbb3\"><strong>Ce trebuie s\u0103 \u0219tii despre nediscriminare<\/strong><\/p>\n\n\n\n<ul class=\"wp-block-list gutenify-section-795a8900-1906-11f0-af32-7940e0cddbb3\">\n<li class=\"gutenify-section-795a3ae0-1906-11f0-af32-7940e0cddbb3\"><strong>Ce este nediscriminarea?<\/strong><\/li>\n<\/ul>\n\n\n\n<p class=\"gutenify-section-795afe30-1906-11f0-af32-7940e0cddbb3\">Nediscriminarea este un principiu fundamental care garanteaz\u0103 c\u0103 toate persoanele beneficiaz\u0103 de acelea\u0219i drepturi \u0219i oportunit\u0103\u021bi, f\u0103r\u0103 a fi tratate diferit pe baza unor caracteristici precum sexul, rasa, etnia, religia, v\u00e2rsta, dizabilitatea, orientarea sexual\u0103 sau alte criterii. Acest principiu este consacrat \u00een documente interna\u021bionale precum Declara\u021bia Universal\u0103 a Drepturilor Omului \u0219i Carta Drepturilor Fundamentale a Uniunii Europene.\u200b<\/p>\n\n\n\n<ul class=\"wp-block-list gutenify-section-795bc180-1906-11f0-af32-7940e0cddbb3\">\n<li class=\"gutenify-section-795b7360-1906-11f0-af32-7940e0cddbb3\"><strong>De ce este important \u00een cadrul proiectului nostru?<\/strong><\/li>\n<\/ul>\n\n\n\n<p class=\"gutenify-section-795c0fa0-1906-11f0-af32-7940e0cddbb3\">\u00cen cadrul proiectului nostru, nediscriminarea asigur\u0103 c\u0103:\u200b<\/p>\n\n\n\n<ul class=\"wp-block-list gutenify-section-795e5990-1906-11f0-af32-7940e0cddbb3\">\n<li class=\"gutenify-section-795c84d0-1906-11f0-af32-7940e0cddbb3\">To\u021bi angaja\u021bii din grupul \u021bint\u0103 au acces egal la informa\u021bii \u0219i activit\u0103\u021bi de formare.\u200b<\/li>\n\n\n\n<li class=\"gutenify-section-795d6f30-1906-11f0-af32-7940e0cddbb3\">Pe parcursul derul\u0103rii programului de formare se discut\u0103 tematici legate de nediscriminare, promov\u00e2nd con\u0219tientizarea \u0219i respectul reciproc.\u200b<\/li>\n\n\n\n<li class=\"gutenify-section-795de460-1906-11f0-af32-7940e0cddbb3\">Informa\u021biile despre acest principiu sunt disponibile online, accesibile tuturor celor interesa\u021bi.\u200b<\/li>\n<\/ul>\n\n\n\n<ul class=\"wp-block-list gutenify-section-795f1ce0-1906-11f0-af32-7940e0cddbb3\">\n<li class=\"gutenify-section-795ea7b0-1906-11f0-af32-7940e0cddbb3\"><strong>Cum promov\u0103m nediscriminarea?<\/strong><\/li>\n<\/ul>\n\n\n\n<p class=\"gutenify-section-795f6b00-1906-11f0-af32-7940e0cddbb3\">Pentru a asigura un mediu incluziv \u0219i echitabil, proiectul nostru:\u200b<\/p>\n\n\n\n<ul class=\"wp-block-list gutenify-section-796118b0-1906-11f0-af32-7940e0cddbb3\">\n<li class=\"gutenify-section-795fe030-1906-11f0-af32-7940e0cddbb3\">Include informa\u021bii dedicate tematicii nediscrimin\u0103rii.\u200b<\/li>\n\n\n\n<li class=\"gutenify-section-79605560-1906-11f0-af32-7940e0cddbb3\">Asigur\u0103 accesibilitatea informa\u021biilor \u0219i activit\u0103\u021bilor pentru toate persoanele, inclusiv cele cu dizabilit\u0103\u021bi.\u200b<\/li>\n\n\n\n<li class=\"gutenify-section-7960ca90-1906-11f0-af32-7940e0cddbb3\">Informeaz\u0103 participan\u021bii despre drepturile lor \u0219i despre mecanismele de protec\u021bie \u00eempotriva discrimin\u0103rii.\u200b<\/li>\n<\/ul>\n\n\n\n<ul class=\"wp-block-list gutenify-section-7961dc00-1906-11f0-af32-7940e0cddbb3\">\n<li class=\"gutenify-section-796166d0-1906-11f0-af32-7940e0cddbb3\"><strong>Ce po\u021bi face tu?<\/strong><\/li>\n<\/ul>\n\n\n\n<p class=\"gutenify-section-79622a20-1906-11f0-af32-7940e0cddbb3\">Ca participant la acest proiect, te \u00eencuraj\u0103m s\u0103:\u200b<\/p>\n\n\n\n<ul class=\"wp-block-list gutenify-section-79644d00-1906-11f0-af32-7940e0cddbb3\">\n<li class=\"gutenify-section-79627840-1906-11f0-af32-7940e0cddbb3\">Fii con\u0219tient de propriile tale atitudini \u0219i comportamente, asigur\u00e2ndu-te c\u0103 nu contribui la discriminare.\u200b<\/li>\n\n\n\n<li class=\"gutenify-section-7962ed70-1906-11f0-af32-7940e0cddbb3\">Informeaz\u0103-te continuu despre drepturile tale \u0219i despre modalit\u0103\u021bile de promovare a unui mediu incluziv.\u200b<\/li>\n\n\n\n<li class=\"gutenify-section-79633b90-1906-11f0-af32-7940e0cddbb3\">Raporteaz\u0103 orice form\u0103 de discriminare observat\u0103, contribuind astfel la crearea unui mediu sigur \u0219i echitabil pentru to\u021bi.<\/li>\n<\/ul>\n\n\n\n<p class=\"gutenify-section-7964c230-1906-11f0-af32-7940e0cddbb3\"><strong>Drepturile \u0219i responsabilit\u0103\u021bile angaja\u021bilor \u00een contextul nediscrimin\u0103rii<\/strong><\/p>\n\n\n\n<ul class=\"wp-block-list gutenify-section-79658580-1906-11f0-af32-7940e0cddbb3\">\n<li class=\"gutenify-section-79653760-1906-11f0-af32-7940e0cddbb3\"><strong>Drepturile angaja\u021bilor<\/strong><\/li>\n<\/ul>\n\n\n\n<p class=\"gutenify-section-7965d3a0-1906-11f0-af32-7940e0cddbb3\">Conform legisla\u021biei na\u021bionale \u0219i europene, angaja\u021bii beneficiaz\u0103 de urm\u0103toarele drepturi:\u200b<\/p>\n\n\n\n<ul class=\"wp-block-list gutenify-section-7967f680-1906-11f0-af32-7940e0cddbb3\">\n<li class=\"gutenify-section-796648d0-1906-11f0-af32-7940e0cddbb3\"><strong>Egalitate de tratament<\/strong>: To\u021bi angaja\u021bii au dreptul la tratament egal, f\u0103r\u0103 discriminare direct\u0103 sau indirect\u0103 bazat\u0103 pe criterii precum sex, ras\u0103, etnie, religie, dizabilitate, orientare sexual\u0103 sau v\u00e2rst\u0103.\u200b<\/li>\n\n\n\n<li class=\"gutenify-section-796696f0-1906-11f0-af32-7940e0cddbb3\"><strong>Acces egal la oportunit\u0103\u021bi<\/strong>: Angaja\u021bii au dreptul la acces egal la oportunit\u0103\u021bi de angajare, promovare, formare profesional\u0103 \u0219i condi\u021bii de munc\u0103 echitabile.\u200b<\/li>\n\n\n\n<li class=\"gutenify-section-7966e510-1906-11f0-af32-7940e0cddbb3\"><strong>Protec\u021bie \u00eempotriva h\u0103r\u021buirii<\/strong>: Angaja\u021bii sunt proteja\u021bi \u00eempotriva oric\u0103rei forme de h\u0103r\u021buire sau comportament abuziv la locul de munc\u0103.\u200b<\/li>\n\n\n\n<li class=\"gutenify-section-79673330-1906-11f0-af32-7940e0cddbb3\"><strong>Accesibilitate<\/strong>: Persoanele cu dizabilit\u0103\u021bi au dreptul la adapt\u0103ri rezonabile ale locului de munc\u0103 pentru a-\u0219i putea desf\u0103\u0219ura activitatea \u00een condi\u021bii optime.\u200b<\/li>\n\n\n\n<li class=\"gutenify-section-79678150-1906-11f0-af32-7940e0cddbb3\"><strong>Confiden\u021bialitate \u0219i protec\u021bie a datelor<\/strong>: Angaja\u021bii au dreptul la confiden\u021bialitatea informa\u021biilor personale \u0219i la protec\u021bia datelor cu caracter personal.\u200b<\/li>\n<\/ul>\n\n\n\n<ul class=\"wp-block-list gutenify-section-7968b9d0-1906-11f0-af32-7940e0cddbb3\">\n<li class=\"gutenify-section-79686bb0-1906-11f0-af32-7940e0cddbb3\"><strong>Responsabilit\u0103\u021bile angaja\u021bilor<\/strong><\/li>\n<\/ul>\n\n\n\n<p class=\"gutenify-section-79692f00-1906-11f0-af32-7940e0cddbb3\">Pentru a contribui la un mediu de lucru nediscriminatoriu, angaja\u021bii au urm\u0103toarele responsabilit\u0103\u021bi:\u200b<\/p>\n\n\n\n<ul class=\"wp-block-list gutenify-section-796b78f0-1906-11f0-af32-7940e0cddbb3\">\n<li class=\"gutenify-section-79697d20-1906-11f0-af32-7940e0cddbb3\"><strong>Respect reciproc<\/strong>: Angaja\u021bii trebuie s\u0103 trateze colegii cu respect, f\u0103r\u0103 a recurge la comportamente discriminatorii sau ofensatoare.\u200b<\/li>\n\n\n\n<li class=\"gutenify-section-7969cb40-1906-11f0-af32-7940e0cddbb3\"><strong>Raportarea incidentelor<\/strong>: Angaja\u021bii au responsabilitatea de a raporta orice incident de discriminare sau h\u0103r\u021buire observat sau experimentat, conform procedurilor interne ale organiza\u021biei.\u200b<\/li>\n\n\n\n<li class=\"gutenify-section-796a4070-1906-11f0-af32-7940e0cddbb3\"><strong>Participarea la formare<\/strong>: Angaja\u021bii sunt \u00eencuraja\u021bi s\u0103 participe la sesiuni de formare privind diversitatea, incluziunea \u0219i prevenirea discrimin\u0103rii.\u200b<\/li>\n\n\n\n<li class=\"gutenify-section-796ab5a0-1906-11f0-af32-7940e0cddbb3\"><strong>Colaborare<\/strong>: Angaja\u021bii trebuie s\u0103 colaboreze cu colegii \u0219i superiorii pentru a promova un mediu de lucru incluziv \u0219i echitabil.\u200b<\/li>\n\n\n\n<li class=\"gutenify-section-796b2ad0-1906-11f0-af32-7940e0cddbb3\"><strong>Conformitatea cu politicile interne<\/strong>: Angaja\u021bii trebuie s\u0103 respecte politicile \u0219i procedurile organiza\u021biei privind nediscriminarea \u0219i egalitatea de \u0219anse.\u200b<\/li>\n<\/ul>\n\n\n\n<p class=\"gutenify-section-796bc710-1906-11f0-af32-7940e0cddbb3\">\u200b \u00cen concluzie, promovarea principiului nediscrimin\u0103rii \u00een cadrul proiectului \u201e<strong><em>Dezvoltare \u0219i Performan\u021b\u0103: Promovarea \u00eenv\u0103\u021b\u0103rii pe tot parcursul vie\u021bii<\/em><\/strong>\u201d este esen\u021bial\u0103 pentru asigurarea unui mediu de lucru echitabil \u0219i incluziv. Prin con\u0219tientizarea drepturilor \u0219i responsabilit\u0103\u021bilor, fiecare participant contribuie activ la crearea unui spa\u021biu profesional \u00een care diversitatea este apreciat\u0103, iar discriminarea este inacceptabil\u0103.<\/p>\n\n\n\n<p class=\"gutenify-section-796d9bd0-1906-11f0-af32-7940e0cddbb3\">Februarie 2025<\/p>\n\n\n\n<p class=\"gutenify-section-c097fe10-1906-11f0-af32-7940e0cddbb3\"><\/p>\n","protected":false},"excerpt":{"rendered":"<p>Pentru a sprijini promovarea principiului nediscrimin\u0103rii \u00een cadrul proiectului \u201eDezvoltare \u0219i Performan\u021b\u0103: Promovarea \u00eenv\u0103\u021b\u0103rii pe tot parcursul vie\u021bii\u201d, v\u0103 propunem un scurt material informativ. Acest document este conceput pentru a fi accesibil tuturor participan\u021bilor la formare \u0219i altor persoane interesate, oferind informa\u021bii esen\u021biale \u0219i practice despre nediscriminare.\u200b Ce trebuie s\u0103 \u0219tii despre nediscriminare Nediscriminarea este [&hellip;]<\/p>\n","protected":false},"author":1,"featured_media":0,"parent":0,"menu_order":0,"comment_status":"closed","ping_status":"closed","template":"","meta":{"gutenify_custom_css":"","gutenify_custom_css_data":"","footnotes":""},"class_list":["post-2661","page","type-page","status-publish","hentry"],"yoast_head":"<!-- This site is optimized with the Yoast SEO plugin v23.5 - https:\/\/yoast.com\/wordpress\/plugins\/seo\/ -->\n<title>Promovarea principiului nediscrimin\u0103rii - Indice Consulting<\/title>\n<meta name=\"robots\" content=\"index, follow, max-snippet:-1, max-image-preview:large, max-video-preview:-1\" \/>\n<link rel=\"canonical\" href=\"https:\/\/indice.ro\/index.php\/promovarea-principiului-nediscriminarii\/\" \/>\n<meta property=\"og:locale\" content=\"en_US\" \/>\n<meta property=\"og:type\" content=\"article\" \/>\n<meta property=\"og:title\" content=\"Promovarea principiului nediscrimin\u0103rii - Indice Consulting\" \/>\n<meta property=\"og:description\" content=\"Pentru a sprijini promovarea principiului nediscrimin\u0103rii \u00een cadrul proiectului \u201eDezvoltare \u0219i Performan\u021b\u0103: Promovarea \u00eenv\u0103\u021b\u0103rii pe tot parcursul vie\u021bii\u201d, v\u0103 propunem un scurt material informativ. Acest document este conceput pentru a fi accesibil tuturor participan\u021bilor la formare \u0219i altor persoane interesate, oferind informa\u021bii esen\u021biale \u0219i practice despre nediscriminare.\u200b Ce trebuie s\u0103 \u0219tii despre nediscriminare Nediscriminarea este [&hellip;]\" \/>\n<meta property=\"og:url\" content=\"https:\/\/indice.ro\/index.php\/promovarea-principiului-nediscriminarii\/\" \/>\n<meta property=\"og:site_name\" content=\"Indice Consulting\" \/>\n<meta property=\"article:modified_time\" content=\"2025-04-14T08:25:37+00:00\" \/>\n<meta property=\"og:image\" content=\"https:\/\/indice.ro\/wp-content\/uploads\/2025\/04\/image-5.png\" \/>\n<meta name=\"twitter:card\" content=\"summary_large_image\" \/>\n<meta name=\"twitter:label1\" content=\"Est. reading time\" \/>\n\t<meta name=\"twitter:data1\" content=\"3 minutes\" \/>\n<script type=\"application\/ld+json\" class=\"yoast-schema-graph\">{\"@context\":\"https:\/\/schema.org\",\"@graph\":[{\"@type\":\"WebPage\",\"@id\":\"https:\/\/indice.ro\/index.php\/promovarea-principiului-nediscriminarii\/\",\"url\":\"https:\/\/indice.ro\/index.php\/promovarea-principiului-nediscriminarii\/\",\"name\":\"Promovarea principiului nediscrimin\u0103rii - Indice Consulting\",\"isPartOf\":{\"@id\":\"https:\/\/indice.ro\/#website\"},\"primaryImageOfPage\":{\"@id\":\"https:\/\/indice.ro\/index.php\/promovarea-principiului-nediscriminarii\/#primaryimage\"},\"image\":{\"@id\":\"https:\/\/indice.ro\/index.php\/promovarea-principiului-nediscriminarii\/#primaryimage\"},\"thumbnailUrl\":\"https:\/\/indice.ro\/wp-content\/uploads\/2025\/04\/image-5.png\",\"datePublished\":\"2025-04-14T08:03:00+00:00\",\"dateModified\":\"2025-04-14T08:25:37+00:00\",\"breadcrumb\":{\"@id\":\"https:\/\/indice.ro\/index.php\/promovarea-principiului-nediscriminarii\/#breadcrumb\"},\"inLanguage\":\"en-US\",\"potentialAction\":[{\"@type\":\"ReadAction\",\"target\":[\"https:\/\/indice.ro\/index.php\/promovarea-principiului-nediscriminarii\/\"]}]},{\"@type\":\"ImageObject\",\"inLanguage\":\"en-US\",\"@id\":\"https:\/\/indice.ro\/index.php\/promovarea-principiului-nediscriminarii\/#primaryimage\",\"url\":\"https:\/\/indice.ro\/wp-content\/uploads\/2025\/04\/image-5.png\",\"contentUrl\":\"https:\/\/indice.ro\/wp-content\/uploads\/2025\/04\/image-5.png\",\"width\":946,\"height\":112},{\"@type\":\"BreadcrumbList\",\"@id\":\"https:\/\/indice.ro\/index.php\/promovarea-principiului-nediscriminarii\/#breadcrumb\",\"itemListElement\":[{\"@type\":\"ListItem\",\"position\":1,\"name\":\"Home\",\"item\":\"https:\/\/indice.ro\/\"},{\"@type\":\"ListItem\",\"position\":2,\"name\":\"Promovarea principiului nediscrimin\u0103rii\"}]},{\"@type\":\"WebSite\",\"@id\":\"https:\/\/indice.ro\/#website\",\"url\":\"https:\/\/indice.ro\/\",\"name\":\"Indice Consulting\",\"description\":\"\",\"publisher\":{\"@id\":\"https:\/\/indice.ro\/#organization\"},\"potentialAction\":[{\"@type\":\"SearchAction\",\"target\":{\"@type\":\"EntryPoint\",\"urlTemplate\":\"https:\/\/indice.ro\/?s={search_term_string}\"},\"query-input\":{\"@type\":\"PropertyValueSpecification\",\"valueRequired\":true,\"valueName\":\"search_term_string\"}}],\"inLanguage\":\"en-US\"},{\"@type\":\"Organization\",\"@id\":\"https:\/\/indice.ro\/#organization\",\"name\":\"Indice Consulting\",\"url\":\"https:\/\/indice.ro\/\",\"logo\":{\"@type\":\"ImageObject\",\"inLanguage\":\"en-US\",\"@id\":\"https:\/\/indice.ro\/#\/schema\/logo\/image\/\",\"url\":\"https:\/\/indice.ro\/wp-content\/uploads\/2024\/09\/logo.jpg\",\"contentUrl\":\"https:\/\/indice.ro\/wp-content\/uploads\/2024\/09\/logo.jpg\",\"width\":219,\"height\":116,\"caption\":\"Indice Consulting\"},\"image\":{\"@id\":\"https:\/\/indice.ro\/#\/schema\/logo\/image\/\"}}]}<\/script>\n<!-- \/ Yoast SEO plugin. -->","yoast_head_json":{"title":"Promovarea principiului nediscrimin\u0103rii - Indice Consulting","robots":{"index":"index","follow":"follow","max-snippet":"max-snippet:-1","max-image-preview":"max-image-preview:large","max-video-preview":"max-video-preview:-1"},"canonical":"https:\/\/indice.ro\/index.php\/promovarea-principiului-nediscriminarii\/","og_locale":"en_US","og_type":"article","og_title":"Promovarea principiului nediscrimin\u0103rii - Indice Consulting","og_description":"Pentru a sprijini promovarea principiului nediscrimin\u0103rii \u00een cadrul proiectului \u201eDezvoltare \u0219i Performan\u021b\u0103: Promovarea \u00eenv\u0103\u021b\u0103rii pe tot parcursul vie\u021bii\u201d, v\u0103 propunem un scurt material informativ. Acest document este conceput pentru a fi accesibil tuturor participan\u021bilor la formare \u0219i altor persoane interesate, oferind informa\u021bii esen\u021biale \u0219i practice despre nediscriminare.\u200b Ce trebuie s\u0103 \u0219tii despre nediscriminare Nediscriminarea este [&hellip;]","og_url":"https:\/\/indice.ro\/index.php\/promovarea-principiului-nediscriminarii\/","og_site_name":"Indice Consulting","article_modified_time":"2025-04-14T08:25:37+00:00","og_image":[{"url":"https:\/\/indice.ro\/wp-content\/uploads\/2025\/04\/image-5.png"}],"twitter_card":"summary_large_image","twitter_misc":{"Est. reading time":"3 minutes"},"schema":{"@context":"https:\/\/schema.org","@graph":[{"@type":"WebPage","@id":"https:\/\/indice.ro\/index.php\/promovarea-principiului-nediscriminarii\/","url":"https:\/\/indice.ro\/index.php\/promovarea-principiului-nediscriminarii\/","name":"Promovarea principiului nediscrimin\u0103rii - Indice Consulting","isPartOf":{"@id":"https:\/\/indice.ro\/#website"},"primaryImageOfPage":{"@id":"https:\/\/indice.ro\/index.php\/promovarea-principiului-nediscriminarii\/#primaryimage"},"image":{"@id":"https:\/\/indice.ro\/index.php\/promovarea-principiului-nediscriminarii\/#primaryimage"},"thumbnailUrl":"https:\/\/indice.ro\/wp-content\/uploads\/2025\/04\/image-5.png","datePublished":"2025-04-14T08:03:00+00:00","dateModified":"2025-04-14T08:25:37+00:00","breadcrumb":{"@id":"https:\/\/indice.ro\/index.php\/promovarea-principiului-nediscriminarii\/#breadcrumb"},"inLanguage":"en-US","potentialAction":[{"@type":"ReadAction","target":["https:\/\/indice.ro\/index.php\/promovarea-principiului-nediscriminarii\/"]}]},{"@type":"ImageObject","inLanguage":"en-US","@id":"https:\/\/indice.ro\/index.php\/promovarea-principiului-nediscriminarii\/#primaryimage","url":"https:\/\/indice.ro\/wp-content\/uploads\/2025\/04\/image-5.png","contentUrl":"https:\/\/indice.ro\/wp-content\/uploads\/2025\/04\/image-5.png","width":946,"height":112},{"@type":"BreadcrumbList","@id":"https:\/\/indice.ro\/index.php\/promovarea-principiului-nediscriminarii\/#breadcrumb","itemListElement":[{"@type":"ListItem","position":1,"name":"Home","item":"https:\/\/indice.ro\/"},{"@type":"ListItem","position":2,"name":"Promovarea principiului nediscrimin\u0103rii"}]},{"@type":"WebSite","@id":"https:\/\/indice.ro\/#website","url":"https:\/\/indice.ro\/","name":"Indice Consulting","description":"","publisher":{"@id":"https:\/\/indice.ro\/#organization"},"potentialAction":[{"@type":"SearchAction","target":{"@type":"EntryPoint","urlTemplate":"https:\/\/indice.ro\/?s={search_term_string}"},"query-input":{"@type":"PropertyValueSpecification","valueRequired":true,"valueName":"search_term_string"}}],"inLanguage":"en-US"},{"@type":"Organization","@id":"https:\/\/indice.ro\/#organization","name":"Indice Consulting","url":"https:\/\/indice.ro\/","logo":{"@type":"ImageObject","inLanguage":"en-US","@id":"https:\/\/indice.ro\/#\/schema\/logo\/image\/","url":"https:\/\/indice.ro\/wp-content\/uploads\/2024\/09\/logo.jpg","contentUrl":"https:\/\/indice.ro\/wp-content\/uploads\/2024\/09\/logo.jpg","width":219,"height":116,"caption":"Indice Consulting"},"image":{"@id":"https:\/\/indice.ro\/#\/schema\/logo\/image\/"}}]}},"_links":{"self":[{"href":"https:\/\/indice.ro\/index.php\/wp-json\/wp\/v2\/pages\/2661","targetHints":{"allow":["GET"]}}],"collection":[{"href":"https:\/\/indice.ro\/index.php\/wp-json\/wp\/v2\/pages"}],"about":[{"href":"https:\/\/indice.ro\/index.php\/wp-json\/wp\/v2\/types\/page"}],"author":[{"embeddable":true,"href":"https:\/\/indice.ro\/index.php\/wp-json\/wp\/v2\/users\/1"}],"replies":[{"embeddable":true,"href":"https:\/\/indice.ro\/index.php\/wp-json\/wp\/v2\/comments?post=2661"}],"version-history":[{"count":4,"href":"https:\/\/indice.ro\/index.php\/wp-json\/wp\/v2\/pages\/2661\/revisions"}],"predecessor-version":[{"id":2672,"href":"https:\/\/indice.ro\/index.php\/wp-json\/wp\/v2\/pages\/2661\/revisions\/2672"}],"wp:attachment":[{"href":"https:\/\/indice.ro\/index.php\/wp-json\/wp\/v2\/media?parent=2661"}],"curies":[{"name":"wp","href":"https:\/\/api.w.org\/{rel}","templated":true}]}}