{"id":2639,"date":"2025-04-07T15:37:12","date_gmt":"2025-04-07T15:37:12","guid":{"rendered":"https:\/\/indice.ro\/?page_id=2639"},"modified":"2025-04-07T15:48:42","modified_gmt":"2025-04-07T15:48:42","slug":"anunt-de-diseminare-a-rezultatelor-proiectului-edu-activ-formare-profesionala-pentru-dezvoltare-si-inovare-128258","status":"publish","type":"page","link":"https:\/\/indice.ro\/index.php\/anunt-de-diseminare-a-rezultatelor-proiectului-edu-activ-formare-profesionala-pentru-dezvoltare-si-inovare-128258\/","title":{"rendered":"Anun\u021b de diseminare a rezultatelor proiectului \u201d EDU Activ &#8211; Formare profesionala pentru dezvoltare si inovare\u201d \u2013 128258"},"content":{"rendered":"\n<p class=\"gutenify-section-ba1a0d80-13c5-11f0-8a25-11ac559e6f44\">Suntem \u00eenc\u00e2nta\u021bi s\u0103 anun\u021b\u0103m finalizarea proiectului <strong>EDU Activ &#8211; Formare profesionala pentru dezvoltare si inovare <\/strong>un proiect dedicat \u00eembun\u0103t\u0103\u021birii nivelului de calificare a angaja\u021bilor prin participarea acestora la programe de formare profesional\u0103 continu\u0103. Proiectul a avut ca obiectiv general cresterea cu 326 a numarului de angajati din regiunile SVO, SM si Centru, cu cunostinte\/ competente\/ aptitudini in domeniile aferente sectoarele economice\/ domeniile identificate conform SNC si SNCDI imbunatatite, cu 326 a numarului de persoane care dob\u00e2ndesc o calificare\/ care si-au validat competentele \u00een sectoarele prioritare la \u00eencetarea calitatii de participant la programele de formare organizate si cu 36 a numarului de IMM-uri sprijinite care activeaza sau intentioneaza sa-si adapteze activitatea la aceste sectoare.<\/p>\n\n\n\n<p class=\"gutenify-section-ba1aa9c0-13c5-11f0-8a25-11ac559e6f44\"><strong>Rezultatele ob\u021binute \u00een cadrul proiectului sunt urm\u0103toarele:<\/strong><\/p>\n\n\n\n<p class=\"gutenify-section-ba1b1ef0-13c5-11f0-8a25-11ac559e6f44\">\u2022&nbsp;&nbsp; 324 de persoane identificate si selectate pentru includerea in grup tinta<\/p>\n\n\n\n<p class=\"gutenify-section-ba1b6d10-13c5-11f0-8a25-11ac559e6f44\">\u2022&nbsp;&nbsp; 50 IMM-uri care activeaza sau intentioneaza sa isi adapteze activit la unul din sectoarele prioritare identificate si selectate ca IMM ce urmeaza a fi sprijinite<\/p>\n\n\n\n<p class=\"gutenify-section-ba1be240-13c5-11f0-8a25-11ac559e6f44\">\u2022&nbsp;&nbsp; 5 grupe de cursuri de \u201eAgent vanzari\u201d organizate<\/p>\n\n\n\n<p class=\"gutenify-section-ba1c3060-13c5-11f0-8a25-11ac559e6f44\">\u2022&nbsp;&nbsp; 4 grupe de cursuri de \u201eCompetente informatice\u201d organizate<\/p>\n\n\n\n<p class=\"gutenify-section-ba1ca590-13c5-11f0-8a25-11ac559e6f44\">\u2022&nbsp;&nbsp; 4 grupe de cursuri de \u201eResponsabil de mediu\u201d organizate<\/p>\n\n\n\n<p class=\"gutenify-section-ba1d41d0-13c5-11f0-8a25-11ac559e6f44\">\u2022&nbsp;&nbsp; 4 grupe de curs de \u201eAsistent relatii publice si comunicare\u201d organizate<\/p>\n\n\n\n<p class=\"gutenify-section-ba1dde10-13c5-11f0-8a25-11ac559e6f44\">\u2022&nbsp;&nbsp; 324 dintre angajatii care activeaza pe alte posturi decat cele specifice managementului strategic si departamentului de resurse umane participante la FPC<\/p>\n\n\n\n<p class=\"gutenify-section-ba1e5340-13c5-11f0-8a25-11ac559e6f44\">\u2022&nbsp;&nbsp; 324 angajati care activeaza pe alte posturi decat celespecifice managementului<\/p>\n\n\n\n<p class=\"gutenify-section-ba1ec870-13c5-11f0-8a25-11ac559e6f44\">strategic si departamentului de resurse umane care si-au imbunatatit cunostintele\/competentele\/aptitudinile in sectoarele prioritare<\/p>\n\n\n\n<p class=\"gutenify-section-ba1f1690-13c5-11f0-8a25-11ac559e6f44\">\u2022&nbsp;&nbsp; 17 examene finale de absolvire organizate<\/p>\n\n\n\n<p class=\"gutenify-section-ba1f8bc0-13c5-11f0-8a25-11ac559e6f44\">\u2022&nbsp;&nbsp; 320 dintre angajatii care activeaza pe alte posturi decat cele specifice managementului strategic si departamentului de resurse umane certificate<\/p>\n\n\n\n<p class=\"gutenify-section-ba1fd9e0-13c5-11f0-8a25-11ac559e6f44\">\u2022&nbsp;&nbsp; 324 certificate de absolvire&nbsp; acordate<\/p>\n\n\n\n<p class=\"gutenify-section-ba202800-13c5-11f0-8a25-11ac559e6f44\">\u2022&nbsp;&nbsp; 324&nbsp; de trasee optime de urmat elaborate<\/p>\n\n\n\n<p class=\"gutenify-section-ba204f10-13c5-11f0-8a25-11ac559e6f44\">\u2022&nbsp;&nbsp; 10 programe de invatare la&nbsp; locul de munca elaborate<\/p>\n\n\n\n<p class=\"gutenify-section-ba20c440-13c5-11f0-8a25-11ac559e6f44\">\u2022&nbsp;&nbsp; 1 Metodologie de elaborare programe de invatare la locul de munca elaborata si documente suport necesare<\/p>\n\n\n\n<p class=\"gutenify-section-ba211260-13c5-11f0-8a25-11ac559e6f44\"><strong>Indicatori realizare:<\/strong><\/p>\n\n\n\n<p class=\"gutenify-section-ba218790-13c5-11f0-8a25-11ac559e6f44\">Angaja\u021bi care beneficiaz\u0103 de programe de formare: 324<\/p>\n\n\n\n<p class=\"gutenify-section-ba21d5b0-13c5-11f0-8a25-11ac559e6f44\">\u00centreprinderi sprijinite, din care: &#8211; IMM-uri : 50<\/p>\n\n\n\n<p class=\"gutenify-section-ba2223d0-13c5-11f0-8a25-11ac559e6f44\">\u00centreprinderi sprijinite: 50<\/p>\n\n\n\n<p class=\"gutenify-section-ba2271f0-13c5-11f0-8a25-11ac559e6f44\">Ata\u0219at prezentului anunt, reg\u0103si\u021bi cele mai relevante documente elaborate \u00een cadrul acestui proiect, menite s\u0103 sprijine diseminarea rezultatelor ob\u021binute. Sper\u0103m ca informa\u021biile incluse s\u0103 v\u0103 fie utile \u0219i s\u0103 contribuie la o mai bun\u0103 \u00een\u021belegere a impactului \u0219i beneficiilor generate de proiect.<\/p>\n\n\n\n<p class=\"gutenify-section-ba22c010-13c5-11f0-8a25-11ac559e6f44\"><strong>Mul\u021bumim tuturor celor implica\u021bi \u00een implementarea acestui proiect \u0219i participan\u021bilor care au ales s\u0103 \u00ee\u0219i \u00eembun\u0103t\u0103\u021beasc\u0103 abilit\u0103\u021bile profesionale, contribuind astfel la o mai bun\u0103 integrare \u00een pia\u021ba muncii!<\/strong><\/p>\n\n\n\n<p class=\"gutenify-section-ba230e30-13c5-11f0-8a25-11ac559e6f44\">27.10.2022<\/p>\n\n\n\n<p class=\"gutenify-section-d70e0270-13c5-11f0-8a25-11ac559e6f44\"><\/p>\n\n\n\n<div data-wp-interactive=\"core\/file\" class=\"wp-block-file gutenify-section-e6e27050-13c5-11f0-8a25-11ac559e6f44\"><object data-wp-bind--hidden=\"!state.hasPdfPreview\" hidden class=\"wp-block-file__embed\" data=\"https:\/\/indice.ro\/wp-content\/uploads\/2025\/04\/Planul-Programului-de-Formare-Profesionala-MAI-2021.pdf\" type=\"application\/pdf\" style=\"width:100%;height:600px\" aria-label=\"Embed of Planul Programului de Formare Profesionala -MAI 2021.\"><\/object><a id=\"wp-block-file--media-cbc25e16-6900-44f5-b7f4-3516c6f5916a\" href=\"https:\/\/indice.ro\/wp-content\/uploads\/2025\/04\/Planul-Programului-de-Formare-Profesionala-MAI-2021.pdf\">Planul Programului de Formare Profesionala -MAI 2021<\/a><a href=\"https:\/\/indice.ro\/wp-content\/uploads\/2025\/04\/Planul-Programului-de-Formare-Profesionala-MAI-2021.pdf\" class=\"wp-block-file__button wp-element-button\" download aria-describedby=\"wp-block-file--media-cbc25e16-6900-44f5-b7f4-3516c6f5916a\">Download<\/a><\/div>\n\n\n\n<p class=\"gutenify-section-02a474f0-13c6-11f0-8a25-11ac559e6f44\"><\/p>\n\n\n\n<div data-wp-interactive=\"core\/file\" class=\"wp-block-file gutenify-section-04614020-13c6-11f0-8a25-11ac559e6f44\"><object data-wp-bind--hidden=\"!state.hasPdfPreview\" hidden class=\"wp-block-file__embed\" data=\"https:\/\/indice.ro\/wp-content\/uploads\/2025\/04\/Manual-de-curs-Agent-Vanzari.pdf\" type=\"application\/pdf\" style=\"width:100%;height:600px\" aria-label=\"Embed of Manual de curs Agent Vanzari.\"><\/object><a id=\"wp-block-file--media-dea8d015-fe59-42ec-be62-3adaf9e4120d\" href=\"https:\/\/indice.ro\/wp-content\/uploads\/2025\/04\/Manual-de-curs-Agent-Vanzari.pdf\">Manual de curs Agent Vanzari<\/a><a href=\"https:\/\/indice.ro\/wp-content\/uploads\/2025\/04\/Manual-de-curs-Agent-Vanzari.pdf\" class=\"wp-block-file__button wp-element-button\" download aria-describedby=\"wp-block-file--media-dea8d015-fe59-42ec-be62-3adaf9e4120d\">Download<\/a><\/div>\n\n\n\n<p class=\"gutenify-section-0c508020-13c6-11f0-8a25-11ac559e6f44\"><\/p>\n\n\n\n<div data-wp-interactive=\"core\/file\" class=\"wp-block-file gutenify-section-0da38d00-13c6-11f0-8a25-11ac559e6f44\"><object data-wp-bind--hidden=\"!state.hasPdfPreview\" hidden class=\"wp-block-file__embed\" data=\"https:\/\/indice.ro\/wp-content\/uploads\/2025\/04\/Manual-de-curs-Asistent-relatii-publice-si-comunicare.pdf\" type=\"application\/pdf\" style=\"width:100%;height:600px\" aria-label=\"Embed of Manual de curs Asistent rela\u021bii publice \u0219i comunicare.\"><\/object><a id=\"wp-block-file--media-794929f6-e032-4e8d-80e6-f5a376826dc2\" href=\"https:\/\/indice.ro\/wp-content\/uploads\/2025\/04\/Manual-de-curs-Asistent-relatii-publice-si-comunicare.pdf\">Manual de curs Asistent rela\u021bii publice \u0219i comunicare<\/a><a href=\"https:\/\/indice.ro\/wp-content\/uploads\/2025\/04\/Manual-de-curs-Asistent-relatii-publice-si-comunicare.pdf\" class=\"wp-block-file__button wp-element-button\" download aria-describedby=\"wp-block-file--media-794929f6-e032-4e8d-80e6-f5a376826dc2\">Download<\/a><\/div>\n\n\n\n<p class=\"gutenify-section-15376690-13c6-11f0-8a25-11ac559e6f44\"><\/p>\n\n\n\n<div data-wp-interactive=\"core\/file\" class=\"wp-block-file gutenify-section-173161d0-13c6-11f0-8a25-11ac559e6f44\"><object data-wp-bind--hidden=\"!state.hasPdfPreview\" hidden class=\"wp-block-file__embed\" data=\"https:\/\/indice.ro\/wp-content\/uploads\/2025\/04\/Manual-de-curs-Competente-Informatice.pdf\" type=\"application\/pdf\" style=\"width:100%;height:600px\" aria-label=\"Embed of Manual de curs Competente Informatice.\"><\/object><a id=\"wp-block-file--media-60f65226-1b70-4407-b37d-27893519c1d4\" href=\"https:\/\/indice.ro\/wp-content\/uploads\/2025\/04\/Manual-de-curs-Competente-Informatice.pdf\">Manual de curs Competente Informatice<\/a><a href=\"https:\/\/indice.ro\/wp-content\/uploads\/2025\/04\/Manual-de-curs-Competente-Informatice.pdf\" class=\"wp-block-file__button wp-element-button\" download aria-describedby=\"wp-block-file--media-60f65226-1b70-4407-b37d-27893519c1d4\">Download<\/a><\/div>\n\n\n\n<p class=\"gutenify-section-1f52fc70-13c6-11f0-8a25-11ac559e6f44\"><\/p>\n\n\n\n<div data-wp-interactive=\"core\/file\" class=\"wp-block-file gutenify-section-2104a410-13c6-11f0-8a25-11ac559e6f44\"><object data-wp-bind--hidden=\"!state.hasPdfPreview\" hidden class=\"wp-block-file__embed\" data=\"https:\/\/indice.ro\/wp-content\/uploads\/2025\/04\/METODOLOGIE-privind-elaborarea-unor-programe-de-invatare-la-locul-de-munca-1.pdf\" type=\"application\/pdf\" style=\"width:100%;height:600px\" aria-label=\"Embed of METODOLOGIE privind elaborarea unor programe de \u00eenvatare la locul de munca.\"><\/object><a id=\"wp-block-file--media-b753eb8e-3e3b-43d5-8a76-e81ec8af39a8\" href=\"https:\/\/indice.ro\/wp-content\/uploads\/2025\/04\/METODOLOGIE-privind-elaborarea-unor-programe-de-invatare-la-locul-de-munca-1.pdf\">METODOLOGIE privind elaborarea unor programe de \u00eenvatare la locul de munca<\/a><a href=\"https:\/\/indice.ro\/wp-content\/uploads\/2025\/04\/METODOLOGIE-privind-elaborarea-unor-programe-de-invatare-la-locul-de-munca-1.pdf\" class=\"wp-block-file__button wp-element-button\" download aria-describedby=\"wp-block-file--media-b753eb8e-3e3b-43d5-8a76-e81ec8af39a8\">Download<\/a><\/div>\n","protected":false},"excerpt":{"rendered":"<p>Suntem \u00eenc\u00e2nta\u021bi s\u0103 anun\u021b\u0103m finalizarea proiectului EDU Activ &#8211; Formare profesionala pentru dezvoltare si inovare un proiect dedicat \u00eembun\u0103t\u0103\u021birii nivelului de calificare a angaja\u021bilor prin participarea acestora la programe de formare profesional\u0103 continu\u0103. Proiectul a avut ca obiectiv general cresterea cu 326 a numarului de angajati din regiunile SVO, SM si Centru, cu cunostinte\/ competente\/ [&hellip;]<\/p>\n","protected":false},"author":1,"featured_media":0,"parent":0,"menu_order":0,"comment_status":"closed","ping_status":"closed","template":"","meta":{"gutenify_custom_css":"","gutenify_custom_css_data":"","footnotes":""},"class_list":["post-2639","page","type-page","status-publish","hentry"],"yoast_head":"<!-- This site is optimized with the Yoast SEO plugin v23.5 - https:\/\/yoast.com\/wordpress\/plugins\/seo\/ -->\n<title>Anun\u021b de diseminare a rezultatelor proiectului \u201d EDU Activ - Formare profesionala pentru dezvoltare si inovare\u201d \u2013 128258 - Indice Consulting<\/title>\n<meta name=\"robots\" content=\"index, follow, max-snippet:-1, max-image-preview:large, max-video-preview:-1\" \/>\n<link rel=\"canonical\" href=\"https:\/\/indice.ro\/index.php\/anunt-de-diseminare-a-rezultatelor-proiectului-edu-activ-formare-profesionala-pentru-dezvoltare-si-inovare-128258\/\" \/>\n<meta property=\"og:locale\" content=\"en_US\" \/>\n<meta property=\"og:type\" content=\"article\" \/>\n<meta property=\"og:title\" content=\"Anun\u021b de diseminare a rezultatelor proiectului \u201d EDU Activ - Formare profesionala pentru dezvoltare si inovare\u201d \u2013 128258 - Indice Consulting\" \/>\n<meta property=\"og:description\" content=\"Suntem \u00eenc\u00e2nta\u021bi s\u0103 anun\u021b\u0103m finalizarea proiectului EDU Activ &#8211; Formare profesionala pentru dezvoltare si inovare un proiect dedicat \u00eembun\u0103t\u0103\u021birii nivelului de calificare a angaja\u021bilor prin participarea acestora la programe de formare profesional\u0103 continu\u0103. Proiectul a avut ca obiectiv general cresterea cu 326 a numarului de angajati din regiunile SVO, SM si Centru, cu cunostinte\/ competente\/ [&hellip;]\" \/>\n<meta property=\"og:url\" content=\"https:\/\/indice.ro\/index.php\/anunt-de-diseminare-a-rezultatelor-proiectului-edu-activ-formare-profesionala-pentru-dezvoltare-si-inovare-128258\/\" \/>\n<meta property=\"og:site_name\" content=\"Indice Consulting\" \/>\n<meta property=\"article:modified_time\" content=\"2025-04-07T15:48:42+00:00\" \/>\n<meta name=\"twitter:card\" content=\"summary_large_image\" \/>\n<meta name=\"twitter:label1\" content=\"Est. reading time\" \/>\n\t<meta name=\"twitter:data1\" content=\"2 minutes\" \/>\n<script type=\"application\/ld+json\" class=\"yoast-schema-graph\">{\"@context\":\"https:\/\/schema.org\",\"@graph\":[{\"@type\":\"WebPage\",\"@id\":\"https:\/\/indice.ro\/index.php\/anunt-de-diseminare-a-rezultatelor-proiectului-edu-activ-formare-profesionala-pentru-dezvoltare-si-inovare-128258\/\",\"url\":\"https:\/\/indice.ro\/index.php\/anunt-de-diseminare-a-rezultatelor-proiectului-edu-activ-formare-profesionala-pentru-dezvoltare-si-inovare-128258\/\",\"name\":\"Anun\u021b de diseminare a rezultatelor proiectului \u201d EDU Activ - Formare profesionala pentru dezvoltare si inovare\u201d \u2013 128258 - Indice Consulting\",\"isPartOf\":{\"@id\":\"https:\/\/indice.ro\/#website\"},\"datePublished\":\"2025-04-07T15:37:12+00:00\",\"dateModified\":\"2025-04-07T15:48:42+00:00\",\"breadcrumb\":{\"@id\":\"https:\/\/indice.ro\/index.php\/anunt-de-diseminare-a-rezultatelor-proiectului-edu-activ-formare-profesionala-pentru-dezvoltare-si-inovare-128258\/#breadcrumb\"},\"inLanguage\":\"en-US\",\"potentialAction\":[{\"@type\":\"ReadAction\",\"target\":[\"https:\/\/indice.ro\/index.php\/anunt-de-diseminare-a-rezultatelor-proiectului-edu-activ-formare-profesionala-pentru-dezvoltare-si-inovare-128258\/\"]}]},{\"@type\":\"BreadcrumbList\",\"@id\":\"https:\/\/indice.ro\/index.php\/anunt-de-diseminare-a-rezultatelor-proiectului-edu-activ-formare-profesionala-pentru-dezvoltare-si-inovare-128258\/#breadcrumb\",\"itemListElement\":[{\"@type\":\"ListItem\",\"position\":1,\"name\":\"Home\",\"item\":\"https:\/\/indice.ro\/\"},{\"@type\":\"ListItem\",\"position\":2,\"name\":\"Anun\u021b de diseminare a rezultatelor proiectului \u201d EDU Activ &#8211; Formare profesionala pentru dezvoltare si inovare\u201d \u2013 128258\"}]},{\"@type\":\"WebSite\",\"@id\":\"https:\/\/indice.ro\/#website\",\"url\":\"https:\/\/indice.ro\/\",\"name\":\"Indice Consulting\",\"description\":\"\",\"publisher\":{\"@id\":\"https:\/\/indice.ro\/#organization\"},\"potentialAction\":[{\"@type\":\"SearchAction\",\"target\":{\"@type\":\"EntryPoint\",\"urlTemplate\":\"https:\/\/indice.ro\/?s={search_term_string}\"},\"query-input\":{\"@type\":\"PropertyValueSpecification\",\"valueRequired\":true,\"valueName\":\"search_term_string\"}}],\"inLanguage\":\"en-US\"},{\"@type\":\"Organization\",\"@id\":\"https:\/\/indice.ro\/#organization\",\"name\":\"Indice Consulting\",\"url\":\"https:\/\/indice.ro\/\",\"logo\":{\"@type\":\"ImageObject\",\"inLanguage\":\"en-US\",\"@id\":\"https:\/\/indice.ro\/#\/schema\/logo\/image\/\",\"url\":\"https:\/\/indice.ro\/wp-content\/uploads\/2024\/09\/logo.jpg\",\"contentUrl\":\"https:\/\/indice.ro\/wp-content\/uploads\/2024\/09\/logo.jpg\",\"width\":219,\"height\":116,\"caption\":\"Indice Consulting\"},\"image\":{\"@id\":\"https:\/\/indice.ro\/#\/schema\/logo\/image\/\"}}]}<\/script>\n<!-- \/ Yoast SEO plugin. -->","yoast_head_json":{"title":"Anun\u021b de diseminare a rezultatelor proiectului \u201d EDU Activ - Formare profesionala pentru dezvoltare si inovare\u201d \u2013 128258 - Indice Consulting","robots":{"index":"index","follow":"follow","max-snippet":"max-snippet:-1","max-image-preview":"max-image-preview:large","max-video-preview":"max-video-preview:-1"},"canonical":"https:\/\/indice.ro\/index.php\/anunt-de-diseminare-a-rezultatelor-proiectului-edu-activ-formare-profesionala-pentru-dezvoltare-si-inovare-128258\/","og_locale":"en_US","og_type":"article","og_title":"Anun\u021b de diseminare a rezultatelor proiectului \u201d EDU Activ - Formare profesionala pentru dezvoltare si inovare\u201d \u2013 128258 - Indice Consulting","og_description":"Suntem \u00eenc\u00e2nta\u021bi s\u0103 anun\u021b\u0103m finalizarea proiectului EDU Activ &#8211; Formare profesionala pentru dezvoltare si inovare un proiect dedicat \u00eembun\u0103t\u0103\u021birii nivelului de calificare a angaja\u021bilor prin participarea acestora la programe de formare profesional\u0103 continu\u0103. Proiectul a avut ca obiectiv general cresterea cu 326 a numarului de angajati din regiunile SVO, SM si Centru, cu cunostinte\/ competente\/ [&hellip;]","og_url":"https:\/\/indice.ro\/index.php\/anunt-de-diseminare-a-rezultatelor-proiectului-edu-activ-formare-profesionala-pentru-dezvoltare-si-inovare-128258\/","og_site_name":"Indice Consulting","article_modified_time":"2025-04-07T15:48:42+00:00","twitter_card":"summary_large_image","twitter_misc":{"Est. reading time":"2 minutes"},"schema":{"@context":"https:\/\/schema.org","@graph":[{"@type":"WebPage","@id":"https:\/\/indice.ro\/index.php\/anunt-de-diseminare-a-rezultatelor-proiectului-edu-activ-formare-profesionala-pentru-dezvoltare-si-inovare-128258\/","url":"https:\/\/indice.ro\/index.php\/anunt-de-diseminare-a-rezultatelor-proiectului-edu-activ-formare-profesionala-pentru-dezvoltare-si-inovare-128258\/","name":"Anun\u021b de diseminare a rezultatelor proiectului \u201d EDU Activ - Formare profesionala pentru dezvoltare si inovare\u201d \u2013 128258 - Indice Consulting","isPartOf":{"@id":"https:\/\/indice.ro\/#website"},"datePublished":"2025-04-07T15:37:12+00:00","dateModified":"2025-04-07T15:48:42+00:00","breadcrumb":{"@id":"https:\/\/indice.ro\/index.php\/anunt-de-diseminare-a-rezultatelor-proiectului-edu-activ-formare-profesionala-pentru-dezvoltare-si-inovare-128258\/#breadcrumb"},"inLanguage":"en-US","potentialAction":[{"@type":"ReadAction","target":["https:\/\/indice.ro\/index.php\/anunt-de-diseminare-a-rezultatelor-proiectului-edu-activ-formare-profesionala-pentru-dezvoltare-si-inovare-128258\/"]}]},{"@type":"BreadcrumbList","@id":"https:\/\/indice.ro\/index.php\/anunt-de-diseminare-a-rezultatelor-proiectului-edu-activ-formare-profesionala-pentru-dezvoltare-si-inovare-128258\/#breadcrumb","itemListElement":[{"@type":"ListItem","position":1,"name":"Home","item":"https:\/\/indice.ro\/"},{"@type":"ListItem","position":2,"name":"Anun\u021b de diseminare a rezultatelor proiectului \u201d EDU Activ &#8211; Formare profesionala pentru dezvoltare si inovare\u201d \u2013 128258"}]},{"@type":"WebSite","@id":"https:\/\/indice.ro\/#website","url":"https:\/\/indice.ro\/","name":"Indice Consulting","description":"","publisher":{"@id":"https:\/\/indice.ro\/#organization"},"potentialAction":[{"@type":"SearchAction","target":{"@type":"EntryPoint","urlTemplate":"https:\/\/indice.ro\/?s={search_term_string}"},"query-input":{"@type":"PropertyValueSpecification","valueRequired":true,"valueName":"search_term_string"}}],"inLanguage":"en-US"},{"@type":"Organization","@id":"https:\/\/indice.ro\/#organization","name":"Indice Consulting","url":"https:\/\/indice.ro\/","logo":{"@type":"ImageObject","inLanguage":"en-US","@id":"https:\/\/indice.ro\/#\/schema\/logo\/image\/","url":"https:\/\/indice.ro\/wp-content\/uploads\/2024\/09\/logo.jpg","contentUrl":"https:\/\/indice.ro\/wp-content\/uploads\/2024\/09\/logo.jpg","width":219,"height":116,"caption":"Indice Consulting"},"image":{"@id":"https:\/\/indice.ro\/#\/schema\/logo\/image\/"}}]}},"_links":{"self":[{"href":"https:\/\/indice.ro\/index.php\/wp-json\/wp\/v2\/pages\/2639","targetHints":{"allow":["GET"]}}],"collection":[{"href":"https:\/\/indice.ro\/index.php\/wp-json\/wp\/v2\/pages"}],"about":[{"href":"https:\/\/indice.ro\/index.php\/wp-json\/wp\/v2\/types\/page"}],"author":[{"embeddable":true,"href":"https:\/\/indice.ro\/index.php\/wp-json\/wp\/v2\/users\/1"}],"replies":[{"embeddable":true,"href":"https:\/\/indice.ro\/index.php\/wp-json\/wp\/v2\/comments?post=2639"}],"version-history":[{"count":2,"href":"https:\/\/indice.ro\/index.php\/wp-json\/wp\/v2\/pages\/2639\/revisions"}],"predecessor-version":[{"id":2650,"href":"https:\/\/indice.ro\/index.php\/wp-json\/wp\/v2\/pages\/2639\/revisions\/2650"}],"wp:attachment":[{"href":"https:\/\/indice.ro\/index.php\/wp-json\/wp\/v2\/media?parent=2639"}],"curies":[{"name":"wp","href":"https:\/\/api.w.org\/{rel}","templated":true}]}}