{"id":2627,"date":"2025-04-04T10:57:28","date_gmt":"2025-04-04T10:57:28","guid":{"rendered":"https:\/\/indice.ro\/?page_id=2627"},"modified":"2025-04-04T11:01:12","modified_gmt":"2025-04-04T11:01:12","slug":"anunt-de-diseminare-a-rezultatelor-proiectului-it4sme-competente-digitale-pentru-angajatii-din-imm-142934","status":"publish","type":"page","link":"https:\/\/indice.ro\/index.php\/alte-proiecte\/anunt-de-diseminare-a-rezultatelor-proiectului-it4sme-competente-digitale-pentru-angajatii-din-imm-142934\/","title":{"rendered":"Anun\u021b de diseminare a rezultatelor proiectului \u201eIT4SME Competen\u021be digitale pentru angaja\u021bii din IMM\u201d \u2013 142934"},"content":{"rendered":"\n<p class=\"gutenify-section-f7057890-1142-11f0-b83c-ff8444820567\">Suntem \u00eenc\u00e2nta\u021bi s\u0103 anun\u021b\u0103m finalizarea proiectului <strong>IT4SME \u2013 Competen\u021be digitale pentru angaja\u021bii din IMM<\/strong>, un proiect dedicat \u00eembun\u0103t\u0103\u021birii nivelului de competen\u021be digitale ale celor 301 angaja\u021bi din regiunile Sud-Vest Oltenia \u0219i Vest, care activeaz\u0103 \u00een sectoarele economice \u0219i domeniile identificate conform SNC \u0219i SNCDI, precum \u0219i sprijinirii a 32 de IMM-uri care \u00ee\u0219i desf\u0103\u0219oar\u0103 activitatea sau inten\u021bioneaz\u0103 s\u0103 \u0219i-o adapteze la unul dintre sectoarele economice \u0219i domeniile de specializare inteligent\u0103.<strong><\/strong><\/p>\n\n\n\n<p class=\"gutenify-section-f705edc0-1142-11f0-b83c-ff8444820567\"><strong>Rezultatele ob\u021binute \u00een cadrul proiectului sunt urm\u0103toarele:<\/strong><\/p>\n\n\n\n<ul class=\"wp-block-list gutenify-section-f70db5f0-1142-11f0-b83c-ff8444820567\">\n<li class=\"gutenify-section-f70662f0-1142-11f0-b83c-ff8444820567\">8 campanii de identificare si recrutare a angajatilor si a intreprinderilor derulate<\/li>\n\n\n\n<li class=\"gutenify-section-f706b110-1142-11f0-b83c-ff8444820567\">382 angajati recrutati<\/li>\n\n\n\n<li class=\"gutenify-section-f7072640-1142-11f0-b83c-ff8444820567\">33 IMM recrutate<\/li>\n\n\n\n<li class=\"gutenify-section-f7077460-1142-11f0-b83c-ff8444820567\">2 tipuri de programe de formare competente digitale organizate (de baza, avansate)<\/li>\n\n\n\n<li class=\"gutenify-section-f707c280-1142-11f0-b83c-ff8444820567\">9 grupe de curs organizate si derulate \u2013 Competente informatice<\/li>\n\n\n\n<li class=\"gutenify-section-f70810a0-1142-11f0-b83c-ff8444820567\">7 grupe curs Competente informatice avansate derulate<\/li>\n\n\n\n<li class=\"gutenify-section-f7085ec0-1142-11f0-b83c-ff8444820567\">382 angajati participanti la programele de formare a competentelor digitale<\/li>\n\n\n\n<li class=\"gutenify-section-f708fb00-1142-11f0-b83c-ff8444820567\">34 angajati varstnici<\/li>\n\n\n\n<li class=\"gutenify-section-f7094920-1142-11f0-b83c-ff8444820567\">140&nbsp; angajati femei participante la FPC<\/li>\n\n\n\n<li class=\"gutenify-section-f709be50-1142-11f0-b83c-ff8444820567\">182 angajati participanti la formare a competentelor digitale avansate<\/li>\n\n\n\n<li class=\"gutenify-section-f70a0c70-1142-11f0-b83c-ff8444820567\">382 pers care si-au imbunatatit competentele digitale<\/li>\n\n\n\n<li class=\"gutenify-section-f70a5a90-1142-11f0-b83c-ff8444820567\">16 examene finale de absolvire organizate<\/li>\n\n\n\n<li class=\"gutenify-section-f70aa8b0-1142-11f0-b83c-ff8444820567\">379 cursanti absolventi<\/li>\n\n\n\n<li class=\"gutenify-section-f70b1de0-1142-11f0-b83c-ff8444820567\">312 chestionare traseu profesional completate<\/li>\n\n\n\n<li class=\"gutenify-section-f70c0840-1142-11f0-b83c-ff8444820567\">312 trasee optime de urmat elaborate<\/li>\n\n\n\n<li class=\"gutenify-section-f70c7d70-1142-11f0-b83c-ff8444820567\">12 program de invatare elaborate<\/li>\n\n\n\n<li class=\"gutenify-section-f70cf2a0-1142-11f0-b83c-ff8444820567\">3 programe de invatare la locul de munca introduse in cadrul IMM-urilor la 6 luni de la terminarea sprijinului<\/li>\n\n\n\n<li class=\"gutenify-section-f70d40c0-1142-11f0-b83c-ff8444820567\">11 campanii de constientizare pentru promovarea importantei formarii profesionale, a participarii la programele de FPC in special la programe de formare profesionala in domeniul TIC<\/li>\n\n\n\n<li class=\"gutenify-section-f70d67d0-1142-11f0-b83c-ff8444820567\">31 de angajatori din regiunile SV Oltenia si Vest informati cu privire la importanta si necesitatea participarii angajatilor la programe de formare continua<\/li>\n<\/ul>\n\n\n\n<p class=\"gutenify-section-f70e0410-1142-11f0-b83c-ff8444820567\">Ata\u0219at prezentului anunt, reg\u0103si\u021bi cele mai relevante documente elaborate \u00een cadrul acestui proiect, menite s\u0103 sprijine diseminarea rezultatelor ob\u021binute. Sper\u0103m ca informa\u021biile incluse s\u0103 v\u0103 fie utile \u0219i s\u0103 contribuie la o mai bun\u0103 \u00een\u021belegere a impactului \u0219i beneficiilor generate de proiect.<\/p>\n\n\n\n<p class=\"gutenify-section-f70e5230-1142-11f0-b83c-ff8444820567\"><strong>Mul\u021bumim tuturor celor implica\u021bi \u00een implementarea acestui proiect \u0219i participan\u021bilor care au ales s\u0103 \u00ee\u0219i \u00eembun\u0103t\u0103\u021beasc\u0103 abilit\u0103\u021bile profesionale, contribuind astfel la o mai bun\u0103 integrare \u00een pia\u021ba muncii!<\/strong><\/p>\n\n\n\n<p class=\"gutenify-section-1303e9f0-1143-11f0-b83c-ff8444820567\">05.03.2024<\/p>\n\n\n\n<div data-wp-interactive=\"core\/file\" class=\"wp-block-file gutenify-section-2ee388b0-1143-11f0-b83c-ff8444820567\"><object data-wp-bind--hidden=\"!state.hasPdfPreview\" hidden class=\"wp-block-file__embed\" data=\"https:\/\/indice.ro\/wp-content\/uploads\/2025\/04\/Ghid-pentru-programul-de-invatare-la-locul-de-munca.pdf\" type=\"application\/pdf\" style=\"width:100%;height:600px\" aria-label=\"Embed of Ghid pentru programul de \u00eenv\u0103\u021bare la locul de munc\u0103.\"><\/object><a id=\"wp-block-file--media-e78ca72d-1093-48aa-81a2-db3ef6e69e38\" href=\"https:\/\/indice.ro\/wp-content\/uploads\/2025\/04\/Ghid-pentru-programul-de-invatare-la-locul-de-munca.pdf\">Ghid pentru programul de \u00eenv\u0103\u021bare la locul de munc\u0103<\/a><a href=\"https:\/\/indice.ro\/wp-content\/uploads\/2025\/04\/Ghid-pentru-programul-de-invatare-la-locul-de-munca.pdf\" class=\"wp-block-file__button wp-element-button\" download aria-describedby=\"wp-block-file--media-e78ca72d-1093-48aa-81a2-db3ef6e69e38\">Download<\/a><\/div>\n\n\n\n<p class=\"gutenify-section-9079d570-1143-11f0-b83c-ff8444820567\"><\/p>\n\n\n\n<div data-wp-interactive=\"core\/file\" class=\"wp-block-file gutenify-section-c5613ad0-1143-11f0-8359-fd6874f6e56e\"><object data-wp-bind--hidden=\"!state.hasPdfPreview\" hidden class=\"wp-block-file__embed\" data=\"https:\/\/indice.ro\/wp-content\/uploads\/2025\/04\/Manual-de-curs-COMPETENTE-DIGITALE-AVANSATE.pdf\" type=\"application\/pdf\" style=\"width:100%;height:600px\" aria-label=\"Embed of Manual de curs COMPETENTE DIGITALE AVANSATE.\"><\/object><a id=\"wp-block-file--media-82e0909b-ddb5-4716-a3c9-bd2a1b04502a\" href=\"https:\/\/indice.ro\/wp-content\/uploads\/2025\/04\/Manual-de-curs-COMPETENTE-DIGITALE-AVANSATE.pdf\">Manual de curs COMPETENTE DIGITALE AVANSATE<\/a><a href=\"https:\/\/indice.ro\/wp-content\/uploads\/2025\/04\/Manual-de-curs-COMPETENTE-DIGITALE-AVANSATE.pdf\" class=\"wp-block-file__button wp-element-button\" download aria-describedby=\"wp-block-file--media-82e0909b-ddb5-4716-a3c9-bd2a1b04502a\">Download<\/a><\/div>\n\n\n\n<p class=\"gutenify-section-d0466240-1143-11f0-8359-fd6874f6e56e\"><\/p>\n\n\n\n<p class=\"gutenify-section-d383b2f0-1143-11f0-8359-fd6874f6e56e\"><\/p>\n\n\n\n<div data-wp-interactive=\"core\/file\" class=\"wp-block-file gutenify-section-d94b30f0-1143-11f0-8359-fd6874f6e56e\"><object data-wp-bind--hidden=\"!state.hasPdfPreview\" hidden class=\"wp-block-file__embed\" data=\"https:\/\/indice.ro\/wp-content\/uploads\/2025\/04\/Metodologie-de-elaborare-a-unor-programe-de-invatare-la-locul-de-munca.pdf\" type=\"application\/pdf\" style=\"width:100%;height:600px\" aria-label=\"Embed of Metodologie de elaborare a unor programe de invatare la locul de munca.\"><\/object><a id=\"wp-block-file--media-b512d6eb-e81e-4c43-862d-9ecd007d70e4\" href=\"https:\/\/indice.ro\/wp-content\/uploads\/2025\/04\/Metodologie-de-elaborare-a-unor-programe-de-invatare-la-locul-de-munca.pdf\">Metodologie de elaborare a unor programe de invatare la locul de munca<\/a><a href=\"https:\/\/indice.ro\/wp-content\/uploads\/2025\/04\/Metodologie-de-elaborare-a-unor-programe-de-invatare-la-locul-de-munca.pdf\" class=\"wp-block-file__button wp-element-button\" download aria-describedby=\"wp-block-file--media-b512d6eb-e81e-4c43-862d-9ecd007d70e4\">Download<\/a><\/div>\n\n\n\n<p class=\"gutenify-section-e1978510-1143-11f0-8359-fd6874f6e56e\"><\/p>\n\n\n\n<div data-wp-interactive=\"core\/file\" class=\"wp-block-file gutenify-section-e301ea80-1143-11f0-8359-fd6874f6e56e\"><object data-wp-bind--hidden=\"!state.hasPdfPreview\" hidden class=\"wp-block-file__embed\" data=\"https:\/\/indice.ro\/wp-content\/uploads\/2025\/04\/Metodologie-de-formare-SMIS-142934.pdf\" type=\"application\/pdf\" style=\"width:100%;height:600px\" aria-label=\"Embed of Metodologie de formare SMIS 142934.\"><\/object><a id=\"wp-block-file--media-e7792d04-25ff-4d9f-8f28-b06cd6a1a433\" href=\"https:\/\/indice.ro\/wp-content\/uploads\/2025\/04\/Metodologie-de-formare-SMIS-142934.pdf\">Metodologie de formare SMIS 142934<\/a><a href=\"https:\/\/indice.ro\/wp-content\/uploads\/2025\/04\/Metodologie-de-formare-SMIS-142934.pdf\" class=\"wp-block-file__button wp-element-button\" download aria-describedby=\"wp-block-file--media-e7792d04-25ff-4d9f-8f28-b06cd6a1a433\">Download<\/a><\/div>\n\n\n\n<p class=\"gutenify-section-e885cfd0-1143-11f0-8359-fd6874f6e56e\"><\/p>\n\n\n\n<div data-wp-interactive=\"core\/file\" class=\"wp-block-file gutenify-section-ea61e2d0-1143-11f0-8359-fd6874f6e56e\"><object data-wp-bind--hidden=\"!state.hasPdfPreview\" hidden class=\"wp-block-file__embed\" data=\"https:\/\/indice.ro\/wp-content\/uploads\/2025\/04\/Planul-Programului-de-Formare-Profesionala_febr-2023.pdf\" type=\"application\/pdf\" style=\"width:100%;height:600px\" aria-label=\"Embed of Planul Programului de Formare Profesionala_febr 2023.\"><\/object><a id=\"wp-block-file--media-1136b9d1-6261-4fd4-813d-20f1f2e07831\" href=\"https:\/\/indice.ro\/wp-content\/uploads\/2025\/04\/Planul-Programului-de-Formare-Profesionala_febr-2023.pdf\">Planul Programului de Formare Profesionala_febr 2023<\/a><a href=\"https:\/\/indice.ro\/wp-content\/uploads\/2025\/04\/Planul-Programului-de-Formare-Profesionala_febr-2023.pdf\" class=\"wp-block-file__button wp-element-button\" download aria-describedby=\"wp-block-file--media-1136b9d1-6261-4fd4-813d-20f1f2e07831\">Download<\/a><\/div>\n","protected":false},"excerpt":{"rendered":"<p>Suntem \u00eenc\u00e2nta\u021bi s\u0103 anun\u021b\u0103m finalizarea proiectului IT4SME \u2013 Competen\u021be digitale pentru angaja\u021bii din IMM, un proiect dedicat \u00eembun\u0103t\u0103\u021birii nivelului de competen\u021be digitale ale celor 301 angaja\u021bi din regiunile Sud-Vest Oltenia \u0219i Vest, care activeaz\u0103 \u00een sectoarele economice \u0219i domeniile identificate conform SNC \u0219i SNCDI, precum \u0219i sprijinirii a 32 de IMM-uri care \u00ee\u0219i desf\u0103\u0219oar\u0103 activitatea [&hellip;]<\/p>\n","protected":false},"author":1,"featured_media":0,"parent":2504,"menu_order":0,"comment_status":"closed","ping_status":"closed","template":"","meta":{"gutenify_custom_css":"","gutenify_custom_css_data":"","footnotes":""},"class_list":["post-2627","page","type-page","status-publish","hentry"],"yoast_head":"<!-- This site is optimized with the Yoast SEO plugin v23.5 - https:\/\/yoast.com\/wordpress\/plugins\/seo\/ -->\n<title>Anun\u021b de diseminare a rezultatelor proiectului \u201eIT4SME Competen\u021be digitale pentru angaja\u021bii din IMM\u201d \u2013 142934 - Indice Consulting<\/title>\n<meta name=\"robots\" content=\"index, follow, max-snippet:-1, max-image-preview:large, max-video-preview:-1\" \/>\n<link rel=\"canonical\" href=\"https:\/\/indice.ro\/index.php\/alte-proiecte\/anunt-de-diseminare-a-rezultatelor-proiectului-it4sme-competente-digitale-pentru-angajatii-din-imm-142934\/\" \/>\n<meta property=\"og:locale\" content=\"en_US\" \/>\n<meta property=\"og:type\" content=\"article\" \/>\n<meta property=\"og:title\" content=\"Anun\u021b de diseminare a rezultatelor proiectului \u201eIT4SME Competen\u021be digitale pentru angaja\u021bii din IMM\u201d \u2013 142934 - Indice Consulting\" \/>\n<meta property=\"og:description\" content=\"Suntem \u00eenc\u00e2nta\u021bi s\u0103 anun\u021b\u0103m finalizarea proiectului IT4SME \u2013 Competen\u021be digitale pentru angaja\u021bii din IMM, un proiect dedicat \u00eembun\u0103t\u0103\u021birii nivelului de competen\u021be digitale ale celor 301 angaja\u021bi din regiunile Sud-Vest Oltenia \u0219i Vest, care activeaz\u0103 \u00een sectoarele economice \u0219i domeniile identificate conform SNC \u0219i SNCDI, precum \u0219i sprijinirii a 32 de IMM-uri care \u00ee\u0219i desf\u0103\u0219oar\u0103 activitatea [&hellip;]\" \/>\n<meta property=\"og:url\" content=\"https:\/\/indice.ro\/index.php\/alte-proiecte\/anunt-de-diseminare-a-rezultatelor-proiectului-it4sme-competente-digitale-pentru-angajatii-din-imm-142934\/\" \/>\n<meta property=\"og:site_name\" content=\"Indice Consulting\" \/>\n<meta property=\"article:modified_time\" content=\"2025-04-04T11:01:12+00:00\" \/>\n<meta name=\"twitter:card\" content=\"summary_large_image\" \/>\n<meta name=\"twitter:label1\" content=\"Est. reading time\" \/>\n\t<meta name=\"twitter:data1\" content=\"2 minutes\" \/>\n<script type=\"application\/ld+json\" class=\"yoast-schema-graph\">{\"@context\":\"https:\/\/schema.org\",\"@graph\":[{\"@type\":\"WebPage\",\"@id\":\"https:\/\/indice.ro\/index.php\/alte-proiecte\/anunt-de-diseminare-a-rezultatelor-proiectului-it4sme-competente-digitale-pentru-angajatii-din-imm-142934\/\",\"url\":\"https:\/\/indice.ro\/index.php\/alte-proiecte\/anunt-de-diseminare-a-rezultatelor-proiectului-it4sme-competente-digitale-pentru-angajatii-din-imm-142934\/\",\"name\":\"Anun\u021b de diseminare a rezultatelor proiectului \u201eIT4SME Competen\u021be digitale pentru angaja\u021bii din IMM\u201d \u2013 142934 - Indice Consulting\",\"isPartOf\":{\"@id\":\"https:\/\/indice.ro\/#website\"},\"datePublished\":\"2025-04-04T10:57:28+00:00\",\"dateModified\":\"2025-04-04T11:01:12+00:00\",\"breadcrumb\":{\"@id\":\"https:\/\/indice.ro\/index.php\/alte-proiecte\/anunt-de-diseminare-a-rezultatelor-proiectului-it4sme-competente-digitale-pentru-angajatii-din-imm-142934\/#breadcrumb\"},\"inLanguage\":\"en-US\",\"potentialAction\":[{\"@type\":\"ReadAction\",\"target\":[\"https:\/\/indice.ro\/index.php\/alte-proiecte\/anunt-de-diseminare-a-rezultatelor-proiectului-it4sme-competente-digitale-pentru-angajatii-din-imm-142934\/\"]}]},{\"@type\":\"BreadcrumbList\",\"@id\":\"https:\/\/indice.ro\/index.php\/alte-proiecte\/anunt-de-diseminare-a-rezultatelor-proiectului-it4sme-competente-digitale-pentru-angajatii-din-imm-142934\/#breadcrumb\",\"itemListElement\":[{\"@type\":\"ListItem\",\"position\":1,\"name\":\"Home\",\"item\":\"https:\/\/indice.ro\/\"},{\"@type\":\"ListItem\",\"position\":2,\"name\":\"Alte Proiecte\",\"item\":\"https:\/\/indice.ro\/index.php\/alte-proiecte\/\"},{\"@type\":\"ListItem\",\"position\":3,\"name\":\"Anun\u021b de diseminare a rezultatelor proiectului \u201eIT4SME Competen\u021be digitale pentru angaja\u021bii din IMM\u201d \u2013 142934\"}]},{\"@type\":\"WebSite\",\"@id\":\"https:\/\/indice.ro\/#website\",\"url\":\"https:\/\/indice.ro\/\",\"name\":\"Indice Consulting\",\"description\":\"\",\"publisher\":{\"@id\":\"https:\/\/indice.ro\/#organization\"},\"potentialAction\":[{\"@type\":\"SearchAction\",\"target\":{\"@type\":\"EntryPoint\",\"urlTemplate\":\"https:\/\/indice.ro\/?s={search_term_string}\"},\"query-input\":{\"@type\":\"PropertyValueSpecification\",\"valueRequired\":true,\"valueName\":\"search_term_string\"}}],\"inLanguage\":\"en-US\"},{\"@type\":\"Organization\",\"@id\":\"https:\/\/indice.ro\/#organization\",\"name\":\"Indice Consulting\",\"url\":\"https:\/\/indice.ro\/\",\"logo\":{\"@type\":\"ImageObject\",\"inLanguage\":\"en-US\",\"@id\":\"https:\/\/indice.ro\/#\/schema\/logo\/image\/\",\"url\":\"https:\/\/indice.ro\/wp-content\/uploads\/2024\/09\/logo.jpg\",\"contentUrl\":\"https:\/\/indice.ro\/wp-content\/uploads\/2024\/09\/logo.jpg\",\"width\":219,\"height\":116,\"caption\":\"Indice Consulting\"},\"image\":{\"@id\":\"https:\/\/indice.ro\/#\/schema\/logo\/image\/\"}}]}<\/script>\n<!-- \/ Yoast SEO plugin. -->","yoast_head_json":{"title":"Anun\u021b de diseminare a rezultatelor proiectului \u201eIT4SME Competen\u021be digitale pentru angaja\u021bii din IMM\u201d \u2013 142934 - Indice Consulting","robots":{"index":"index","follow":"follow","max-snippet":"max-snippet:-1","max-image-preview":"max-image-preview:large","max-video-preview":"max-video-preview:-1"},"canonical":"https:\/\/indice.ro\/index.php\/alte-proiecte\/anunt-de-diseminare-a-rezultatelor-proiectului-it4sme-competente-digitale-pentru-angajatii-din-imm-142934\/","og_locale":"en_US","og_type":"article","og_title":"Anun\u021b de diseminare a rezultatelor proiectului \u201eIT4SME Competen\u021be digitale pentru angaja\u021bii din IMM\u201d \u2013 142934 - Indice Consulting","og_description":"Suntem \u00eenc\u00e2nta\u021bi s\u0103 anun\u021b\u0103m finalizarea proiectului IT4SME \u2013 Competen\u021be digitale pentru angaja\u021bii din IMM, un proiect dedicat \u00eembun\u0103t\u0103\u021birii nivelului de competen\u021be digitale ale celor 301 angaja\u021bi din regiunile Sud-Vest Oltenia \u0219i Vest, care activeaz\u0103 \u00een sectoarele economice \u0219i domeniile identificate conform SNC \u0219i SNCDI, precum \u0219i sprijinirii a 32 de IMM-uri care \u00ee\u0219i desf\u0103\u0219oar\u0103 activitatea [&hellip;]","og_url":"https:\/\/indice.ro\/index.php\/alte-proiecte\/anunt-de-diseminare-a-rezultatelor-proiectului-it4sme-competente-digitale-pentru-angajatii-din-imm-142934\/","og_site_name":"Indice Consulting","article_modified_time":"2025-04-04T11:01:12+00:00","twitter_card":"summary_large_image","twitter_misc":{"Est. reading time":"2 minutes"},"schema":{"@context":"https:\/\/schema.org","@graph":[{"@type":"WebPage","@id":"https:\/\/indice.ro\/index.php\/alte-proiecte\/anunt-de-diseminare-a-rezultatelor-proiectului-it4sme-competente-digitale-pentru-angajatii-din-imm-142934\/","url":"https:\/\/indice.ro\/index.php\/alte-proiecte\/anunt-de-diseminare-a-rezultatelor-proiectului-it4sme-competente-digitale-pentru-angajatii-din-imm-142934\/","name":"Anun\u021b de diseminare a rezultatelor proiectului \u201eIT4SME Competen\u021be digitale pentru angaja\u021bii din IMM\u201d \u2013 142934 - Indice Consulting","isPartOf":{"@id":"https:\/\/indice.ro\/#website"},"datePublished":"2025-04-04T10:57:28+00:00","dateModified":"2025-04-04T11:01:12+00:00","breadcrumb":{"@id":"https:\/\/indice.ro\/index.php\/alte-proiecte\/anunt-de-diseminare-a-rezultatelor-proiectului-it4sme-competente-digitale-pentru-angajatii-din-imm-142934\/#breadcrumb"},"inLanguage":"en-US","potentialAction":[{"@type":"ReadAction","target":["https:\/\/indice.ro\/index.php\/alte-proiecte\/anunt-de-diseminare-a-rezultatelor-proiectului-it4sme-competente-digitale-pentru-angajatii-din-imm-142934\/"]}]},{"@type":"BreadcrumbList","@id":"https:\/\/indice.ro\/index.php\/alte-proiecte\/anunt-de-diseminare-a-rezultatelor-proiectului-it4sme-competente-digitale-pentru-angajatii-din-imm-142934\/#breadcrumb","itemListElement":[{"@type":"ListItem","position":1,"name":"Home","item":"https:\/\/indice.ro\/"},{"@type":"ListItem","position":2,"name":"Alte Proiecte","item":"https:\/\/indice.ro\/index.php\/alte-proiecte\/"},{"@type":"ListItem","position":3,"name":"Anun\u021b de diseminare a rezultatelor proiectului \u201eIT4SME Competen\u021be digitale pentru angaja\u021bii din IMM\u201d \u2013 142934"}]},{"@type":"WebSite","@id":"https:\/\/indice.ro\/#website","url":"https:\/\/indice.ro\/","name":"Indice Consulting","description":"","publisher":{"@id":"https:\/\/indice.ro\/#organization"},"potentialAction":[{"@type":"SearchAction","target":{"@type":"EntryPoint","urlTemplate":"https:\/\/indice.ro\/?s={search_term_string}"},"query-input":{"@type":"PropertyValueSpecification","valueRequired":true,"valueName":"search_term_string"}}],"inLanguage":"en-US"},{"@type":"Organization","@id":"https:\/\/indice.ro\/#organization","name":"Indice Consulting","url":"https:\/\/indice.ro\/","logo":{"@type":"ImageObject","inLanguage":"en-US","@id":"https:\/\/indice.ro\/#\/schema\/logo\/image\/","url":"https:\/\/indice.ro\/wp-content\/uploads\/2024\/09\/logo.jpg","contentUrl":"https:\/\/indice.ro\/wp-content\/uploads\/2024\/09\/logo.jpg","width":219,"height":116,"caption":"Indice Consulting"},"image":{"@id":"https:\/\/indice.ro\/#\/schema\/logo\/image\/"}}]}},"_links":{"self":[{"href":"https:\/\/indice.ro\/index.php\/wp-json\/wp\/v2\/pages\/2627","targetHints":{"allow":["GET"]}}],"collection":[{"href":"https:\/\/indice.ro\/index.php\/wp-json\/wp\/v2\/pages"}],"about":[{"href":"https:\/\/indice.ro\/index.php\/wp-json\/wp\/v2\/types\/page"}],"author":[{"embeddable":true,"href":"https:\/\/indice.ro\/index.php\/wp-json\/wp\/v2\/users\/1"}],"replies":[{"embeddable":true,"href":"https:\/\/indice.ro\/index.php\/wp-json\/wp\/v2\/comments?post=2627"}],"version-history":[{"count":2,"href":"https:\/\/indice.ro\/index.php\/wp-json\/wp\/v2\/pages\/2627\/revisions"}],"predecessor-version":[{"id":2638,"href":"https:\/\/indice.ro\/index.php\/wp-json\/wp\/v2\/pages\/2627\/revisions\/2638"}],"up":[{"embeddable":true,"href":"https:\/\/indice.ro\/index.php\/wp-json\/wp\/v2\/pages\/2504"}],"wp:attachment":[{"href":"https:\/\/indice.ro\/index.php\/wp-json\/wp\/v2\/media?parent=2627"}],"curies":[{"name":"wp","href":"https:\/\/api.w.org\/{rel}","templated":true}]}}