{"id":2621,"date":"2025-03-17T13:10:33","date_gmt":"2025-03-17T13:10:33","guid":{"rendered":"https:\/\/indice.ro\/?page_id=2621"},"modified":"2025-03-17T13:10:34","modified_gmt":"2025-03-17T13:10:34","slug":"imbunatatirea-accesului-egal-la-invatare-pe-tot-parcursul-vietii-pentru-angajati-din-toate-categoriile-de-varsta","status":"publish","type":"page","link":"https:\/\/indice.ro\/index.php\/imbunatatirea-accesului-egal-la-invatare-pe-tot-parcursul-vietii-pentru-angajati-din-toate-categoriile-de-varsta\/","title":{"rendered":"\u00cembun\u0103t\u0103\u021birea accesului egal la \u00eenv\u0103\u021bare pe tot parcursul vie\u021bii pentru angaja\u021bi din toate categoriile de v\u00e2rst\u0103"},"content":{"rendered":"\n<p class=\"gutenify-section-31b6f4c0-0331-11f0-adb4-931c24b76668\">\u00centr-o lume \u00een continu\u0103 schimbare, \u00eenv\u0103\u021barea pe tot parcursul vie\u021bii devine o necesitate esen\u021bial\u0103 pentru men\u021binerea competitivit\u0103\u021bii \u0219i adaptabilit\u0103\u021bii pe pia\u021ba muncii. Promovarea <strong>accesului egal la educa\u021bie<\/strong> pentru angaja\u021bi de toate v\u00e2rstele este un pas important pentru dezvoltarea profesional\u0103 continu\u0103 \u0219i incluziune social\u0103.<\/p>\n\n\n\n<p class=\"gutenify-section-31b79100-0331-11f0-adb4-931c24b76668\">Una dintre direc\u021biile cheie \u00een acest sens este <strong>\u00eemb\u0103tr\u00e2nirea activ\u0103<\/strong>, care sus\u021bine angaja\u021bii mai v\u00e2rstnici s\u0103 r\u0103m\u00e2n\u0103 implica\u021bi \u00een procesul educa\u021bional, s\u0103-\u0219i valorifice experien\u021ba \u0219i s\u0103 \u00eenve\u021be noi abilit\u0103\u021bi, contribuind astfel la dezvoltarea lor personal\u0103 \u0219i profesional\u0103. Prin accesul la resurse de \u00eenv\u0103\u021bare \u0219i programe de formare continu\u0103, seniorii pot face fa\u021b\u0103 provoc\u0103rilor tehnologice \u0219i pot r\u0103m\u00e2ne relevan\u021bi pe pia\u021ba muncii.<\/p>\n\n\n\n<p class=\"gutenify-section-31b7df20-0331-11f0-adb4-931c24b76668\">De asemenea, <strong>\u00eenv\u0103\u021barea independent\u0103<\/strong> reprezint\u0103 o form\u0103 important\u0103 de educa\u021bie pe tot parcursul vie\u021bii. Angaja\u021bii care sunt motiva\u021bi s\u0103 \u00eenve\u021be autonom \u00ee\u0219i pot dezvolta abilit\u0103\u021bi suplimentare, \u00eembun\u0103t\u0103\u021bindu-\u0219i performan\u021ba profesional\u0103 \u0219i dob\u00e2ndind noi competen\u021be care sunt esen\u021biale \u00een economia digital\u0103. Oferirea de resurse \u0219i platforme online accesibile contribuie la acest proces, sprijinind \u00eenv\u0103\u021barea autodidact\u0103 \u0219i promov\u00e2nd dezvoltarea continu\u0103.<\/p>\n\n\n\n<p class=\"gutenify-section-31b85450-0331-11f0-adb4-931c24b76668\">Prin <strong>acces egal la educa\u021bie<\/strong> \u0219i <strong>sus\u021binerea \u00eenv\u0103\u021b\u0103rii pe tot parcursul vie\u021bii<\/strong>, fiecare angajat, indiferent de v\u00e2rst\u0103, are \u0219ansa de a evolua, de a-\u0219i spori competen\u021bele \u0219i de a r\u0103m\u00e2ne competitiv pe pia\u021ba muncii. Aceste principii nu doar c\u0103 sprijin\u0103 dezvoltarea profesional\u0103, dar contribuie \u0219i la crearea unui mediu de lucru divers \u0219i echitabil pentru to\u021bi angaja\u021bii.<\/p>\n\n\n\n<p class=\"gutenify-section-31b8a270-0331-11f0-adb4-931c24b76668\">Urma\u021bi-ne \u0219i haide\u021bi s\u0103 r\u0103m\u00e2nem \u00een contact pentru toate ini\u021biativele \u0219i proiectele pe care le derul\u0103m sau le vom derula \u00een viitor, astfel \u00eenc\u00e2t s\u0103 nu rata\u021bi oportunit\u0103\u021bi reale de dezvoltare! \u00cempreun\u0103, putem contribui la crearea unui mediu de \u00eenv\u0103\u021bare continu\u0103 \u0219i la promovarea unei cariere de succes pe tot parcursul vie\u021bii.<\/p>\n\n\n\n<p class=\"gutenify-section-31b8f090-0331-11f0-adb4-931c24b76668\">10.01.2024<\/p>\n\n\n\n<p class=\"gutenify-section-2fdd04a0-0331-11f0-adb4-931c24b76668\"><\/p>\n","protected":false},"excerpt":{"rendered":"<p>\u00centr-o lume \u00een continu\u0103 schimbare, \u00eenv\u0103\u021barea pe tot parcursul vie\u021bii devine o necesitate esen\u021bial\u0103 pentru men\u021binerea competitivit\u0103\u021bii \u0219i adaptabilit\u0103\u021bii pe pia\u021ba muncii. Promovarea accesului egal la educa\u021bie pentru angaja\u021bi de toate v\u00e2rstele este un pas important pentru dezvoltarea profesional\u0103 continu\u0103 \u0219i incluziune social\u0103. Una dintre direc\u021biile cheie \u00een acest sens este \u00eemb\u0103tr\u00e2nirea activ\u0103, care sus\u021bine [&hellip;]<\/p>\n","protected":false},"author":1,"featured_media":0,"parent":0,"menu_order":0,"comment_status":"closed","ping_status":"closed","template":"","meta":{"gutenify_custom_css":"","gutenify_custom_css_data":"","footnotes":""},"class_list":["post-2621","page","type-page","status-publish","hentry"],"yoast_head":"<!-- This site is optimized with the Yoast SEO plugin v23.5 - https:\/\/yoast.com\/wordpress\/plugins\/seo\/ -->\n<title>\u00cembun\u0103t\u0103\u021birea accesului egal la \u00eenv\u0103\u021bare pe tot parcursul vie\u021bii pentru angaja\u021bi din toate categoriile de v\u00e2rst\u0103 - Indice Consulting<\/title>\n<meta name=\"robots\" content=\"index, follow, max-snippet:-1, max-image-preview:large, max-video-preview:-1\" \/>\n<link rel=\"canonical\" href=\"https:\/\/indice.ro\/index.php\/imbunatatirea-accesului-egal-la-invatare-pe-tot-parcursul-vietii-pentru-angajati-din-toate-categoriile-de-varsta\/\" \/>\n<meta property=\"og:locale\" content=\"en_US\" \/>\n<meta property=\"og:type\" content=\"article\" \/>\n<meta property=\"og:title\" content=\"\u00cembun\u0103t\u0103\u021birea accesului egal la \u00eenv\u0103\u021bare pe tot parcursul vie\u021bii pentru angaja\u021bi din toate categoriile de v\u00e2rst\u0103 - Indice Consulting\" \/>\n<meta property=\"og:description\" content=\"\u00centr-o lume \u00een continu\u0103 schimbare, \u00eenv\u0103\u021barea pe tot parcursul vie\u021bii devine o necesitate esen\u021bial\u0103 pentru men\u021binerea competitivit\u0103\u021bii \u0219i adaptabilit\u0103\u021bii pe pia\u021ba muncii. Promovarea accesului egal la educa\u021bie pentru angaja\u021bi de toate v\u00e2rstele este un pas important pentru dezvoltarea profesional\u0103 continu\u0103 \u0219i incluziune social\u0103. Una dintre direc\u021biile cheie \u00een acest sens este \u00eemb\u0103tr\u00e2nirea activ\u0103, care sus\u021bine [&hellip;]\" \/>\n<meta property=\"og:url\" content=\"https:\/\/indice.ro\/index.php\/imbunatatirea-accesului-egal-la-invatare-pe-tot-parcursul-vietii-pentru-angajati-din-toate-categoriile-de-varsta\/\" \/>\n<meta property=\"og:site_name\" content=\"Indice Consulting\" \/>\n<meta property=\"article:modified_time\" content=\"2025-03-17T13:10:34+00:00\" \/>\n<meta name=\"twitter:card\" content=\"summary_large_image\" \/>\n<meta name=\"twitter:label1\" content=\"Est. reading time\" \/>\n\t<meta name=\"twitter:data1\" content=\"2 minutes\" \/>\n<script type=\"application\/ld+json\" class=\"yoast-schema-graph\">{\"@context\":\"https:\/\/schema.org\",\"@graph\":[{\"@type\":\"WebPage\",\"@id\":\"https:\/\/indice.ro\/index.php\/imbunatatirea-accesului-egal-la-invatare-pe-tot-parcursul-vietii-pentru-angajati-din-toate-categoriile-de-varsta\/\",\"url\":\"https:\/\/indice.ro\/index.php\/imbunatatirea-accesului-egal-la-invatare-pe-tot-parcursul-vietii-pentru-angajati-din-toate-categoriile-de-varsta\/\",\"name\":\"\u00cembun\u0103t\u0103\u021birea accesului egal la \u00eenv\u0103\u021bare pe tot parcursul vie\u021bii pentru angaja\u021bi din toate categoriile de v\u00e2rst\u0103 - Indice Consulting\",\"isPartOf\":{\"@id\":\"https:\/\/indice.ro\/#website\"},\"datePublished\":\"2025-03-17T13:10:33+00:00\",\"dateModified\":\"2025-03-17T13:10:34+00:00\",\"breadcrumb\":{\"@id\":\"https:\/\/indice.ro\/index.php\/imbunatatirea-accesului-egal-la-invatare-pe-tot-parcursul-vietii-pentru-angajati-din-toate-categoriile-de-varsta\/#breadcrumb\"},\"inLanguage\":\"en-US\",\"potentialAction\":[{\"@type\":\"ReadAction\",\"target\":[\"https:\/\/indice.ro\/index.php\/imbunatatirea-accesului-egal-la-invatare-pe-tot-parcursul-vietii-pentru-angajati-din-toate-categoriile-de-varsta\/\"]}]},{\"@type\":\"BreadcrumbList\",\"@id\":\"https:\/\/indice.ro\/index.php\/imbunatatirea-accesului-egal-la-invatare-pe-tot-parcursul-vietii-pentru-angajati-din-toate-categoriile-de-varsta\/#breadcrumb\",\"itemListElement\":[{\"@type\":\"ListItem\",\"position\":1,\"name\":\"Home\",\"item\":\"https:\/\/indice.ro\/\"},{\"@type\":\"ListItem\",\"position\":2,\"name\":\"\u00cembun\u0103t\u0103\u021birea accesului egal la \u00eenv\u0103\u021bare pe tot parcursul vie\u021bii pentru angaja\u021bi din toate categoriile de v\u00e2rst\u0103\"}]},{\"@type\":\"WebSite\",\"@id\":\"https:\/\/indice.ro\/#website\",\"url\":\"https:\/\/indice.ro\/\",\"name\":\"Indice Consulting\",\"description\":\"\",\"publisher\":{\"@id\":\"https:\/\/indice.ro\/#organization\"},\"potentialAction\":[{\"@type\":\"SearchAction\",\"target\":{\"@type\":\"EntryPoint\",\"urlTemplate\":\"https:\/\/indice.ro\/?s={search_term_string}\"},\"query-input\":{\"@type\":\"PropertyValueSpecification\",\"valueRequired\":true,\"valueName\":\"search_term_string\"}}],\"inLanguage\":\"en-US\"},{\"@type\":\"Organization\",\"@id\":\"https:\/\/indice.ro\/#organization\",\"name\":\"Indice Consulting\",\"url\":\"https:\/\/indice.ro\/\",\"logo\":{\"@type\":\"ImageObject\",\"inLanguage\":\"en-US\",\"@id\":\"https:\/\/indice.ro\/#\/schema\/logo\/image\/\",\"url\":\"https:\/\/indice.ro\/wp-content\/uploads\/2024\/09\/logo.jpg\",\"contentUrl\":\"https:\/\/indice.ro\/wp-content\/uploads\/2024\/09\/logo.jpg\",\"width\":219,\"height\":116,\"caption\":\"Indice Consulting\"},\"image\":{\"@id\":\"https:\/\/indice.ro\/#\/schema\/logo\/image\/\"}}]}<\/script>\n<!-- \/ Yoast SEO plugin. -->","yoast_head_json":{"title":"\u00cembun\u0103t\u0103\u021birea accesului egal la \u00eenv\u0103\u021bare pe tot parcursul vie\u021bii pentru angaja\u021bi din toate categoriile de v\u00e2rst\u0103 - Indice Consulting","robots":{"index":"index","follow":"follow","max-snippet":"max-snippet:-1","max-image-preview":"max-image-preview:large","max-video-preview":"max-video-preview:-1"},"canonical":"https:\/\/indice.ro\/index.php\/imbunatatirea-accesului-egal-la-invatare-pe-tot-parcursul-vietii-pentru-angajati-din-toate-categoriile-de-varsta\/","og_locale":"en_US","og_type":"article","og_title":"\u00cembun\u0103t\u0103\u021birea accesului egal la \u00eenv\u0103\u021bare pe tot parcursul vie\u021bii pentru angaja\u021bi din toate categoriile de v\u00e2rst\u0103 - Indice Consulting","og_description":"\u00centr-o lume \u00een continu\u0103 schimbare, \u00eenv\u0103\u021barea pe tot parcursul vie\u021bii devine o necesitate esen\u021bial\u0103 pentru men\u021binerea competitivit\u0103\u021bii \u0219i adaptabilit\u0103\u021bii pe pia\u021ba muncii. Promovarea accesului egal la educa\u021bie pentru angaja\u021bi de toate v\u00e2rstele este un pas important pentru dezvoltarea profesional\u0103 continu\u0103 \u0219i incluziune social\u0103. Una dintre direc\u021biile cheie \u00een acest sens este \u00eemb\u0103tr\u00e2nirea activ\u0103, care sus\u021bine [&hellip;]","og_url":"https:\/\/indice.ro\/index.php\/imbunatatirea-accesului-egal-la-invatare-pe-tot-parcursul-vietii-pentru-angajati-din-toate-categoriile-de-varsta\/","og_site_name":"Indice Consulting","article_modified_time":"2025-03-17T13:10:34+00:00","twitter_card":"summary_large_image","twitter_misc":{"Est. reading time":"2 minutes"},"schema":{"@context":"https:\/\/schema.org","@graph":[{"@type":"WebPage","@id":"https:\/\/indice.ro\/index.php\/imbunatatirea-accesului-egal-la-invatare-pe-tot-parcursul-vietii-pentru-angajati-din-toate-categoriile-de-varsta\/","url":"https:\/\/indice.ro\/index.php\/imbunatatirea-accesului-egal-la-invatare-pe-tot-parcursul-vietii-pentru-angajati-din-toate-categoriile-de-varsta\/","name":"\u00cembun\u0103t\u0103\u021birea accesului egal la \u00eenv\u0103\u021bare pe tot parcursul vie\u021bii pentru angaja\u021bi din toate categoriile de v\u00e2rst\u0103 - Indice Consulting","isPartOf":{"@id":"https:\/\/indice.ro\/#website"},"datePublished":"2025-03-17T13:10:33+00:00","dateModified":"2025-03-17T13:10:34+00:00","breadcrumb":{"@id":"https:\/\/indice.ro\/index.php\/imbunatatirea-accesului-egal-la-invatare-pe-tot-parcursul-vietii-pentru-angajati-din-toate-categoriile-de-varsta\/#breadcrumb"},"inLanguage":"en-US","potentialAction":[{"@type":"ReadAction","target":["https:\/\/indice.ro\/index.php\/imbunatatirea-accesului-egal-la-invatare-pe-tot-parcursul-vietii-pentru-angajati-din-toate-categoriile-de-varsta\/"]}]},{"@type":"BreadcrumbList","@id":"https:\/\/indice.ro\/index.php\/imbunatatirea-accesului-egal-la-invatare-pe-tot-parcursul-vietii-pentru-angajati-din-toate-categoriile-de-varsta\/#breadcrumb","itemListElement":[{"@type":"ListItem","position":1,"name":"Home","item":"https:\/\/indice.ro\/"},{"@type":"ListItem","position":2,"name":"\u00cembun\u0103t\u0103\u021birea accesului egal la \u00eenv\u0103\u021bare pe tot parcursul vie\u021bii pentru angaja\u021bi din toate categoriile de v\u00e2rst\u0103"}]},{"@type":"WebSite","@id":"https:\/\/indice.ro\/#website","url":"https:\/\/indice.ro\/","name":"Indice Consulting","description":"","publisher":{"@id":"https:\/\/indice.ro\/#organization"},"potentialAction":[{"@type":"SearchAction","target":{"@type":"EntryPoint","urlTemplate":"https:\/\/indice.ro\/?s={search_term_string}"},"query-input":{"@type":"PropertyValueSpecification","valueRequired":true,"valueName":"search_term_string"}}],"inLanguage":"en-US"},{"@type":"Organization","@id":"https:\/\/indice.ro\/#organization","name":"Indice Consulting","url":"https:\/\/indice.ro\/","logo":{"@type":"ImageObject","inLanguage":"en-US","@id":"https:\/\/indice.ro\/#\/schema\/logo\/image\/","url":"https:\/\/indice.ro\/wp-content\/uploads\/2024\/09\/logo.jpg","contentUrl":"https:\/\/indice.ro\/wp-content\/uploads\/2024\/09\/logo.jpg","width":219,"height":116,"caption":"Indice Consulting"},"image":{"@id":"https:\/\/indice.ro\/#\/schema\/logo\/image\/"}}]}},"_links":{"self":[{"href":"https:\/\/indice.ro\/index.php\/wp-json\/wp\/v2\/pages\/2621","targetHints":{"allow":["GET"]}}],"collection":[{"href":"https:\/\/indice.ro\/index.php\/wp-json\/wp\/v2\/pages"}],"about":[{"href":"https:\/\/indice.ro\/index.php\/wp-json\/wp\/v2\/types\/page"}],"author":[{"embeddable":true,"href":"https:\/\/indice.ro\/index.php\/wp-json\/wp\/v2\/users\/1"}],"replies":[{"embeddable":true,"href":"https:\/\/indice.ro\/index.php\/wp-json\/wp\/v2\/comments?post=2621"}],"version-history":[{"count":1,"href":"https:\/\/indice.ro\/index.php\/wp-json\/wp\/v2\/pages\/2621\/revisions"}],"predecessor-version":[{"id":2625,"href":"https:\/\/indice.ro\/index.php\/wp-json\/wp\/v2\/pages\/2621\/revisions\/2625"}],"wp:attachment":[{"href":"https:\/\/indice.ro\/index.php\/wp-json\/wp\/v2\/media?parent=2621"}],"curies":[{"name":"wp","href":"https:\/\/api.w.org\/{rel}","templated":true}]}}