{"id":2587,"date":"2025-02-11T14:34:01","date_gmt":"2025-02-11T14:34:01","guid":{"rendered":"https:\/\/indice.ro\/?page_id=2587"},"modified":"2025-02-11T14:43:29","modified_gmt":"2025-02-11T14:43:29","slug":"anunt-privind-egalitatea-de-gen","status":"publish","type":"page","link":"https:\/\/indice.ro\/index.php\/proiecte-peo-2021-2027\/dezvoltare-si-performanta-promovarea-invatarii-pe-tot-parcursul-vietii-smis-313177-2\/anunt-privind-egalitatea-de-gen\/","title":{"rendered":"Anun\u021b privind egalitatea de gen"},"content":{"rendered":"\n<p class=\"gutenify-section-c21296e0-e884-11ef-a7dc-1d3a720331c1\"><\/p>\n\n\n\n<figure class=\"wp-block-image size-full gutenify-section-20715f50-e885-11ef-a7dc-1d3a720331c1\"><img fetchpriority=\"high\" decoding=\"async\" width=\"946\" height=\"112\" src=\"https:\/\/indice.ro\/wp-content\/uploads\/2025\/02\/image-4.png\" alt=\"\" class=\"wp-image-2589\" srcset=\"https:\/\/indice.ro\/wp-content\/uploads\/2025\/02\/image-4.png 946w, https:\/\/indice.ro\/wp-content\/uploads\/2025\/02\/image-4-300x36.png 300w, https:\/\/indice.ro\/wp-content\/uploads\/2025\/02\/image-4-768x91.png 768w\" sizes=\"(max-width: 946px) 100vw, 946px\" \/><\/figure>\n\n\n\n<p class=\"gutenify-section-20735b20-e885-11ef-a7dc-1d3a720331c1\"><strong>Anun\u021b privind egalitatea de gen \u00een cadrul proiectului \u201eDezvoltare \u0219i Performan\u021b\u0103: Promovarea \u00eenv\u0103\u021b\u0103rii pe tot parcursul vie\u021bii\u201d<\/strong><\/p>\n\n\n\n<div class=\"wp-block-media-text is-stacked-on-mobile gutenify-section-00a36f60-e885-11ef-a7dc-1d3a720331c1\" style=\"grid-template-columns:30% auto\"><figure class=\"wp-block-media-text__media\"><img decoding=\"async\" width=\"310\" height=\"220\" src=\"https:\/\/indice.ro\/wp-content\/uploads\/2025\/02\/image-3.png\" alt=\"\" class=\"wp-image-2588 size-full\" srcset=\"https:\/\/indice.ro\/wp-content\/uploads\/2025\/02\/image-3.png 310w, https:\/\/indice.ro\/wp-content\/uploads\/2025\/02\/image-3-300x213.png 300w\" sizes=\"(max-width: 310px) 100vw, 310px\" \/><\/figure><div class=\"wp-block-media-text__content\">\n<p class=\"gutenify-section-00a8c690-e885-11ef-a7dc-1d3a720331c1\">Proiectul <strong>\u201eDezvoltare \u0219i Performan\u021b\u0103: Promovarea \u00eenv\u0103\u021b\u0103rii pe tot parcursul vie\u021bii\u201d<\/strong> promoveaz\u0103 egalitatea de gen \u0219i egalitatea de \u0219anse, asigur\u00e2nd accesul echitabil al tuturor participan\u021bilor, indiferent de gen, la activit\u0103\u021bile desf\u0103\u0219urate.<\/p>\n<\/div><\/div>\n\n\n\n<p class=\"gutenify-section-ef52e8d0-e884-11ef-a7dc-1d3a720331c1\">Ne angaj\u0103m s\u0103 oferim un mediu incluziv, \u00een care femeile \u0219i b\u0103rba\u021bii au acelea\u0219i oportunit\u0103\u021bi de implicare, formare \u0219i dezvoltare profesional\u0103. Toate activit\u0103\u021bile proiectului, inclusiv consilierea profesional\u0103 \u0219i programele de formare profesional\u0103 continu\u0103 (FPC), sunt concepute pentru a sprijini echilibrul de gen \u0219i pentru a preveni orice form\u0103 de discriminare.<\/p>\n\n\n\n<p class=\"gutenify-section-cd48eb90-e884-11ef-a7dc-1d3a720331c1\">Selec\u021bia grupului \u021bint\u0103 se realizeaz\u0103 \u00een mod transparent, exclusiv pe baza criteriilor de eligibilitate \u0219i f\u0103r\u0103 nicio form\u0103 de discriminare de gen. Ne asigur\u0103m c\u0103 at\u00e2t femeile, c\u00e2t \u0219i b\u0103rba\u021bii au oportunit\u0103\u021bi egale de a participa la activit\u0103\u021bile proiectului. To\u021bi candida\u021bii eligibili au acces liber \u0219i echitabil la procesul de recrutare, iar materialele informative \u0219i anun\u021burile publice reflect\u0103 acest angajament de incluziune.<\/p>\n\n\n\n<p class=\"gutenify-section-cd4939b0-e884-11ef-a7dc-1d3a720331c1\">Pentru a asigura o participare echilibrat\u0103 \u00een activit\u0103\u021bile de <strong>formare profesional\u0103<\/strong>, proiectul garanteaz\u0103:<\/p>\n\n\n\n<ul class=\"wp-block-list gutenify-section-cd4a9940-e884-11ef-a7dc-1d3a720331c1\">\n<li class=\"gutenify-section-cd4960c0-e884-11ef-a7dc-1d3a720331c1\">Acces egal la cursurile de formare profesional\u0103 pentru to\u021bi participan\u021bii, indiferent de gen;<\/li>\n\n\n\n<li class=\"gutenify-section-cd49d5f0-e884-11ef-a7dc-1d3a720331c1\">Promovarea unui mediu incluziv, \u00een care at\u00e2t femeile, c\u00e2t \u0219i b\u0103rba\u021bii sunt \u00eencuraja\u021bi s\u0103 \u00ee\u0219i dezvolte abilit\u0103\u021bile profesionale;<\/li>\n\n\n\n<li class=\"gutenify-section-cd4a2410-e884-11ef-a7dc-1d3a720331c1\">Adaptarea materialelor \u0219i metodologiilor de predare pentru a reflecta principiul egalit\u0103\u021bii de gen \u0219i a r\u0103spunde nevoilor diverse ale cursan\u021bilor;<\/li>\n\n\n\n<li class=\"gutenify-section-cd4a7230-e884-11ef-a7dc-1d3a720331c1\">Crearea unor oportunit\u0103\u021bi egale de dezvoltare profesional\u0103, indiferent de gen, pentru a facilita accesul la locuri de munc\u0103 mai bine remunerate \u0219i adaptate cerin\u021belor pie\u021bei.<\/li>\n<\/ul>\n\n\n\n<p class=\"gutenify-section-cd4ae760-e884-11ef-a7dc-1d3a720331c1\">Totodat\u0103, proiectul \u00ee\u0219i asum\u0103 respectarea prevederilor legale privind egalitatea de gen \u0219i drepturile persoanelor cu dizabilit\u0103\u021bi, garant\u00e2nd accesibilitatea la activit\u0103\u021bi, informa\u021bii \u0219i spa\u021bii fizice pentru to\u021bi participan\u021bii.<\/p>\n\n\n\n<p class=\"gutenify-section-cd4b0e70-e884-11ef-a7dc-1d3a720331c1\">Prin aceste m\u0103suri, ne asigur\u0103m c\u0103 fiecare persoan\u0103 implicat\u0103 beneficiaz\u0103 de un tratament echitabil \u0219i de \u0219anse egale de dezvoltare profesional\u0103.<\/p>\n\n\n\n<p class=\"gutenify-section-cd4b5c90-e884-11ef-a7dc-1d3a720331c1\">R\u0103m\u00e2ne\u021bi conecta\u021bi pentru mai multe informa\u021bii despre ac\u021biunile noastre!<\/p>\n\n\n\n<p class=\"gutenify-section-cd4c46f0-e884-11ef-a7dc-1d3a720331c1\"><\/p>\n","protected":false},"excerpt":{"rendered":"<p>Anun\u021b privind egalitatea de gen \u00een cadrul proiectului \u201eDezvoltare \u0219i Performan\u021b\u0103: Promovarea \u00eenv\u0103\u021b\u0103rii pe tot parcursul vie\u021bii\u201d Proiectul \u201eDezvoltare \u0219i Performan\u021b\u0103: Promovarea \u00eenv\u0103\u021b\u0103rii pe tot parcursul vie\u021bii\u201d promoveaz\u0103 egalitatea de gen \u0219i egalitatea de \u0219anse, asigur\u00e2nd accesul echitabil al tuturor participan\u021bilor, indiferent de gen, la activit\u0103\u021bile desf\u0103\u0219urate. Ne angaj\u0103m s\u0103 oferim un mediu incluziv, \u00een [&hellip;]<\/p>\n","protected":false},"author":1,"featured_media":0,"parent":2409,"menu_order":0,"comment_status":"closed","ping_status":"closed","template":"","meta":{"gutenify_custom_css":"","gutenify_custom_css_data":"","footnotes":""},"class_list":["post-2587","page","type-page","status-publish","hentry"],"yoast_head":"<!-- This site is optimized with the Yoast SEO plugin v23.5 - https:\/\/yoast.com\/wordpress\/plugins\/seo\/ -->\n<title>Anun\u021b privind egalitatea de gen - Indice Consulting<\/title>\n<meta name=\"robots\" content=\"index, follow, max-snippet:-1, max-image-preview:large, max-video-preview:-1\" \/>\n<link rel=\"canonical\" href=\"https:\/\/indice.ro\/index.php\/proiecte-peo-2021-2027\/dezvoltare-si-performanta-promovarea-invatarii-pe-tot-parcursul-vietii-smis-313177-2\/anunt-privind-egalitatea-de-gen\/\" \/>\n<meta property=\"og:locale\" content=\"en_US\" \/>\n<meta property=\"og:type\" content=\"article\" \/>\n<meta property=\"og:title\" content=\"Anun\u021b privind egalitatea de gen - Indice Consulting\" \/>\n<meta property=\"og:description\" content=\"Anun\u021b privind egalitatea de gen \u00een cadrul proiectului \u201eDezvoltare \u0219i Performan\u021b\u0103: Promovarea \u00eenv\u0103\u021b\u0103rii pe tot parcursul vie\u021bii\u201d Proiectul \u201eDezvoltare \u0219i Performan\u021b\u0103: Promovarea \u00eenv\u0103\u021b\u0103rii pe tot parcursul vie\u021bii\u201d promoveaz\u0103 egalitatea de gen \u0219i egalitatea de \u0219anse, asigur\u00e2nd accesul echitabil al tuturor participan\u021bilor, indiferent de gen, la activit\u0103\u021bile desf\u0103\u0219urate. Ne angaj\u0103m s\u0103 oferim un mediu incluziv, \u00een [&hellip;]\" \/>\n<meta property=\"og:url\" content=\"https:\/\/indice.ro\/index.php\/proiecte-peo-2021-2027\/dezvoltare-si-performanta-promovarea-invatarii-pe-tot-parcursul-vietii-smis-313177-2\/anunt-privind-egalitatea-de-gen\/\" \/>\n<meta property=\"og:site_name\" content=\"Indice Consulting\" \/>\n<meta property=\"article:modified_time\" content=\"2025-02-11T14:43:29+00:00\" \/>\n<meta property=\"og:image\" content=\"https:\/\/indice.ro\/wp-content\/uploads\/2025\/02\/image-4.png\" \/>\n<meta name=\"twitter:card\" content=\"summary_large_image\" \/>\n<meta name=\"twitter:label1\" content=\"Est. reading time\" \/>\n\t<meta name=\"twitter:data1\" content=\"2 minutes\" \/>\n<script type=\"application\/ld+json\" class=\"yoast-schema-graph\">{\"@context\":\"https:\/\/schema.org\",\"@graph\":[{\"@type\":\"WebPage\",\"@id\":\"https:\/\/indice.ro\/index.php\/proiecte-peo-2021-2027\/dezvoltare-si-performanta-promovarea-invatarii-pe-tot-parcursul-vietii-smis-313177-2\/anunt-privind-egalitatea-de-gen\/\",\"url\":\"https:\/\/indice.ro\/index.php\/proiecte-peo-2021-2027\/dezvoltare-si-performanta-promovarea-invatarii-pe-tot-parcursul-vietii-smis-313177-2\/anunt-privind-egalitatea-de-gen\/\",\"name\":\"Anun\u021b privind egalitatea de gen - Indice Consulting\",\"isPartOf\":{\"@id\":\"https:\/\/indice.ro\/#website\"},\"primaryImageOfPage\":{\"@id\":\"https:\/\/indice.ro\/index.php\/proiecte-peo-2021-2027\/dezvoltare-si-performanta-promovarea-invatarii-pe-tot-parcursul-vietii-smis-313177-2\/anunt-privind-egalitatea-de-gen\/#primaryimage\"},\"image\":{\"@id\":\"https:\/\/indice.ro\/index.php\/proiecte-peo-2021-2027\/dezvoltare-si-performanta-promovarea-invatarii-pe-tot-parcursul-vietii-smis-313177-2\/anunt-privind-egalitatea-de-gen\/#primaryimage\"},\"thumbnailUrl\":\"https:\/\/indice.ro\/wp-content\/uploads\/2025\/02\/image-4.png\",\"datePublished\":\"2025-02-11T14:34:01+00:00\",\"dateModified\":\"2025-02-11T14:43:29+00:00\",\"breadcrumb\":{\"@id\":\"https:\/\/indice.ro\/index.php\/proiecte-peo-2021-2027\/dezvoltare-si-performanta-promovarea-invatarii-pe-tot-parcursul-vietii-smis-313177-2\/anunt-privind-egalitatea-de-gen\/#breadcrumb\"},\"inLanguage\":\"en-US\",\"potentialAction\":[{\"@type\":\"ReadAction\",\"target\":[\"https:\/\/indice.ro\/index.php\/proiecte-peo-2021-2027\/dezvoltare-si-performanta-promovarea-invatarii-pe-tot-parcursul-vietii-smis-313177-2\/anunt-privind-egalitatea-de-gen\/\"]}]},{\"@type\":\"ImageObject\",\"inLanguage\":\"en-US\",\"@id\":\"https:\/\/indice.ro\/index.php\/proiecte-peo-2021-2027\/dezvoltare-si-performanta-promovarea-invatarii-pe-tot-parcursul-vietii-smis-313177-2\/anunt-privind-egalitatea-de-gen\/#primaryimage\",\"url\":\"https:\/\/indice.ro\/wp-content\/uploads\/2025\/02\/image-4.png\",\"contentUrl\":\"https:\/\/indice.ro\/wp-content\/uploads\/2025\/02\/image-4.png\",\"width\":946,\"height\":112},{\"@type\":\"BreadcrumbList\",\"@id\":\"https:\/\/indice.ro\/index.php\/proiecte-peo-2021-2027\/dezvoltare-si-performanta-promovarea-invatarii-pe-tot-parcursul-vietii-smis-313177-2\/anunt-privind-egalitatea-de-gen\/#breadcrumb\",\"itemListElement\":[{\"@type\":\"ListItem\",\"position\":1,\"name\":\"Home\",\"item\":\"https:\/\/indice.ro\/\"},{\"@type\":\"ListItem\",\"position\":2,\"name\":\"Proiecte PEO 2021-2027\",\"item\":\"https:\/\/indice.ro\/index.php\/proiecte-peo-2021-2027\/\"},{\"@type\":\"ListItem\",\"position\":3,\"name\":\"Dezvoltare \u0219i Performan\u021b\u0103: Promovarea \u00eenv\u0103\u021b\u0103rii pe tot parcursul vie\u021bii, SMIS 313177\",\"item\":\"https:\/\/indice.ro\/index.php\/proiecte-peo-2021-2027\/dezvoltare-si-performanta-promovarea-invatarii-pe-tot-parcursul-vietii-smis-313177-2\/\"},{\"@type\":\"ListItem\",\"position\":4,\"name\":\"Anun\u021b privind egalitatea de gen\"}]},{\"@type\":\"WebSite\",\"@id\":\"https:\/\/indice.ro\/#website\",\"url\":\"https:\/\/indice.ro\/\",\"name\":\"Indice Consulting\",\"description\":\"\",\"publisher\":{\"@id\":\"https:\/\/indice.ro\/#organization\"},\"potentialAction\":[{\"@type\":\"SearchAction\",\"target\":{\"@type\":\"EntryPoint\",\"urlTemplate\":\"https:\/\/indice.ro\/?s={search_term_string}\"},\"query-input\":{\"@type\":\"PropertyValueSpecification\",\"valueRequired\":true,\"valueName\":\"search_term_string\"}}],\"inLanguage\":\"en-US\"},{\"@type\":\"Organization\",\"@id\":\"https:\/\/indice.ro\/#organization\",\"name\":\"Indice Consulting\",\"url\":\"https:\/\/indice.ro\/\",\"logo\":{\"@type\":\"ImageObject\",\"inLanguage\":\"en-US\",\"@id\":\"https:\/\/indice.ro\/#\/schema\/logo\/image\/\",\"url\":\"https:\/\/indice.ro\/wp-content\/uploads\/2024\/09\/logo.jpg\",\"contentUrl\":\"https:\/\/indice.ro\/wp-content\/uploads\/2024\/09\/logo.jpg\",\"width\":219,\"height\":116,\"caption\":\"Indice Consulting\"},\"image\":{\"@id\":\"https:\/\/indice.ro\/#\/schema\/logo\/image\/\"}}]}<\/script>\n<!-- \/ Yoast SEO plugin. -->","yoast_head_json":{"title":"Anun\u021b privind egalitatea de gen - Indice Consulting","robots":{"index":"index","follow":"follow","max-snippet":"max-snippet:-1","max-image-preview":"max-image-preview:large","max-video-preview":"max-video-preview:-1"},"canonical":"https:\/\/indice.ro\/index.php\/proiecte-peo-2021-2027\/dezvoltare-si-performanta-promovarea-invatarii-pe-tot-parcursul-vietii-smis-313177-2\/anunt-privind-egalitatea-de-gen\/","og_locale":"en_US","og_type":"article","og_title":"Anun\u021b privind egalitatea de gen - Indice Consulting","og_description":"Anun\u021b privind egalitatea de gen \u00een cadrul proiectului \u201eDezvoltare \u0219i Performan\u021b\u0103: Promovarea \u00eenv\u0103\u021b\u0103rii pe tot parcursul vie\u021bii\u201d Proiectul \u201eDezvoltare \u0219i Performan\u021b\u0103: Promovarea \u00eenv\u0103\u021b\u0103rii pe tot parcursul vie\u021bii\u201d promoveaz\u0103 egalitatea de gen \u0219i egalitatea de \u0219anse, asigur\u00e2nd accesul echitabil al tuturor participan\u021bilor, indiferent de gen, la activit\u0103\u021bile desf\u0103\u0219urate. Ne angaj\u0103m s\u0103 oferim un mediu incluziv, \u00een [&hellip;]","og_url":"https:\/\/indice.ro\/index.php\/proiecte-peo-2021-2027\/dezvoltare-si-performanta-promovarea-invatarii-pe-tot-parcursul-vietii-smis-313177-2\/anunt-privind-egalitatea-de-gen\/","og_site_name":"Indice Consulting","article_modified_time":"2025-02-11T14:43:29+00:00","og_image":[{"url":"https:\/\/indice.ro\/wp-content\/uploads\/2025\/02\/image-4.png"}],"twitter_card":"summary_large_image","twitter_misc":{"Est. reading time":"2 minutes"},"schema":{"@context":"https:\/\/schema.org","@graph":[{"@type":"WebPage","@id":"https:\/\/indice.ro\/index.php\/proiecte-peo-2021-2027\/dezvoltare-si-performanta-promovarea-invatarii-pe-tot-parcursul-vietii-smis-313177-2\/anunt-privind-egalitatea-de-gen\/","url":"https:\/\/indice.ro\/index.php\/proiecte-peo-2021-2027\/dezvoltare-si-performanta-promovarea-invatarii-pe-tot-parcursul-vietii-smis-313177-2\/anunt-privind-egalitatea-de-gen\/","name":"Anun\u021b privind egalitatea de gen - Indice Consulting","isPartOf":{"@id":"https:\/\/indice.ro\/#website"},"primaryImageOfPage":{"@id":"https:\/\/indice.ro\/index.php\/proiecte-peo-2021-2027\/dezvoltare-si-performanta-promovarea-invatarii-pe-tot-parcursul-vietii-smis-313177-2\/anunt-privind-egalitatea-de-gen\/#primaryimage"},"image":{"@id":"https:\/\/indice.ro\/index.php\/proiecte-peo-2021-2027\/dezvoltare-si-performanta-promovarea-invatarii-pe-tot-parcursul-vietii-smis-313177-2\/anunt-privind-egalitatea-de-gen\/#primaryimage"},"thumbnailUrl":"https:\/\/indice.ro\/wp-content\/uploads\/2025\/02\/image-4.png","datePublished":"2025-02-11T14:34:01+00:00","dateModified":"2025-02-11T14:43:29+00:00","breadcrumb":{"@id":"https:\/\/indice.ro\/index.php\/proiecte-peo-2021-2027\/dezvoltare-si-performanta-promovarea-invatarii-pe-tot-parcursul-vietii-smis-313177-2\/anunt-privind-egalitatea-de-gen\/#breadcrumb"},"inLanguage":"en-US","potentialAction":[{"@type":"ReadAction","target":["https:\/\/indice.ro\/index.php\/proiecte-peo-2021-2027\/dezvoltare-si-performanta-promovarea-invatarii-pe-tot-parcursul-vietii-smis-313177-2\/anunt-privind-egalitatea-de-gen\/"]}]},{"@type":"ImageObject","inLanguage":"en-US","@id":"https:\/\/indice.ro\/index.php\/proiecte-peo-2021-2027\/dezvoltare-si-performanta-promovarea-invatarii-pe-tot-parcursul-vietii-smis-313177-2\/anunt-privind-egalitatea-de-gen\/#primaryimage","url":"https:\/\/indice.ro\/wp-content\/uploads\/2025\/02\/image-4.png","contentUrl":"https:\/\/indice.ro\/wp-content\/uploads\/2025\/02\/image-4.png","width":946,"height":112},{"@type":"BreadcrumbList","@id":"https:\/\/indice.ro\/index.php\/proiecte-peo-2021-2027\/dezvoltare-si-performanta-promovarea-invatarii-pe-tot-parcursul-vietii-smis-313177-2\/anunt-privind-egalitatea-de-gen\/#breadcrumb","itemListElement":[{"@type":"ListItem","position":1,"name":"Home","item":"https:\/\/indice.ro\/"},{"@type":"ListItem","position":2,"name":"Proiecte PEO 2021-2027","item":"https:\/\/indice.ro\/index.php\/proiecte-peo-2021-2027\/"},{"@type":"ListItem","position":3,"name":"Dezvoltare \u0219i Performan\u021b\u0103: Promovarea \u00eenv\u0103\u021b\u0103rii pe tot parcursul vie\u021bii, SMIS 313177","item":"https:\/\/indice.ro\/index.php\/proiecte-peo-2021-2027\/dezvoltare-si-performanta-promovarea-invatarii-pe-tot-parcursul-vietii-smis-313177-2\/"},{"@type":"ListItem","position":4,"name":"Anun\u021b privind egalitatea de gen"}]},{"@type":"WebSite","@id":"https:\/\/indice.ro\/#website","url":"https:\/\/indice.ro\/","name":"Indice Consulting","description":"","publisher":{"@id":"https:\/\/indice.ro\/#organization"},"potentialAction":[{"@type":"SearchAction","target":{"@type":"EntryPoint","urlTemplate":"https:\/\/indice.ro\/?s={search_term_string}"},"query-input":{"@type":"PropertyValueSpecification","valueRequired":true,"valueName":"search_term_string"}}],"inLanguage":"en-US"},{"@type":"Organization","@id":"https:\/\/indice.ro\/#organization","name":"Indice Consulting","url":"https:\/\/indice.ro\/","logo":{"@type":"ImageObject","inLanguage":"en-US","@id":"https:\/\/indice.ro\/#\/schema\/logo\/image\/","url":"https:\/\/indice.ro\/wp-content\/uploads\/2024\/09\/logo.jpg","contentUrl":"https:\/\/indice.ro\/wp-content\/uploads\/2024\/09\/logo.jpg","width":219,"height":116,"caption":"Indice Consulting"},"image":{"@id":"https:\/\/indice.ro\/#\/schema\/logo\/image\/"}}]}},"_links":{"self":[{"href":"https:\/\/indice.ro\/index.php\/wp-json\/wp\/v2\/pages\/2587","targetHints":{"allow":["GET"]}}],"collection":[{"href":"https:\/\/indice.ro\/index.php\/wp-json\/wp\/v2\/pages"}],"about":[{"href":"https:\/\/indice.ro\/index.php\/wp-json\/wp\/v2\/types\/page"}],"author":[{"embeddable":true,"href":"https:\/\/indice.ro\/index.php\/wp-json\/wp\/v2\/users\/1"}],"replies":[{"embeddable":true,"href":"https:\/\/indice.ro\/index.php\/wp-json\/wp\/v2\/comments?post=2587"}],"version-history":[{"count":6,"href":"https:\/\/indice.ro\/index.php\/wp-json\/wp\/v2\/pages\/2587\/revisions"}],"predecessor-version":[{"id":2602,"href":"https:\/\/indice.ro\/index.php\/wp-json\/wp\/v2\/pages\/2587\/revisions\/2602"}],"up":[{"embeddable":true,"href":"https:\/\/indice.ro\/index.php\/wp-json\/wp\/v2\/pages\/2409"}],"wp:attachment":[{"href":"https:\/\/indice.ro\/index.php\/wp-json\/wp\/v2\/media?parent=2587"}],"curies":[{"name":"wp","href":"https:\/\/api.w.org\/{rel}","templated":true}]}}