{"id":2424,"date":"2024-10-17T13:09:42","date_gmt":"2024-10-17T13:09:42","guid":{"rendered":"https:\/\/indice.ro\/?page_id=2424"},"modified":"2024-10-18T08:26:42","modified_gmt":"2024-10-18T08:26:42","slug":"avans-in-cariera-promovarea-invatarii-pe-tot-parcursul-vietii-smis-313175","status":"publish","type":"page","link":"https:\/\/indice.ro\/index.php\/proiecte-peo-2021-2027\/avans-in-cariera-promovarea-invatarii-pe-tot-parcursul-vietii-smis-313175\/","title":{"rendered":"Avans \u00een Carier\u0103: Promovarea \u00eenv\u0103\u021b\u0103rii pe tot parcursul vie\u021bii, SMIS 313175"},"content":{"rendered":"\n<p class=\"gutenify-section-c6dc9d90-8d28-11ef-b0aa-b1e285ad49f6\">Proiectul &#8220;<strong>Avans \u00een Carier\u0103: Promovarea \u00eenv\u0103\u021b\u0103rii pe tot parcursul vie\u021bii<\/strong>&#8221; este o ini\u021biativ\u0103 implementat\u0103 de <strong>Camera de Comer\u021b \u0219i Industrie V\u00e2lcea<\/strong> \u00een parteneriat cu <strong>SC Indice Consulting and Management SRL<\/strong>. Proiectul a \u00eenceput \u00een octombrie 2024 \u0219i se va desf\u0103\u0219ura pe o perioad\u0103 de <strong>24 de luni<\/strong>.<\/p>\n\n\n\n<p class=\"gutenify-section-d26a8820-8d28-11ef-b0aa-b1e285ad49f6\"><\/p>\n\n\n\n<div data-wp-interactive=\"core\/file\" class=\"wp-block-file gutenify-section-a1eef670-8d2a-11ef-b17b-e56860b387c5\"><object data-wp-bind--hidden=\"!state.hasPdfPreview\" hidden class=\"wp-block-file__embed\" data=\"https:\/\/indice.ro\/wp-content\/uploads\/2024\/10\/afis_313175.pdf\" type=\"application\/pdf\" style=\"width:100%;height:600px\" aria-label=\"Embed of afi\u0219_313175.\"><\/object><a id=\"wp-block-file--media-d513c5a7-7807-4295-9bf3-5f88901b1a63\" href=\"https:\/\/indice.ro\/wp-content\/uploads\/2024\/10\/afis_313175.pdf\">afi\u0219_313175<\/a><a href=\"https:\/\/indice.ro\/wp-content\/uploads\/2024\/10\/afis_313175.pdf\" class=\"wp-block-file__button wp-element-button\" download aria-describedby=\"wp-block-file--media-d513c5a7-7807-4295-9bf3-5f88901b1a63\">Download<\/a><\/div>\n\n\n\n<p class=\"gutenify-section-a1f2ee10-8d2a-11ef-b17b-e56860b387c5\"><\/p>\n\n\n\n<p class=\"gutenify-section-a3cd7a70-8d2a-11ef-b17b-e56860b387c5\"><\/p>\n","protected":false},"excerpt":{"rendered":"<p>Proiectul &#8220;Avans \u00een Carier\u0103: Promovarea \u00eenv\u0103\u021b\u0103rii pe tot parcursul vie\u021bii&#8221; este o ini\u021biativ\u0103 implementat\u0103 de Camera de Comer\u021b \u0219i Industrie V\u00e2lcea \u00een parteneriat cu SC Indice Consulting and Management SRL. Proiectul a \u00eenceput \u00een octombrie 2024 \u0219i se va desf\u0103\u0219ura pe o perioad\u0103 de 24 de luni.<\/p>\n","protected":false},"author":1,"featured_media":0,"parent":2495,"menu_order":1,"comment_status":"closed","ping_status":"closed","template":"","meta":{"gutenify_custom_css":"","gutenify_custom_css_data":"","footnotes":""},"class_list":["post-2424","page","type-page","status-publish","hentry"],"yoast_head":"<!-- This site is optimized with the Yoast SEO plugin v23.5 - https:\/\/yoast.com\/wordpress\/plugins\/seo\/ -->\n<title>Avans \u00een Carier\u0103: Promovarea \u00eenv\u0103\u021b\u0103rii pe tot parcursul vie\u021bii, SMIS 313175 - Indice Consulting<\/title>\n<meta name=\"robots\" content=\"index, follow, max-snippet:-1, max-image-preview:large, max-video-preview:-1\" \/>\n<link rel=\"canonical\" href=\"https:\/\/indice.ro\/index.php\/proiecte-peo-2021-2027\/avans-in-cariera-promovarea-invatarii-pe-tot-parcursul-vietii-smis-313175\/\" \/>\n<meta property=\"og:locale\" content=\"en_US\" \/>\n<meta property=\"og:type\" content=\"article\" \/>\n<meta property=\"og:title\" content=\"Avans \u00een Carier\u0103: Promovarea \u00eenv\u0103\u021b\u0103rii pe tot parcursul vie\u021bii, SMIS 313175 - Indice Consulting\" \/>\n<meta property=\"og:description\" content=\"Proiectul &#8220;Avans \u00een Carier\u0103: Promovarea \u00eenv\u0103\u021b\u0103rii pe tot parcursul vie\u021bii&#8221; este o ini\u021biativ\u0103 implementat\u0103 de Camera de Comer\u021b \u0219i Industrie V\u00e2lcea \u00een parteneriat cu SC Indice Consulting and Management SRL. Proiectul a \u00eenceput \u00een octombrie 2024 \u0219i se va desf\u0103\u0219ura pe o perioad\u0103 de 24 de luni.\" \/>\n<meta property=\"og:url\" content=\"https:\/\/indice.ro\/index.php\/proiecte-peo-2021-2027\/avans-in-cariera-promovarea-invatarii-pe-tot-parcursul-vietii-smis-313175\/\" \/>\n<meta property=\"og:site_name\" content=\"Indice Consulting\" \/>\n<meta property=\"article:modified_time\" content=\"2024-10-18T08:26:42+00:00\" \/>\n<meta name=\"twitter:card\" content=\"summary_large_image\" \/>\n<meta name=\"twitter:label1\" content=\"Est. reading time\" \/>\n\t<meta name=\"twitter:data1\" content=\"1 minute\" \/>\n<script type=\"application\/ld+json\" class=\"yoast-schema-graph\">{\"@context\":\"https:\/\/schema.org\",\"@graph\":[{\"@type\":\"WebPage\",\"@id\":\"https:\/\/indice.ro\/index.php\/proiecte-peo-2021-2027\/avans-in-cariera-promovarea-invatarii-pe-tot-parcursul-vietii-smis-313175\/\",\"url\":\"https:\/\/indice.ro\/index.php\/proiecte-peo-2021-2027\/avans-in-cariera-promovarea-invatarii-pe-tot-parcursul-vietii-smis-313175\/\",\"name\":\"Avans \u00een Carier\u0103: Promovarea \u00eenv\u0103\u021b\u0103rii pe tot parcursul vie\u021bii, SMIS 313175 - Indice Consulting\",\"isPartOf\":{\"@id\":\"https:\/\/indice.ro\/#website\"},\"datePublished\":\"2024-10-17T13:09:42+00:00\",\"dateModified\":\"2024-10-18T08:26:42+00:00\",\"breadcrumb\":{\"@id\":\"https:\/\/indice.ro\/index.php\/proiecte-peo-2021-2027\/avans-in-cariera-promovarea-invatarii-pe-tot-parcursul-vietii-smis-313175\/#breadcrumb\"},\"inLanguage\":\"en-US\",\"potentialAction\":[{\"@type\":\"ReadAction\",\"target\":[\"https:\/\/indice.ro\/index.php\/proiecte-peo-2021-2027\/avans-in-cariera-promovarea-invatarii-pe-tot-parcursul-vietii-smis-313175\/\"]}]},{\"@type\":\"BreadcrumbList\",\"@id\":\"https:\/\/indice.ro\/index.php\/proiecte-peo-2021-2027\/avans-in-cariera-promovarea-invatarii-pe-tot-parcursul-vietii-smis-313175\/#breadcrumb\",\"itemListElement\":[{\"@type\":\"ListItem\",\"position\":1,\"name\":\"Home\",\"item\":\"https:\/\/indice.ro\/\"},{\"@type\":\"ListItem\",\"position\":2,\"name\":\"Proiecte PEO 2021-2027\",\"item\":\"https:\/\/indice.ro\/index.php\/proiecte-peo-2021-2027\/\"},{\"@type\":\"ListItem\",\"position\":3,\"name\":\"Avans \u00een Carier\u0103: Promovarea \u00eenv\u0103\u021b\u0103rii pe tot parcursul vie\u021bii, SMIS 313175\"}]},{\"@type\":\"WebSite\",\"@id\":\"https:\/\/indice.ro\/#website\",\"url\":\"https:\/\/indice.ro\/\",\"name\":\"Indice Consulting\",\"description\":\"\",\"publisher\":{\"@id\":\"https:\/\/indice.ro\/#organization\"},\"potentialAction\":[{\"@type\":\"SearchAction\",\"target\":{\"@type\":\"EntryPoint\",\"urlTemplate\":\"https:\/\/indice.ro\/?s={search_term_string}\"},\"query-input\":{\"@type\":\"PropertyValueSpecification\",\"valueRequired\":true,\"valueName\":\"search_term_string\"}}],\"inLanguage\":\"en-US\"},{\"@type\":\"Organization\",\"@id\":\"https:\/\/indice.ro\/#organization\",\"name\":\"Indice Consulting\",\"url\":\"https:\/\/indice.ro\/\",\"logo\":{\"@type\":\"ImageObject\",\"inLanguage\":\"en-US\",\"@id\":\"https:\/\/indice.ro\/#\/schema\/logo\/image\/\",\"url\":\"https:\/\/indice.ro\/wp-content\/uploads\/2024\/09\/logo.jpg\",\"contentUrl\":\"https:\/\/indice.ro\/wp-content\/uploads\/2024\/09\/logo.jpg\",\"width\":219,\"height\":116,\"caption\":\"Indice Consulting\"},\"image\":{\"@id\":\"https:\/\/indice.ro\/#\/schema\/logo\/image\/\"}}]}<\/script>\n<!-- \/ Yoast SEO plugin. -->","yoast_head_json":{"title":"Avans \u00een Carier\u0103: Promovarea \u00eenv\u0103\u021b\u0103rii pe tot parcursul vie\u021bii, SMIS 313175 - Indice Consulting","robots":{"index":"index","follow":"follow","max-snippet":"max-snippet:-1","max-image-preview":"max-image-preview:large","max-video-preview":"max-video-preview:-1"},"canonical":"https:\/\/indice.ro\/index.php\/proiecte-peo-2021-2027\/avans-in-cariera-promovarea-invatarii-pe-tot-parcursul-vietii-smis-313175\/","og_locale":"en_US","og_type":"article","og_title":"Avans \u00een Carier\u0103: Promovarea \u00eenv\u0103\u021b\u0103rii pe tot parcursul vie\u021bii, SMIS 313175 - Indice Consulting","og_description":"Proiectul &#8220;Avans \u00een Carier\u0103: Promovarea \u00eenv\u0103\u021b\u0103rii pe tot parcursul vie\u021bii&#8221; este o ini\u021biativ\u0103 implementat\u0103 de Camera de Comer\u021b \u0219i Industrie V\u00e2lcea \u00een parteneriat cu SC Indice Consulting and Management SRL. Proiectul a \u00eenceput \u00een octombrie 2024 \u0219i se va desf\u0103\u0219ura pe o perioad\u0103 de 24 de luni.","og_url":"https:\/\/indice.ro\/index.php\/proiecte-peo-2021-2027\/avans-in-cariera-promovarea-invatarii-pe-tot-parcursul-vietii-smis-313175\/","og_site_name":"Indice Consulting","article_modified_time":"2024-10-18T08:26:42+00:00","twitter_card":"summary_large_image","twitter_misc":{"Est. reading time":"1 minute"},"schema":{"@context":"https:\/\/schema.org","@graph":[{"@type":"WebPage","@id":"https:\/\/indice.ro\/index.php\/proiecte-peo-2021-2027\/avans-in-cariera-promovarea-invatarii-pe-tot-parcursul-vietii-smis-313175\/","url":"https:\/\/indice.ro\/index.php\/proiecte-peo-2021-2027\/avans-in-cariera-promovarea-invatarii-pe-tot-parcursul-vietii-smis-313175\/","name":"Avans \u00een Carier\u0103: Promovarea \u00eenv\u0103\u021b\u0103rii pe tot parcursul vie\u021bii, SMIS 313175 - Indice Consulting","isPartOf":{"@id":"https:\/\/indice.ro\/#website"},"datePublished":"2024-10-17T13:09:42+00:00","dateModified":"2024-10-18T08:26:42+00:00","breadcrumb":{"@id":"https:\/\/indice.ro\/index.php\/proiecte-peo-2021-2027\/avans-in-cariera-promovarea-invatarii-pe-tot-parcursul-vietii-smis-313175\/#breadcrumb"},"inLanguage":"en-US","potentialAction":[{"@type":"ReadAction","target":["https:\/\/indice.ro\/index.php\/proiecte-peo-2021-2027\/avans-in-cariera-promovarea-invatarii-pe-tot-parcursul-vietii-smis-313175\/"]}]},{"@type":"BreadcrumbList","@id":"https:\/\/indice.ro\/index.php\/proiecte-peo-2021-2027\/avans-in-cariera-promovarea-invatarii-pe-tot-parcursul-vietii-smis-313175\/#breadcrumb","itemListElement":[{"@type":"ListItem","position":1,"name":"Home","item":"https:\/\/indice.ro\/"},{"@type":"ListItem","position":2,"name":"Proiecte PEO 2021-2027","item":"https:\/\/indice.ro\/index.php\/proiecte-peo-2021-2027\/"},{"@type":"ListItem","position":3,"name":"Avans \u00een Carier\u0103: Promovarea \u00eenv\u0103\u021b\u0103rii pe tot parcursul vie\u021bii, SMIS 313175"}]},{"@type":"WebSite","@id":"https:\/\/indice.ro\/#website","url":"https:\/\/indice.ro\/","name":"Indice Consulting","description":"","publisher":{"@id":"https:\/\/indice.ro\/#organization"},"potentialAction":[{"@type":"SearchAction","target":{"@type":"EntryPoint","urlTemplate":"https:\/\/indice.ro\/?s={search_term_string}"},"query-input":{"@type":"PropertyValueSpecification","valueRequired":true,"valueName":"search_term_string"}}],"inLanguage":"en-US"},{"@type":"Organization","@id":"https:\/\/indice.ro\/#organization","name":"Indice Consulting","url":"https:\/\/indice.ro\/","logo":{"@type":"ImageObject","inLanguage":"en-US","@id":"https:\/\/indice.ro\/#\/schema\/logo\/image\/","url":"https:\/\/indice.ro\/wp-content\/uploads\/2024\/09\/logo.jpg","contentUrl":"https:\/\/indice.ro\/wp-content\/uploads\/2024\/09\/logo.jpg","width":219,"height":116,"caption":"Indice Consulting"},"image":{"@id":"https:\/\/indice.ro\/#\/schema\/logo\/image\/"}}]}},"_links":{"self":[{"href":"https:\/\/indice.ro\/index.php\/wp-json\/wp\/v2\/pages\/2424","targetHints":{"allow":["GET"]}}],"collection":[{"href":"https:\/\/indice.ro\/index.php\/wp-json\/wp\/v2\/pages"}],"about":[{"href":"https:\/\/indice.ro\/index.php\/wp-json\/wp\/v2\/types\/page"}],"author":[{"embeddable":true,"href":"https:\/\/indice.ro\/index.php\/wp-json\/wp\/v2\/users\/1"}],"replies":[{"embeddable":true,"href":"https:\/\/indice.ro\/index.php\/wp-json\/wp\/v2\/comments?post=2424"}],"version-history":[{"count":3,"href":"https:\/\/indice.ro\/index.php\/wp-json\/wp\/v2\/pages\/2424\/revisions"}],"predecessor-version":[{"id":2561,"href":"https:\/\/indice.ro\/index.php\/wp-json\/wp\/v2\/pages\/2424\/revisions\/2561"}],"up":[{"embeddable":true,"href":"https:\/\/indice.ro\/index.php\/wp-json\/wp\/v2\/pages\/2495"}],"wp:attachment":[{"href":"https:\/\/indice.ro\/index.php\/wp-json\/wp\/v2\/media?parent=2424"}],"curies":[{"name":"wp","href":"https:\/\/api.w.org\/{rel}","templated":true}]}}