{"id":2409,"date":"2024-10-17T13:01:46","date_gmt":"2024-10-17T13:01:46","guid":{"rendered":"https:\/\/indice.ro\/?page_id=2409"},"modified":"2024-10-18T11:07:43","modified_gmt":"2024-10-18T11:07:43","slug":"dezvoltare-si-performanta-promovarea-invatarii-pe-tot-parcursul-vietii-smis-313177-2","status":"publish","type":"page","link":"https:\/\/indice.ro\/index.php\/proiecte-peo-2021-2027\/dezvoltare-si-performanta-promovarea-invatarii-pe-tot-parcursul-vietii-smis-313177-2\/","title":{"rendered":"Dezvoltare \u0219i Performan\u021b\u0103: Promovarea \u00eenv\u0103\u021b\u0103rii pe tot parcursul vie\u021bii, SMIS 313177"},"content":{"rendered":"\n<p class=\"gutenify-section-002a4340-8d29-11ef-be2f-d11d81ce791e\">Proiectul &#8220;<strong>Dezvoltare \u0219i Performan\u021b\u0103: Promovarea \u00eenv\u0103\u021b\u0103rii pe tot parcursul vie\u021bii<\/strong>&#8221; implementat \u00een parteneriat de <strong>Funda\u0163ia Centrul de Preg\u0103tire Profesional\u0103 V\u00e2lcea<\/strong>, <strong>SC Indice Consulting and Management SRL <\/strong>\u0219i<strong> Funda\u0163ia ,,Antreprenoriat Social<\/strong> a \u00eenceput \u00een octombrie 2024 \u0219i se va desf\u0103\u0219ura pe o perioad\u0103 de <strong>24 de luni<\/strong>.<\/p>\n\n\n\n<p class=\"gutenify-section-1fad5aa0-8d41-11ef-a043-9de8c498b246\"><\/p>\n\n\n\n<div data-wp-interactive=\"core\/file\" class=\"wp-block-file gutenify-section-2e95e1e0-8d41-11ef-a043-9de8c498b246\"><object data-wp-bind--hidden=\"!state.hasPdfPreview\" hidden class=\"wp-block-file__embed\" data=\"https:\/\/indice.ro\/wp-content\/uploads\/2024\/10\/afis_313177.pdf\" type=\"application\/pdf\" style=\"width:100%;height:600px\" aria-label=\"Embed of afi\u0219_313177.\"><\/object><a id=\"wp-block-file--media-3a30e683-cbd2-4805-9403-5b9a9c68a927\" href=\"https:\/\/indice.ro\/wp-content\/uploads\/2024\/10\/afis_313177.pdf\">afi\u0219_313177<\/a><a href=\"https:\/\/indice.ro\/wp-content\/uploads\/2024\/10\/afis_313177.pdf\" class=\"wp-block-file__button wp-element-button\" download aria-describedby=\"wp-block-file--media-3a30e683-cbd2-4805-9403-5b9a9c68a927\">Download<\/a><\/div>\n\n\n\n<p class=\"gutenify-section-2e99b270-8d41-11ef-a043-9de8c498b246\"><\/p>\n\n\n\n<p class=\"gutenify-section-2cd0d950-8d41-11ef-a043-9de8c498b246\"><\/p>\n","protected":false},"excerpt":{"rendered":"<p>Proiectul &#8220;Dezvoltare \u0219i Performan\u021b\u0103: Promovarea \u00eenv\u0103\u021b\u0103rii pe tot parcursul vie\u021bii&#8221; implementat \u00een parteneriat de Funda\u0163ia Centrul de Preg\u0103tire Profesional\u0103 V\u00e2lcea, SC Indice Consulting and Management SRL \u0219i Funda\u0163ia ,,Antreprenoriat Social a \u00eenceput \u00een octombrie 2024 \u0219i se va desf\u0103\u0219ura pe o perioad\u0103 de 24 de luni.<\/p>\n","protected":false},"author":1,"featured_media":0,"parent":2495,"menu_order":1,"comment_status":"closed","ping_status":"closed","template":"","meta":{"gutenify_custom_css":"","gutenify_custom_css_data":"","footnotes":""},"class_list":["post-2409","page","type-page","status-publish","hentry"],"yoast_head":"<!-- This site is optimized with the Yoast SEO plugin v23.5 - https:\/\/yoast.com\/wordpress\/plugins\/seo\/ -->\n<title>Dezvoltare \u0219i Performan\u021b\u0103: Promovarea \u00eenv\u0103\u021b\u0103rii pe tot parcursul vie\u021bii, SMIS 313177 - Indice Consulting<\/title>\n<meta name=\"robots\" content=\"index, follow, max-snippet:-1, max-image-preview:large, max-video-preview:-1\" \/>\n<link rel=\"canonical\" href=\"https:\/\/indice.ro\/index.php\/proiecte-peo-2021-2027\/dezvoltare-si-performanta-promovarea-invatarii-pe-tot-parcursul-vietii-smis-313177-2\/\" \/>\n<meta property=\"og:locale\" content=\"en_US\" \/>\n<meta property=\"og:type\" content=\"article\" \/>\n<meta property=\"og:title\" content=\"Dezvoltare \u0219i Performan\u021b\u0103: Promovarea \u00eenv\u0103\u021b\u0103rii pe tot parcursul vie\u021bii, SMIS 313177 - Indice Consulting\" \/>\n<meta property=\"og:description\" content=\"Proiectul &#8220;Dezvoltare \u0219i Performan\u021b\u0103: Promovarea \u00eenv\u0103\u021b\u0103rii pe tot parcursul vie\u021bii&#8221; implementat \u00een parteneriat de Funda\u0163ia Centrul de Preg\u0103tire Profesional\u0103 V\u00e2lcea, SC Indice Consulting and Management SRL \u0219i Funda\u0163ia ,,Antreprenoriat Social a \u00eenceput \u00een octombrie 2024 \u0219i se va desf\u0103\u0219ura pe o perioad\u0103 de 24 de luni.\" \/>\n<meta property=\"og:url\" content=\"https:\/\/indice.ro\/index.php\/proiecte-peo-2021-2027\/dezvoltare-si-performanta-promovarea-invatarii-pe-tot-parcursul-vietii-smis-313177-2\/\" \/>\n<meta property=\"og:site_name\" content=\"Indice Consulting\" \/>\n<meta property=\"article:modified_time\" content=\"2024-10-18T11:07:43+00:00\" \/>\n<meta name=\"twitter:card\" content=\"summary_large_image\" \/>\n<meta name=\"twitter:label1\" content=\"Est. reading time\" \/>\n\t<meta name=\"twitter:data1\" content=\"1 minute\" \/>\n<script type=\"application\/ld+json\" class=\"yoast-schema-graph\">{\"@context\":\"https:\/\/schema.org\",\"@graph\":[{\"@type\":\"WebPage\",\"@id\":\"https:\/\/indice.ro\/index.php\/proiecte-peo-2021-2027\/dezvoltare-si-performanta-promovarea-invatarii-pe-tot-parcursul-vietii-smis-313177-2\/\",\"url\":\"https:\/\/indice.ro\/index.php\/proiecte-peo-2021-2027\/dezvoltare-si-performanta-promovarea-invatarii-pe-tot-parcursul-vietii-smis-313177-2\/\",\"name\":\"Dezvoltare \u0219i Performan\u021b\u0103: Promovarea \u00eenv\u0103\u021b\u0103rii pe tot parcursul vie\u021bii, SMIS 313177 - Indice Consulting\",\"isPartOf\":{\"@id\":\"https:\/\/indice.ro\/#website\"},\"datePublished\":\"2024-10-17T13:01:46+00:00\",\"dateModified\":\"2024-10-18T11:07:43+00:00\",\"breadcrumb\":{\"@id\":\"https:\/\/indice.ro\/index.php\/proiecte-peo-2021-2027\/dezvoltare-si-performanta-promovarea-invatarii-pe-tot-parcursul-vietii-smis-313177-2\/#breadcrumb\"},\"inLanguage\":\"en-US\",\"potentialAction\":[{\"@type\":\"ReadAction\",\"target\":[\"https:\/\/indice.ro\/index.php\/proiecte-peo-2021-2027\/dezvoltare-si-performanta-promovarea-invatarii-pe-tot-parcursul-vietii-smis-313177-2\/\"]}]},{\"@type\":\"BreadcrumbList\",\"@id\":\"https:\/\/indice.ro\/index.php\/proiecte-peo-2021-2027\/dezvoltare-si-performanta-promovarea-invatarii-pe-tot-parcursul-vietii-smis-313177-2\/#breadcrumb\",\"itemListElement\":[{\"@type\":\"ListItem\",\"position\":1,\"name\":\"Home\",\"item\":\"https:\/\/indice.ro\/\"},{\"@type\":\"ListItem\",\"position\":2,\"name\":\"Proiecte PEO 2021-2027\",\"item\":\"https:\/\/indice.ro\/index.php\/proiecte-peo-2021-2027\/\"},{\"@type\":\"ListItem\",\"position\":3,\"name\":\"Dezvoltare \u0219i Performan\u021b\u0103: Promovarea \u00eenv\u0103\u021b\u0103rii pe tot parcursul vie\u021bii, SMIS 313177\"}]},{\"@type\":\"WebSite\",\"@id\":\"https:\/\/indice.ro\/#website\",\"url\":\"https:\/\/indice.ro\/\",\"name\":\"Indice Consulting\",\"description\":\"\",\"publisher\":{\"@id\":\"https:\/\/indice.ro\/#organization\"},\"potentialAction\":[{\"@type\":\"SearchAction\",\"target\":{\"@type\":\"EntryPoint\",\"urlTemplate\":\"https:\/\/indice.ro\/?s={search_term_string}\"},\"query-input\":{\"@type\":\"PropertyValueSpecification\",\"valueRequired\":true,\"valueName\":\"search_term_string\"}}],\"inLanguage\":\"en-US\"},{\"@type\":\"Organization\",\"@id\":\"https:\/\/indice.ro\/#organization\",\"name\":\"Indice Consulting\",\"url\":\"https:\/\/indice.ro\/\",\"logo\":{\"@type\":\"ImageObject\",\"inLanguage\":\"en-US\",\"@id\":\"https:\/\/indice.ro\/#\/schema\/logo\/image\/\",\"url\":\"https:\/\/indice.ro\/wp-content\/uploads\/2024\/09\/logo.jpg\",\"contentUrl\":\"https:\/\/indice.ro\/wp-content\/uploads\/2024\/09\/logo.jpg\",\"width\":219,\"height\":116,\"caption\":\"Indice Consulting\"},\"image\":{\"@id\":\"https:\/\/indice.ro\/#\/schema\/logo\/image\/\"}}]}<\/script>\n<!-- \/ Yoast SEO plugin. -->","yoast_head_json":{"title":"Dezvoltare \u0219i Performan\u021b\u0103: Promovarea \u00eenv\u0103\u021b\u0103rii pe tot parcursul vie\u021bii, SMIS 313177 - Indice Consulting","robots":{"index":"index","follow":"follow","max-snippet":"max-snippet:-1","max-image-preview":"max-image-preview:large","max-video-preview":"max-video-preview:-1"},"canonical":"https:\/\/indice.ro\/index.php\/proiecte-peo-2021-2027\/dezvoltare-si-performanta-promovarea-invatarii-pe-tot-parcursul-vietii-smis-313177-2\/","og_locale":"en_US","og_type":"article","og_title":"Dezvoltare \u0219i Performan\u021b\u0103: Promovarea \u00eenv\u0103\u021b\u0103rii pe tot parcursul vie\u021bii, SMIS 313177 - Indice Consulting","og_description":"Proiectul &#8220;Dezvoltare \u0219i Performan\u021b\u0103: Promovarea \u00eenv\u0103\u021b\u0103rii pe tot parcursul vie\u021bii&#8221; implementat \u00een parteneriat de Funda\u0163ia Centrul de Preg\u0103tire Profesional\u0103 V\u00e2lcea, SC Indice Consulting and Management SRL \u0219i Funda\u0163ia ,,Antreprenoriat Social a \u00eenceput \u00een octombrie 2024 \u0219i se va desf\u0103\u0219ura pe o perioad\u0103 de 24 de luni.","og_url":"https:\/\/indice.ro\/index.php\/proiecte-peo-2021-2027\/dezvoltare-si-performanta-promovarea-invatarii-pe-tot-parcursul-vietii-smis-313177-2\/","og_site_name":"Indice Consulting","article_modified_time":"2024-10-18T11:07:43+00:00","twitter_card":"summary_large_image","twitter_misc":{"Est. reading time":"1 minute"},"schema":{"@context":"https:\/\/schema.org","@graph":[{"@type":"WebPage","@id":"https:\/\/indice.ro\/index.php\/proiecte-peo-2021-2027\/dezvoltare-si-performanta-promovarea-invatarii-pe-tot-parcursul-vietii-smis-313177-2\/","url":"https:\/\/indice.ro\/index.php\/proiecte-peo-2021-2027\/dezvoltare-si-performanta-promovarea-invatarii-pe-tot-parcursul-vietii-smis-313177-2\/","name":"Dezvoltare \u0219i Performan\u021b\u0103: Promovarea \u00eenv\u0103\u021b\u0103rii pe tot parcursul vie\u021bii, SMIS 313177 - Indice Consulting","isPartOf":{"@id":"https:\/\/indice.ro\/#website"},"datePublished":"2024-10-17T13:01:46+00:00","dateModified":"2024-10-18T11:07:43+00:00","breadcrumb":{"@id":"https:\/\/indice.ro\/index.php\/proiecte-peo-2021-2027\/dezvoltare-si-performanta-promovarea-invatarii-pe-tot-parcursul-vietii-smis-313177-2\/#breadcrumb"},"inLanguage":"en-US","potentialAction":[{"@type":"ReadAction","target":["https:\/\/indice.ro\/index.php\/proiecte-peo-2021-2027\/dezvoltare-si-performanta-promovarea-invatarii-pe-tot-parcursul-vietii-smis-313177-2\/"]}]},{"@type":"BreadcrumbList","@id":"https:\/\/indice.ro\/index.php\/proiecte-peo-2021-2027\/dezvoltare-si-performanta-promovarea-invatarii-pe-tot-parcursul-vietii-smis-313177-2\/#breadcrumb","itemListElement":[{"@type":"ListItem","position":1,"name":"Home","item":"https:\/\/indice.ro\/"},{"@type":"ListItem","position":2,"name":"Proiecte PEO 2021-2027","item":"https:\/\/indice.ro\/index.php\/proiecte-peo-2021-2027\/"},{"@type":"ListItem","position":3,"name":"Dezvoltare \u0219i Performan\u021b\u0103: Promovarea \u00eenv\u0103\u021b\u0103rii pe tot parcursul vie\u021bii, SMIS 313177"}]},{"@type":"WebSite","@id":"https:\/\/indice.ro\/#website","url":"https:\/\/indice.ro\/","name":"Indice Consulting","description":"","publisher":{"@id":"https:\/\/indice.ro\/#organization"},"potentialAction":[{"@type":"SearchAction","target":{"@type":"EntryPoint","urlTemplate":"https:\/\/indice.ro\/?s={search_term_string}"},"query-input":{"@type":"PropertyValueSpecification","valueRequired":true,"valueName":"search_term_string"}}],"inLanguage":"en-US"},{"@type":"Organization","@id":"https:\/\/indice.ro\/#organization","name":"Indice Consulting","url":"https:\/\/indice.ro\/","logo":{"@type":"ImageObject","inLanguage":"en-US","@id":"https:\/\/indice.ro\/#\/schema\/logo\/image\/","url":"https:\/\/indice.ro\/wp-content\/uploads\/2024\/09\/logo.jpg","contentUrl":"https:\/\/indice.ro\/wp-content\/uploads\/2024\/09\/logo.jpg","width":219,"height":116,"caption":"Indice Consulting"},"image":{"@id":"https:\/\/indice.ro\/#\/schema\/logo\/image\/"}}]}},"_links":{"self":[{"href":"https:\/\/indice.ro\/index.php\/wp-json\/wp\/v2\/pages\/2409","targetHints":{"allow":["GET"]}}],"collection":[{"href":"https:\/\/indice.ro\/index.php\/wp-json\/wp\/v2\/pages"}],"about":[{"href":"https:\/\/indice.ro\/index.php\/wp-json\/wp\/v2\/types\/page"}],"author":[{"embeddable":true,"href":"https:\/\/indice.ro\/index.php\/wp-json\/wp\/v2\/users\/1"}],"replies":[{"embeddable":true,"href":"https:\/\/indice.ro\/index.php\/wp-json\/wp\/v2\/comments?post=2409"}],"version-history":[{"count":3,"href":"https:\/\/indice.ro\/index.php\/wp-json\/wp\/v2\/pages\/2409\/revisions"}],"predecessor-version":[{"id":2568,"href":"https:\/\/indice.ro\/index.php\/wp-json\/wp\/v2\/pages\/2409\/revisions\/2568"}],"up":[{"embeddable":true,"href":"https:\/\/indice.ro\/index.php\/wp-json\/wp\/v2\/pages\/2495"}],"wp:attachment":[{"href":"https:\/\/indice.ro\/index.php\/wp-json\/wp\/v2\/media?parent=2409"}],"curies":[{"name":"wp","href":"https:\/\/api.w.org\/{rel}","templated":true}]}}