{"id":2386,"date":"2024-10-17T12:04:51","date_gmt":"2024-10-17T12:04:51","guid":{"rendered":"https:\/\/indice.ro\/?page_id=2386"},"modified":"2024-10-18T11:06:41","modified_gmt":"2024-10-18T11:06:41","slug":"excelenta-in-cariera-promovarea-invatarii-pe-tot-parcursul-vietii-smis-313176","status":"publish","type":"page","link":"https:\/\/indice.ro\/index.php\/proiecte-peo-2021-2027\/excelenta-in-cariera-promovarea-invatarii-pe-tot-parcursul-vietii-smis-313176\/","title":{"rendered":"Excelen\u021b\u0103 \u00een Carier\u0103: Promovarea \u00eenv\u0103\u021b\u0103rii pe tot parcursul vie\u021bii, SMIS 313176"},"content":{"rendered":"\n<p class=\"gutenify-section-76bca160-8c84-11ef-a614-872bddfc6c64\"><strong>FUNDA\u0162IA CENTRUL DE PREG\u0102TIRE PROFESIONAL\u0102 V\u0102LCEA <\/strong>\u00een parteneriat cu <strong>SC Indice Consulting and Management SRL<\/strong> \u0219i <strong>FUNDA\u0162IA ,,ANTREPRENORIAT SOCIAL&#8221;<\/strong> a \u00eenceput din data de 01 Octombrie 2024 implementarea proiectului <strong>\u201dExcelen\u021b\u0103 \u00een Carier\u0103: Promovarea \u00eenv\u0103\u021b\u0103rii pe tot parcursul vie\u021bii\u201d, SMIS 313176. <\/strong>Proiectul are o durata de <strong>24 de luni<\/strong>.<\/p>\n\n\n\n<p class=\"gutenify-section-05abf1c0-8d41-11ef-a9bb-13ee8820eba5\"><\/p>\n\n\n\n<div data-wp-interactive=\"core\/file\" class=\"wp-block-file gutenify-section-072d88b0-8d41-11ef-a9bb-13ee8820eba5\"><object data-wp-bind--hidden=\"!state.hasPdfPreview\" hidden class=\"wp-block-file__embed\" data=\"https:\/\/indice.ro\/wp-content\/uploads\/2024\/10\/afis_313176.pdf\" type=\"application\/pdf\" style=\"width:100%;height:600px\" aria-label=\"Embed of afi\u0219_313176.\"><\/object><a id=\"wp-block-file--media-b106c609-ad7e-4642-8b9a-fa7100330fbd\" href=\"https:\/\/indice.ro\/wp-content\/uploads\/2024\/10\/afis_313176.pdf\">afi\u0219_313176<\/a><a href=\"https:\/\/indice.ro\/wp-content\/uploads\/2024\/10\/afis_313176.pdf\" class=\"wp-block-file__button wp-element-button\" download aria-describedby=\"wp-block-file--media-b106c609-ad7e-4642-8b9a-fa7100330fbd\">Download<\/a><\/div>\n\n\n\n<p class=\"gutenify-section-073306f0-8d41-11ef-a9bb-13ee8820eba5\"><\/p>\n","protected":false},"excerpt":{"rendered":"<p>FUNDA\u0162IA CENTRUL DE PREG\u0102TIRE PROFESIONAL\u0102 V\u0102LCEA \u00een parteneriat cu SC Indice Consulting and Management SRL \u0219i FUNDA\u0162IA ,,ANTREPRENORIAT SOCIAL&#8221; a \u00eenceput din data de 01 Octombrie 2024 implementarea proiectului \u201dExcelen\u021b\u0103 \u00een Carier\u0103: Promovarea \u00eenv\u0103\u021b\u0103rii pe tot parcursul vie\u021bii\u201d, SMIS 313176. Proiectul are o durata de 24 de luni.<\/p>\n","protected":false},"author":1,"featured_media":0,"parent":2495,"menu_order":1,"comment_status":"closed","ping_status":"closed","template":"","meta":{"gutenify_custom_css":"","gutenify_custom_css_data":"","footnotes":""},"class_list":["post-2386","page","type-page","status-publish","hentry"],"yoast_head":"<!-- This site is optimized with the Yoast SEO plugin v23.5 - https:\/\/yoast.com\/wordpress\/plugins\/seo\/ -->\n<title>Excelen\u021b\u0103 \u00een Carier\u0103: Promovarea \u00eenv\u0103\u021b\u0103rii pe tot parcursul vie\u021bii, SMIS 313176 - Indice Consulting<\/title>\n<meta name=\"robots\" content=\"index, follow, max-snippet:-1, max-image-preview:large, max-video-preview:-1\" \/>\n<link rel=\"canonical\" href=\"https:\/\/indice.ro\/index.php\/proiecte-peo-2021-2027\/excelenta-in-cariera-promovarea-invatarii-pe-tot-parcursul-vietii-smis-313176\/\" \/>\n<meta property=\"og:locale\" content=\"en_US\" \/>\n<meta property=\"og:type\" content=\"article\" \/>\n<meta property=\"og:title\" content=\"Excelen\u021b\u0103 \u00een Carier\u0103: Promovarea \u00eenv\u0103\u021b\u0103rii pe tot parcursul vie\u021bii, SMIS 313176 - Indice Consulting\" \/>\n<meta property=\"og:description\" content=\"FUNDA\u0162IA CENTRUL DE PREG\u0102TIRE PROFESIONAL\u0102 V\u0102LCEA \u00een parteneriat cu SC Indice Consulting and Management SRL \u0219i FUNDA\u0162IA ,,ANTREPRENORIAT SOCIAL&#8221; a \u00eenceput din data de 01 Octombrie 2024 implementarea proiectului \u201dExcelen\u021b\u0103 \u00een Carier\u0103: Promovarea \u00eenv\u0103\u021b\u0103rii pe tot parcursul vie\u021bii\u201d, SMIS 313176. Proiectul are o durata de 24 de luni.\" \/>\n<meta property=\"og:url\" content=\"https:\/\/indice.ro\/index.php\/proiecte-peo-2021-2027\/excelenta-in-cariera-promovarea-invatarii-pe-tot-parcursul-vietii-smis-313176\/\" \/>\n<meta property=\"og:site_name\" content=\"Indice Consulting\" \/>\n<meta property=\"article:modified_time\" content=\"2024-10-18T11:06:41+00:00\" \/>\n<meta name=\"twitter:card\" content=\"summary_large_image\" \/>\n<meta name=\"twitter:label1\" content=\"Est. reading time\" \/>\n\t<meta name=\"twitter:data1\" content=\"1 minute\" \/>\n<script type=\"application\/ld+json\" class=\"yoast-schema-graph\">{\"@context\":\"https:\/\/schema.org\",\"@graph\":[{\"@type\":\"WebPage\",\"@id\":\"https:\/\/indice.ro\/index.php\/proiecte-peo-2021-2027\/excelenta-in-cariera-promovarea-invatarii-pe-tot-parcursul-vietii-smis-313176\/\",\"url\":\"https:\/\/indice.ro\/index.php\/proiecte-peo-2021-2027\/excelenta-in-cariera-promovarea-invatarii-pe-tot-parcursul-vietii-smis-313176\/\",\"name\":\"Excelen\u021b\u0103 \u00een Carier\u0103: Promovarea \u00eenv\u0103\u021b\u0103rii pe tot parcursul vie\u021bii, SMIS 313176 - Indice Consulting\",\"isPartOf\":{\"@id\":\"https:\/\/indice.ro\/#website\"},\"datePublished\":\"2024-10-17T12:04:51+00:00\",\"dateModified\":\"2024-10-18T11:06:41+00:00\",\"breadcrumb\":{\"@id\":\"https:\/\/indice.ro\/index.php\/proiecte-peo-2021-2027\/excelenta-in-cariera-promovarea-invatarii-pe-tot-parcursul-vietii-smis-313176\/#breadcrumb\"},\"inLanguage\":\"en-US\",\"potentialAction\":[{\"@type\":\"ReadAction\",\"target\":[\"https:\/\/indice.ro\/index.php\/proiecte-peo-2021-2027\/excelenta-in-cariera-promovarea-invatarii-pe-tot-parcursul-vietii-smis-313176\/\"]}]},{\"@type\":\"BreadcrumbList\",\"@id\":\"https:\/\/indice.ro\/index.php\/proiecte-peo-2021-2027\/excelenta-in-cariera-promovarea-invatarii-pe-tot-parcursul-vietii-smis-313176\/#breadcrumb\",\"itemListElement\":[{\"@type\":\"ListItem\",\"position\":1,\"name\":\"Home\",\"item\":\"https:\/\/indice.ro\/\"},{\"@type\":\"ListItem\",\"position\":2,\"name\":\"Proiecte PEO 2021-2027\",\"item\":\"https:\/\/indice.ro\/index.php\/proiecte-peo-2021-2027\/\"},{\"@type\":\"ListItem\",\"position\":3,\"name\":\"Excelen\u021b\u0103 \u00een Carier\u0103: Promovarea \u00eenv\u0103\u021b\u0103rii pe tot parcursul vie\u021bii, SMIS 313176\"}]},{\"@type\":\"WebSite\",\"@id\":\"https:\/\/indice.ro\/#website\",\"url\":\"https:\/\/indice.ro\/\",\"name\":\"Indice Consulting\",\"description\":\"\",\"publisher\":{\"@id\":\"https:\/\/indice.ro\/#organization\"},\"potentialAction\":[{\"@type\":\"SearchAction\",\"target\":{\"@type\":\"EntryPoint\",\"urlTemplate\":\"https:\/\/indice.ro\/?s={search_term_string}\"},\"query-input\":{\"@type\":\"PropertyValueSpecification\",\"valueRequired\":true,\"valueName\":\"search_term_string\"}}],\"inLanguage\":\"en-US\"},{\"@type\":\"Organization\",\"@id\":\"https:\/\/indice.ro\/#organization\",\"name\":\"Indice Consulting\",\"url\":\"https:\/\/indice.ro\/\",\"logo\":{\"@type\":\"ImageObject\",\"inLanguage\":\"en-US\",\"@id\":\"https:\/\/indice.ro\/#\/schema\/logo\/image\/\",\"url\":\"https:\/\/indice.ro\/wp-content\/uploads\/2024\/09\/logo.jpg\",\"contentUrl\":\"https:\/\/indice.ro\/wp-content\/uploads\/2024\/09\/logo.jpg\",\"width\":219,\"height\":116,\"caption\":\"Indice Consulting\"},\"image\":{\"@id\":\"https:\/\/indice.ro\/#\/schema\/logo\/image\/\"}}]}<\/script>\n<!-- \/ Yoast SEO plugin. -->","yoast_head_json":{"title":"Excelen\u021b\u0103 \u00een Carier\u0103: Promovarea \u00eenv\u0103\u021b\u0103rii pe tot parcursul vie\u021bii, SMIS 313176 - Indice Consulting","robots":{"index":"index","follow":"follow","max-snippet":"max-snippet:-1","max-image-preview":"max-image-preview:large","max-video-preview":"max-video-preview:-1"},"canonical":"https:\/\/indice.ro\/index.php\/proiecte-peo-2021-2027\/excelenta-in-cariera-promovarea-invatarii-pe-tot-parcursul-vietii-smis-313176\/","og_locale":"en_US","og_type":"article","og_title":"Excelen\u021b\u0103 \u00een Carier\u0103: Promovarea \u00eenv\u0103\u021b\u0103rii pe tot parcursul vie\u021bii, SMIS 313176 - Indice Consulting","og_description":"FUNDA\u0162IA CENTRUL DE PREG\u0102TIRE PROFESIONAL\u0102 V\u0102LCEA \u00een parteneriat cu SC Indice Consulting and Management SRL \u0219i FUNDA\u0162IA ,,ANTREPRENORIAT SOCIAL&#8221; a \u00eenceput din data de 01 Octombrie 2024 implementarea proiectului \u201dExcelen\u021b\u0103 \u00een Carier\u0103: Promovarea \u00eenv\u0103\u021b\u0103rii pe tot parcursul vie\u021bii\u201d, SMIS 313176. Proiectul are o durata de 24 de luni.","og_url":"https:\/\/indice.ro\/index.php\/proiecte-peo-2021-2027\/excelenta-in-cariera-promovarea-invatarii-pe-tot-parcursul-vietii-smis-313176\/","og_site_name":"Indice Consulting","article_modified_time":"2024-10-18T11:06:41+00:00","twitter_card":"summary_large_image","twitter_misc":{"Est. reading time":"1 minute"},"schema":{"@context":"https:\/\/schema.org","@graph":[{"@type":"WebPage","@id":"https:\/\/indice.ro\/index.php\/proiecte-peo-2021-2027\/excelenta-in-cariera-promovarea-invatarii-pe-tot-parcursul-vietii-smis-313176\/","url":"https:\/\/indice.ro\/index.php\/proiecte-peo-2021-2027\/excelenta-in-cariera-promovarea-invatarii-pe-tot-parcursul-vietii-smis-313176\/","name":"Excelen\u021b\u0103 \u00een Carier\u0103: Promovarea \u00eenv\u0103\u021b\u0103rii pe tot parcursul vie\u021bii, SMIS 313176 - Indice Consulting","isPartOf":{"@id":"https:\/\/indice.ro\/#website"},"datePublished":"2024-10-17T12:04:51+00:00","dateModified":"2024-10-18T11:06:41+00:00","breadcrumb":{"@id":"https:\/\/indice.ro\/index.php\/proiecte-peo-2021-2027\/excelenta-in-cariera-promovarea-invatarii-pe-tot-parcursul-vietii-smis-313176\/#breadcrumb"},"inLanguage":"en-US","potentialAction":[{"@type":"ReadAction","target":["https:\/\/indice.ro\/index.php\/proiecte-peo-2021-2027\/excelenta-in-cariera-promovarea-invatarii-pe-tot-parcursul-vietii-smis-313176\/"]}]},{"@type":"BreadcrumbList","@id":"https:\/\/indice.ro\/index.php\/proiecte-peo-2021-2027\/excelenta-in-cariera-promovarea-invatarii-pe-tot-parcursul-vietii-smis-313176\/#breadcrumb","itemListElement":[{"@type":"ListItem","position":1,"name":"Home","item":"https:\/\/indice.ro\/"},{"@type":"ListItem","position":2,"name":"Proiecte PEO 2021-2027","item":"https:\/\/indice.ro\/index.php\/proiecte-peo-2021-2027\/"},{"@type":"ListItem","position":3,"name":"Excelen\u021b\u0103 \u00een Carier\u0103: Promovarea \u00eenv\u0103\u021b\u0103rii pe tot parcursul vie\u021bii, SMIS 313176"}]},{"@type":"WebSite","@id":"https:\/\/indice.ro\/#website","url":"https:\/\/indice.ro\/","name":"Indice Consulting","description":"","publisher":{"@id":"https:\/\/indice.ro\/#organization"},"potentialAction":[{"@type":"SearchAction","target":{"@type":"EntryPoint","urlTemplate":"https:\/\/indice.ro\/?s={search_term_string}"},"query-input":{"@type":"PropertyValueSpecification","valueRequired":true,"valueName":"search_term_string"}}],"inLanguage":"en-US"},{"@type":"Organization","@id":"https:\/\/indice.ro\/#organization","name":"Indice Consulting","url":"https:\/\/indice.ro\/","logo":{"@type":"ImageObject","inLanguage":"en-US","@id":"https:\/\/indice.ro\/#\/schema\/logo\/image\/","url":"https:\/\/indice.ro\/wp-content\/uploads\/2024\/09\/logo.jpg","contentUrl":"https:\/\/indice.ro\/wp-content\/uploads\/2024\/09\/logo.jpg","width":219,"height":116,"caption":"Indice Consulting"},"image":{"@id":"https:\/\/indice.ro\/#\/schema\/logo\/image\/"}}]}},"_links":{"self":[{"href":"https:\/\/indice.ro\/index.php\/wp-json\/wp\/v2\/pages\/2386","targetHints":{"allow":["GET"]}}],"collection":[{"href":"https:\/\/indice.ro\/index.php\/wp-json\/wp\/v2\/pages"}],"about":[{"href":"https:\/\/indice.ro\/index.php\/wp-json\/wp\/v2\/types\/page"}],"author":[{"embeddable":true,"href":"https:\/\/indice.ro\/index.php\/wp-json\/wp\/v2\/users\/1"}],"replies":[{"embeddable":true,"href":"https:\/\/indice.ro\/index.php\/wp-json\/wp\/v2\/comments?post=2386"}],"version-history":[{"count":8,"href":"https:\/\/indice.ro\/index.php\/wp-json\/wp\/v2\/pages\/2386\/revisions"}],"predecessor-version":[{"id":2566,"href":"https:\/\/indice.ro\/index.php\/wp-json\/wp\/v2\/pages\/2386\/revisions\/2566"}],"up":[{"embeddable":true,"href":"https:\/\/indice.ro\/index.php\/wp-json\/wp\/v2\/pages\/2495"}],"wp:attachment":[{"href":"https:\/\/indice.ro\/index.php\/wp-json\/wp\/v2\/media?parent=2386"}],"curies":[{"name":"wp","href":"https:\/\/api.w.org\/{rel}","templated":true}]}}