{"id":2381,"date":"2024-10-17T11:57:17","date_gmt":"2024-10-17T11:57:17","guid":{"rendered":"https:\/\/indice.ro\/?page_id=2381"},"modified":"2024-10-18T08:24:56","modified_gmt":"2024-10-18T08:24:56","slug":"pasfor-parteneri-activi-social-pentru-formare-smis-310570","status":"publish","type":"page","link":"https:\/\/indice.ro\/index.php\/proiecte-peo-2021-2027\/pasfor-parteneri-activi-social-pentru-formare-smis-310570\/","title":{"rendered":"PASFOR \u2013 Parteneri Activi Social pentru Formare, SMIS 310570"},"content":{"rendered":"\n<p class=\"gutenify-section-e436f6b0-8c7e-11ef-bfd6-8df3d701458d\"><strong>Sindicatul Valahia<\/strong> \u00een parteneriat cu <strong>SC Indice Consulting and Management SRL<\/strong> implementeaz\u0103 proiectul <strong>PASFOR \u2013 Parteneri Activi Social pentru Formare<\/strong> \u00eencep\u00e2nd din octombrie 2024, pe o perioad\u0103 de <strong>24 de luni<\/strong>. Acesta \u00ee\u0219i propune s\u0103 ofere angaja\u021bilor \u0219i angajatorilor un avantaj competitiv pe pia\u021ba for\u021bei de munc\u0103 aflat\u0103 \u00een continu\u0103 schimbare.<\/p>\n\n\n\n<p class=\"gutenify-section-72e8d8a0-8d2a-11ef-8d77-41015df45879\"><\/p>\n\n\n\n<div data-wp-interactive=\"core\/file\" class=\"wp-block-file gutenify-section-dd9575b0-8d29-11ef-8d77-41015df45879\"><object data-wp-bind--hidden=\"!state.hasPdfPreview\" hidden class=\"wp-block-file__embed\" data=\"https:\/\/indice.ro\/wp-content\/uploads\/2024\/10\/afis_310570.pdf\" type=\"application\/pdf\" style=\"width:100%;height:600px\" aria-label=\"Embed of afi\u0219_310570.\"><\/object><a id=\"wp-block-file--media-06bd8dd7-289a-4ab7-9fa1-6e77f4104c26\" href=\"https:\/\/indice.ro\/wp-content\/uploads\/2024\/10\/afis_310570.pdf\">afi\u0219_310570<\/a><a href=\"https:\/\/indice.ro\/wp-content\/uploads\/2024\/10\/afis_310570.pdf\" class=\"wp-block-file__button wp-element-button\" download aria-describedby=\"wp-block-file--media-06bd8dd7-289a-4ab7-9fa1-6e77f4104c26\">Download<\/a><\/div>\n\n\n\n<p class=\"gutenify-section-6ea848c0-8d2a-11ef-8d77-41015df45879\"><\/p>\n\n\n\n<p class=\"gutenify-section-70946150-8d2a-11ef-8d77-41015df45879\"><\/p>\n","protected":false},"excerpt":{"rendered":"<p>Sindicatul Valahia \u00een parteneriat cu SC Indice Consulting and Management SRL implementeaz\u0103 proiectul PASFOR \u2013 Parteneri Activi Social pentru Formare \u00eencep\u00e2nd din octombrie 2024, pe o perioad\u0103 de 24 de luni. Acesta \u00ee\u0219i propune s\u0103 ofere angaja\u021bilor \u0219i angajatorilor un avantaj competitiv pe pia\u021ba for\u021bei de munc\u0103 aflat\u0103 \u00een continu\u0103 schimbare.<\/p>\n","protected":false},"author":1,"featured_media":0,"parent":2495,"menu_order":2,"comment_status":"closed","ping_status":"closed","template":"","meta":{"gutenify_custom_css":"","gutenify_custom_css_data":"","footnotes":""},"class_list":["post-2381","page","type-page","status-publish","hentry"],"yoast_head":"<!-- This site is optimized with the Yoast SEO plugin v23.5 - https:\/\/yoast.com\/wordpress\/plugins\/seo\/ -->\n<title>PASFOR \u2013 Parteneri Activi Social pentru Formare, SMIS 310570 - Indice Consulting<\/title>\n<meta name=\"robots\" content=\"index, follow, max-snippet:-1, max-image-preview:large, max-video-preview:-1\" \/>\n<link rel=\"canonical\" href=\"https:\/\/indice.ro\/index.php\/proiecte-peo-2021-2027\/pasfor-parteneri-activi-social-pentru-formare-smis-310570\/\" \/>\n<meta property=\"og:locale\" content=\"en_US\" \/>\n<meta property=\"og:type\" content=\"article\" \/>\n<meta property=\"og:title\" content=\"PASFOR \u2013 Parteneri Activi Social pentru Formare, SMIS 310570 - Indice Consulting\" \/>\n<meta property=\"og:description\" content=\"Sindicatul Valahia \u00een parteneriat cu SC Indice Consulting and Management SRL implementeaz\u0103 proiectul PASFOR \u2013 Parteneri Activi Social pentru Formare \u00eencep\u00e2nd din octombrie 2024, pe o perioad\u0103 de 24 de luni. Acesta \u00ee\u0219i propune s\u0103 ofere angaja\u021bilor \u0219i angajatorilor un avantaj competitiv pe pia\u021ba for\u021bei de munc\u0103 aflat\u0103 \u00een continu\u0103 schimbare.\" \/>\n<meta property=\"og:url\" content=\"https:\/\/indice.ro\/index.php\/proiecte-peo-2021-2027\/pasfor-parteneri-activi-social-pentru-formare-smis-310570\/\" \/>\n<meta property=\"og:site_name\" content=\"Indice Consulting\" \/>\n<meta property=\"article:modified_time\" content=\"2024-10-18T08:24:56+00:00\" \/>\n<meta name=\"twitter:card\" content=\"summary_large_image\" \/>\n<meta name=\"twitter:label1\" content=\"Est. reading time\" \/>\n\t<meta name=\"twitter:data1\" content=\"1 minute\" \/>\n<script type=\"application\/ld+json\" class=\"yoast-schema-graph\">{\"@context\":\"https:\/\/schema.org\",\"@graph\":[{\"@type\":\"WebPage\",\"@id\":\"https:\/\/indice.ro\/index.php\/proiecte-peo-2021-2027\/pasfor-parteneri-activi-social-pentru-formare-smis-310570\/\",\"url\":\"https:\/\/indice.ro\/index.php\/proiecte-peo-2021-2027\/pasfor-parteneri-activi-social-pentru-formare-smis-310570\/\",\"name\":\"PASFOR \u2013 Parteneri Activi Social pentru Formare, SMIS 310570 - Indice Consulting\",\"isPartOf\":{\"@id\":\"https:\/\/indice.ro\/#website\"},\"datePublished\":\"2024-10-17T11:57:17+00:00\",\"dateModified\":\"2024-10-18T08:24:56+00:00\",\"breadcrumb\":{\"@id\":\"https:\/\/indice.ro\/index.php\/proiecte-peo-2021-2027\/pasfor-parteneri-activi-social-pentru-formare-smis-310570\/#breadcrumb\"},\"inLanguage\":\"en-US\",\"potentialAction\":[{\"@type\":\"ReadAction\",\"target\":[\"https:\/\/indice.ro\/index.php\/proiecte-peo-2021-2027\/pasfor-parteneri-activi-social-pentru-formare-smis-310570\/\"]}]},{\"@type\":\"BreadcrumbList\",\"@id\":\"https:\/\/indice.ro\/index.php\/proiecte-peo-2021-2027\/pasfor-parteneri-activi-social-pentru-formare-smis-310570\/#breadcrumb\",\"itemListElement\":[{\"@type\":\"ListItem\",\"position\":1,\"name\":\"Home\",\"item\":\"https:\/\/indice.ro\/\"},{\"@type\":\"ListItem\",\"position\":2,\"name\":\"Proiecte PEO 2021-2027\",\"item\":\"https:\/\/indice.ro\/index.php\/proiecte-peo-2021-2027\/\"},{\"@type\":\"ListItem\",\"position\":3,\"name\":\"PASFOR \u2013 Parteneri Activi Social pentru Formare, SMIS 310570\"}]},{\"@type\":\"WebSite\",\"@id\":\"https:\/\/indice.ro\/#website\",\"url\":\"https:\/\/indice.ro\/\",\"name\":\"Indice Consulting\",\"description\":\"\",\"publisher\":{\"@id\":\"https:\/\/indice.ro\/#organization\"},\"potentialAction\":[{\"@type\":\"SearchAction\",\"target\":{\"@type\":\"EntryPoint\",\"urlTemplate\":\"https:\/\/indice.ro\/?s={search_term_string}\"},\"query-input\":{\"@type\":\"PropertyValueSpecification\",\"valueRequired\":true,\"valueName\":\"search_term_string\"}}],\"inLanguage\":\"en-US\"},{\"@type\":\"Organization\",\"@id\":\"https:\/\/indice.ro\/#organization\",\"name\":\"Indice Consulting\",\"url\":\"https:\/\/indice.ro\/\",\"logo\":{\"@type\":\"ImageObject\",\"inLanguage\":\"en-US\",\"@id\":\"https:\/\/indice.ro\/#\/schema\/logo\/image\/\",\"url\":\"https:\/\/indice.ro\/wp-content\/uploads\/2024\/09\/logo.jpg\",\"contentUrl\":\"https:\/\/indice.ro\/wp-content\/uploads\/2024\/09\/logo.jpg\",\"width\":219,\"height\":116,\"caption\":\"Indice Consulting\"},\"image\":{\"@id\":\"https:\/\/indice.ro\/#\/schema\/logo\/image\/\"}}]}<\/script>\n<!-- \/ Yoast SEO plugin. -->","yoast_head_json":{"title":"PASFOR \u2013 Parteneri Activi Social pentru Formare, SMIS 310570 - Indice Consulting","robots":{"index":"index","follow":"follow","max-snippet":"max-snippet:-1","max-image-preview":"max-image-preview:large","max-video-preview":"max-video-preview:-1"},"canonical":"https:\/\/indice.ro\/index.php\/proiecte-peo-2021-2027\/pasfor-parteneri-activi-social-pentru-formare-smis-310570\/","og_locale":"en_US","og_type":"article","og_title":"PASFOR \u2013 Parteneri Activi Social pentru Formare, SMIS 310570 - Indice Consulting","og_description":"Sindicatul Valahia \u00een parteneriat cu SC Indice Consulting and Management SRL implementeaz\u0103 proiectul PASFOR \u2013 Parteneri Activi Social pentru Formare \u00eencep\u00e2nd din octombrie 2024, pe o perioad\u0103 de 24 de luni. Acesta \u00ee\u0219i propune s\u0103 ofere angaja\u021bilor \u0219i angajatorilor un avantaj competitiv pe pia\u021ba for\u021bei de munc\u0103 aflat\u0103 \u00een continu\u0103 schimbare.","og_url":"https:\/\/indice.ro\/index.php\/proiecte-peo-2021-2027\/pasfor-parteneri-activi-social-pentru-formare-smis-310570\/","og_site_name":"Indice Consulting","article_modified_time":"2024-10-18T08:24:56+00:00","twitter_card":"summary_large_image","twitter_misc":{"Est. reading time":"1 minute"},"schema":{"@context":"https:\/\/schema.org","@graph":[{"@type":"WebPage","@id":"https:\/\/indice.ro\/index.php\/proiecte-peo-2021-2027\/pasfor-parteneri-activi-social-pentru-formare-smis-310570\/","url":"https:\/\/indice.ro\/index.php\/proiecte-peo-2021-2027\/pasfor-parteneri-activi-social-pentru-formare-smis-310570\/","name":"PASFOR \u2013 Parteneri Activi Social pentru Formare, SMIS 310570 - Indice Consulting","isPartOf":{"@id":"https:\/\/indice.ro\/#website"},"datePublished":"2024-10-17T11:57:17+00:00","dateModified":"2024-10-18T08:24:56+00:00","breadcrumb":{"@id":"https:\/\/indice.ro\/index.php\/proiecte-peo-2021-2027\/pasfor-parteneri-activi-social-pentru-formare-smis-310570\/#breadcrumb"},"inLanguage":"en-US","potentialAction":[{"@type":"ReadAction","target":["https:\/\/indice.ro\/index.php\/proiecte-peo-2021-2027\/pasfor-parteneri-activi-social-pentru-formare-smis-310570\/"]}]},{"@type":"BreadcrumbList","@id":"https:\/\/indice.ro\/index.php\/proiecte-peo-2021-2027\/pasfor-parteneri-activi-social-pentru-formare-smis-310570\/#breadcrumb","itemListElement":[{"@type":"ListItem","position":1,"name":"Home","item":"https:\/\/indice.ro\/"},{"@type":"ListItem","position":2,"name":"Proiecte PEO 2021-2027","item":"https:\/\/indice.ro\/index.php\/proiecte-peo-2021-2027\/"},{"@type":"ListItem","position":3,"name":"PASFOR \u2013 Parteneri Activi Social pentru Formare, SMIS 310570"}]},{"@type":"WebSite","@id":"https:\/\/indice.ro\/#website","url":"https:\/\/indice.ro\/","name":"Indice Consulting","description":"","publisher":{"@id":"https:\/\/indice.ro\/#organization"},"potentialAction":[{"@type":"SearchAction","target":{"@type":"EntryPoint","urlTemplate":"https:\/\/indice.ro\/?s={search_term_string}"},"query-input":{"@type":"PropertyValueSpecification","valueRequired":true,"valueName":"search_term_string"}}],"inLanguage":"en-US"},{"@type":"Organization","@id":"https:\/\/indice.ro\/#organization","name":"Indice Consulting","url":"https:\/\/indice.ro\/","logo":{"@type":"ImageObject","inLanguage":"en-US","@id":"https:\/\/indice.ro\/#\/schema\/logo\/image\/","url":"https:\/\/indice.ro\/wp-content\/uploads\/2024\/09\/logo.jpg","contentUrl":"https:\/\/indice.ro\/wp-content\/uploads\/2024\/09\/logo.jpg","width":219,"height":116,"caption":"Indice Consulting"},"image":{"@id":"https:\/\/indice.ro\/#\/schema\/logo\/image\/"}}]}},"_links":{"self":[{"href":"https:\/\/indice.ro\/index.php\/wp-json\/wp\/v2\/pages\/2381","targetHints":{"allow":["GET"]}}],"collection":[{"href":"https:\/\/indice.ro\/index.php\/wp-json\/wp\/v2\/pages"}],"about":[{"href":"https:\/\/indice.ro\/index.php\/wp-json\/wp\/v2\/types\/page"}],"author":[{"embeddable":true,"href":"https:\/\/indice.ro\/index.php\/wp-json\/wp\/v2\/users\/1"}],"replies":[{"embeddable":true,"href":"https:\/\/indice.ro\/index.php\/wp-json\/wp\/v2\/comments?post=2381"}],"version-history":[{"count":7,"href":"https:\/\/indice.ro\/index.php\/wp-json\/wp\/v2\/pages\/2381\/revisions"}],"predecessor-version":[{"id":2559,"href":"https:\/\/indice.ro\/index.php\/wp-json\/wp\/v2\/pages\/2381\/revisions\/2559"}],"up":[{"embeddable":true,"href":"https:\/\/indice.ro\/index.php\/wp-json\/wp\/v2\/pages\/2495"}],"wp:attachment":[{"href":"https:\/\/indice.ro\/index.php\/wp-json\/wp\/v2\/media?parent=2381"}],"curies":[{"name":"wp","href":"https:\/\/api.w.org\/{rel}","templated":true}]}}